{"id":9177,"date":"2025-11-14T00:00:00","date_gmt":"2025-11-13T22:00:00","guid":{"rendered":"https:\/\/www.radar-shop.eu\/?post_type=product&#038;p=9177"},"modified":"2025-11-14T11:31:54","modified_gmt":"2025-11-14T09:31:54","slug":"detector-de-radar-valentine-one-v1-gen2","status":"publish","type":"product","link":"https:\/\/www.radar-shop.eu\/es\/producto\/detector-de-radar-valentine-one-v1-gen2\/","title":{"rendered":"Detector de Radar Valentine One V1 Gen2"},"content":{"rendered":"<p><strong><img loading=\"lazy\" decoding=\"async\" class=\" wp-image-9174 alignright\" src=\"https:\/\/www.radar-shop.eu\/wp-content\/uploads\/valentine-gen2-logo.png\" alt=\"valentine1-gen2\" width=\"265\" height=\"59\" srcset=\"https:\/\/www.radar-shop.eu\/wp-content\/uploads\/valentine-gen2-logo.png 377w, https:\/\/www.radar-shop.eu\/wp-content\/uploads\/valentine-gen2-logo-300x67.png 300w\" sizes=\"auto, (max-width: 265px) 100vw, 265px\" \/>Valentine One V1 Gen2 <\/strong>es un instrumento de seguridad completamente nuevo que supera por un claro margen incluso la versi\u00f3n m\u00e1s evolucionada de V1. En el interior de la nueva caja de magnesio hay un motor de b\u00fasqueda por radar totalmente nuevo y patentado, adaptado a partir de un concepto utilizado por los radares militares CHIRP para encontrar objetivos m\u00e1s d\u00e9biles m\u00e1s lejos con mayor precisi\u00f3n. El alcance de la banda Ka es impresionantemente mejor en el Valentine One V1 Gen2. El alcance de la banda K tambi\u00e9n se ha mejorado. Las nuevas tecnolog\u00edas SAW-D2L y LNA permiten este aumento sustancial del alcance respecto a la V1 tradicional, a la vez que proporcionan un gran avance en el sigilo.<\/p>\n<style>.ewd-ufaq-faq-header-title a { color: #14137b !important; }div.ewd-ufaq-faq-title h3 { font-family: Roboto Condensed !important; }div.ewd-ufaq-faq-title h3 { color: #14137b !important; }div.ewd-ufaq-faq-post p { font-family: Roboto Condensed !important; }div.ewd-ufaq-faq-post p { font-size: 16px !important; }div.ewd-ufaq-author-date { font-family: Roboto Condensed !important; }div.ewd-ufaq-faq-category-title h3 { font-family: Roboto Condensed !important; }div.ewd-ufaq-faq-categories, div.ewd-ufaq-faq-tags { font-family: Roboto Condensed !important; }<\/style><div  class=\"ewd-ufaq-faq-list ewd-ufaq-page-type-load_more ewd-ufaq-category-tabs-\" id='ewd-ufaq-faq-list'>\n\n\t<input type='hidden' name='show_on_load' value='' id='ewd-ufaq-show-on-load' \/>\n<input type='hidden' name='include_category' value='valentine-one' id='ewd-ufaq-include-category' \/>\n<input type='hidden' name='exclude_category' value='' id='ewd-ufaq-exclude-category' \/>\n<input type='hidden' name='orderby' value='date' id='ewd-ufaq-orderby' \/>\n<input type='hidden' name='order' value='desc' id='ewd-ufaq-order' \/>\n<input type='hidden' name='post_count' value='-1' id='ewd-ufaq-post-count' \/>\n<input type='hidden' name='current_url' value='\/es\/wp-json\/wp\/v2\/product\/9177' id='ewd-ufaq-current-url' \/>\n\t\n\t\n\t<div class='ewd-ufaq-faqs'>\n\n\t\t\n\t<\/div>\n\n\t\n<\/div>\n<p>&nbsp;<\/p>\n<p><img loading=\"lazy\" decoding=\"async\" class=\"aligncenter size-full wp-image-4454\" src=\"https:\/\/www.radar-shop.eu\/wp-content\/uploads\/Valentine-One-V1-Gen2.jpg\" alt=\"Valentine One V1 Gen2\" width=\"1000\" height=\"668\" srcset=\"https:\/\/www.radar-shop.eu\/wp-content\/uploads\/Valentine-One-V1-Gen2.jpg 1000w, https:\/\/www.radar-shop.eu\/wp-content\/uploads\/Valentine-One-V1-Gen2-300x200.jpg 300w, https:\/\/www.radar-shop.eu\/wp-content\/uploads\/Valentine-One-V1-Gen2-768x513.jpg 768w, https:\/\/www.radar-shop.eu\/wp-content\/uploads\/Valentine-One-V1-Gen2-750x500.jpg 750w, https:\/\/www.radar-shop.eu\/wp-content\/uploads\/Valentine-One-V1-Gen2-555x371.jpg 555w\" sizes=\"auto, (max-width: 1000px) 100vw, 1000px\" \/><\/p>\n<div>\n<h2><strong>Valentine One V1 Gen2 &#8211; \u00bfQu\u00e9 incluye?<\/strong><\/h2>\n<ul>\n<li style=\"list-style-type: none;\">\n<ul>\n<li><strong>Detector de Radar Valentine One Gen2<br \/>\n<\/strong><\/li>\n<li><strong>Gu\u00eda de inicio r\u00e1pido<br \/>\n<\/strong><\/li>\n<li><strong>Montaje del parabrisas<br \/>\n<\/strong><\/li>\n<li><strong>El Monte de la Visera<br \/>\n<\/strong><\/li>\n<li><strong>Cable de alimentaci\u00f3n, enrollado<br \/>\n<\/strong><\/li>\n<li><strong>Cable de alimentaci\u00f3n, recto<br \/>\n<\/strong><\/li>\n<li><strong>Adaptador de encendedor<br \/>\n<\/strong><\/li>\n<li><strong>Adaptador de cable directo<br \/>\n<\/strong><\/li>\n<li><strong>Conector del arn\u00e9s de cables<br \/>\n<\/strong><\/li>\n<li><strong>Fusible de repuesto<\/strong><\/li>\n<\/ul>\n<\/li>\n<\/ul>\n<p>&nbsp;<\/p>\n<p><strong>Valentine One V1 Gen2<\/strong> introduce la tecnolog\u00eda K-Verifier para mejorar la resistencia a los sistemas de detecci\u00f3n de puntos ciegos en los nuevos coches y para reducir las falsas alarmas de los abridores autom\u00e1ticos de las puertas de las tiendas. El Bluetooth 5.0 incorporado permite una conexi\u00f3n inal\u00e1mbrica con sus tel\u00e9fonos inteligentes y tabletas Apple o Android. La aplicaci\u00f3n gratuita V1Connection se ejecutar\u00e1 en su dispositivo, ofreci\u00e9ndole una nueva y revolucionaria forma de analizar el flujo de informaci\u00f3n sobre amenazas en vivo que fluye desde la V1 Gen2. Tambi\u00e9n tendr\u00e1s acceso a futuras actualizaciones de firmware.<\/p>\n<\/div>\n<div>\n<p><strong><img loading=\"lazy\" decoding=\"async\" class=\"size-full wp-image-4469 alignleft\" src=\"https:\/\/www.radar-shop.eu\/wp-content\/uploads\/V1-GEN2-app.png\" alt=\"V1 GEN2 app\" width=\"635\" height=\"690\" srcset=\"https:\/\/www.radar-shop.eu\/wp-content\/uploads\/V1-GEN2-app.png 635w, https:\/\/www.radar-shop.eu\/wp-content\/uploads\/V1-GEN2-app-276x300.png 276w, https:\/\/www.radar-shop.eu\/wp-content\/uploads\/V1-GEN2-app-555x603.png 555w\" sizes=\"auto, (max-width: 635px) 100vw, 635px\" \/><\/strong><\/p>\n<p>Nueva tecnolog\u00eda de LNA:\u00a0La \u00fanica forma de ampliar el alcance es detectar se\u00f1ales cada vez m\u00e1s d\u00e9biles. Piensa en el LNA como un amplificador de se\u00f1ales.<\/p>\n<p>El LNA tiene otro beneficio: act\u00faa como una v\u00e1lvula unidireccional, atrapando la salida LO antes de que escape de la caja de magnesio de la V1 Gen2. Esa es la clave del sigilo. V1 Gen2 es pr\u00e1cticamente indetectable.<\/p>\n<p>El nuevo y patentado SAWD2L, que detecta m\u00e1s radares, a\u00f1ade exponencialmente al flujo de datos. SAWD2L aumenta la tasa de procesamiento m\u00e1s de cien veces, permitiendo a la V1 Gen2 clasificar r\u00e1pidamente las se\u00f1ales de radar de trampas de velocidad de los actuales radares de cambio de carril y de prevenci\u00f3n de accidentes.<\/p>\n<p>Superioridad de alcance<br \/>\nLa adquisici\u00f3n de se\u00f1ales d\u00e9biles del LNA que alimenta el an\u00e1lisis de alta velocidad del SAWD2L se suma a un gran avance en la alerta temprana del radar. El aumento del alcance en la banda Ka es especialmente dram\u00e1tico. Nuestro nuevo Verificador K elimina las alertas K no deseadas.<\/p>\n<p>La aplicaci\u00f3n gratuita de la V1 permite un an\u00e1lisis avanzado de amenazas, f\u00e1cil programaci\u00f3n y actualizaciones instant\u00e1neas de la V1 Gen2. La conexi\u00f3n del tel\u00e9fono inteligente v\u00eda Bluetooth est\u00e1 incorporada.<\/p>\n<p>&nbsp;<\/p>\n<p><a href=\"https:\/\/www.radar-shop.eu\/wp-content\/uploads\/V1-Gen2-Quick-Start-Guide.pdf\" target=\"_blank\" rel=\"https:\/\/www.radar-shop.eu\/wp-content\/uploads\/V1-Gen2-Quick-Start-Guide.pdf noopener noreferrer\"><img loading=\"lazy\" decoding=\"async\" class=\"alignright wp-image-9123 size-medium\" src=\"https:\/\/www.radar-shop.eu\/wp-content\/uploads\/\/V1-Gen2-Guide-300x281.jpg\" alt=\"V1 Gen2 Guide\" width=\"300\" height=\"281\" srcset=\"https:\/\/www.radar-shop.eu\/wp-content\/uploads\/V1-Gen2-Guide-300x281.jpg 300w, https:\/\/www.radar-shop.eu\/wp-content\/uploads\/V1-Gen2-Guide-555x520.jpg 555w, https:\/\/www.radar-shop.eu\/wp-content\/uploads\/V1-Gen2-Guide.jpg 600w\" sizes=\"auto, (max-width: 300px) 100vw, 300px\" \/><\/a><\/p>\n<p>&nbsp;<\/p>\n<p><a href=\"https:\/\/www.radar-shop.eu\/wp-content\/uploads\/V1-Gen2-Quick-Start-Guide.pdf\">V1-Gen2-Gu\u00eda de inicio r\u00e1pido<\/a><\/p>\n<\/div>\n<p>&nbsp;<\/p>\n<p>&nbsp;<\/p>\n<p>&nbsp;<\/p>\n<p>&nbsp;<\/p>\n<p>&nbsp;<\/p>\n<p>&nbsp;<\/p>\n<p><iframe loading=\"lazy\" src=\"https:\/\/www.youtube.com\/embed\/Gy9L7n7cmTk\" width=\"1131\" height=\"636\" frameborder=\"0\" allowfullscreen=\"allowfullscreen\" data-mce-fragment=\"1\"><\/iframe><\/p>\n","protected":false},"excerpt":{"rendered":"<p><a href=\"https:\/\/www.radar-shop.eu\/speed-radar-camera-detector-comparison\/\"><strong>GU\u00cdA DE COMPRA: EL MEJOR DETECTOR DE RADAR<\/strong><\/a><\/p>\n<ul>\n<li>El detector de radar Valentine One V1 Gen2 introduce la tecnolog\u00eda K-Verifier para mejorar la resistencia a los sistemas de detecci\u00f3n de puntos ciegos en los nuevos coches y para reducir las falsas alarmas de los abridores autom\u00e1ticos de las puertas de las tiendas.<\/li>\n<li>El Bluetooth 5.0 incorporado permite una conexi\u00f3n inal\u00e1mbrica con tus tel\u00e9fonos inteligentes y tabletas Apple o Android.<\/li>\n<li>La aplicaci\u00f3n Valentine V1Connection se ejecutar\u00e1 en tu dispositivo, ofreci\u00e9ndote una nueva y revolucionaria forma de analizar el flujo en directo de la informaci\u00f3n sobre amenazas que fluye de la V1 Gen2. Tambi\u00e9n tendr\u00e1s acceso a futuras actualizaciones de firmware.<\/li>\n<\/ul>\n","protected":false},"featured_media":4587,"comment_status":"closed","ping_status":"closed","template":"","meta":[],"product_brand":[],"product_cat":[713],"product_tag":[],"class_list":{"0":"post-9177","1":"product","2":"type-product","3":"status-publish","4":"has-post-thumbnail","6":"product_cat-uncategorized-es","8":"first","9":"onbackorder","10":"sale","11":"taxable","12":"shipping-taxable","13":"purchasable","14":"product-type-simple"},"jetpack_sharing_enabled":true,"_links":{"self":[{"href":"https:\/\/www.radar-shop.eu\/es\/wp-json\/wp\/v2\/product\/9177","targetHints":{"allow":["GET"]}}],"collection":[{"href":"https:\/\/www.radar-shop.eu\/es\/wp-json\/wp\/v2\/product"}],"about":[{"href":"https:\/\/www.radar-shop.eu\/es\/wp-json\/wp\/v2\/types\/product"}],"replies":[{"embeddable":true,"href":"https:\/\/www.radar-shop.eu\/es\/wp-json\/wp\/v2\/comments?post=9177"}],"wp:featuredmedia":[{"embeddable":true,"href":"https:\/\/www.radar-shop.eu\/es\/wp-json\/wp\/v2\/media\/4587"}],"wp:attachment":[{"href":"https:\/\/www.radar-shop.eu\/es\/wp-json\/wp\/v2\/media?parent=9177"}],"wp:term":[{"taxonomy":"product_brand","embeddable":true,"href":"https:\/\/www.radar-shop.eu\/es\/wp-json\/wp\/v2\/product_brand?post=9177"},{"taxonomy":"product_cat","embeddable":true,"href":"https:\/\/www.radar-shop.eu\/es\/wp-json\/wp\/v2\/product_cat?post=9177"},{"taxonomy":"product_tag","embeddable":true,"href":"https:\/\/www.radar-shop.eu\/es\/wp-json\/wp\/v2\/product_tag?post=9177"}],"curies":[{"name":"wp","href":"https:\/\/api.w.org\/{rel}","templated":true}]}}