{"id":8837,"date":"2017-03-16T20:15:57","date_gmt":"2020-10-06T11:51:17","guid":{"rendered":"https:\/\/www.radar-shop.eu\/?post_type=product&#038;p=8837"},"modified":"2022-11-09T23:07:45","modified_gmt":"2022-11-09T21:07:45","slug":"installacion-detectores-radares","status":"publish","type":"product","link":"https:\/\/www.radar-shop.eu\/es\/producto\/installacion-detectores-radares\/","title":{"rendered":"INSTALLACION DETECTORES RADARES"},"content":{"rendered":"<p align=\"justify\">Si le interesa existe la posibilidad de instalaci\u00f3n de forma discreta por un mec\u00e1nico profesional experto en la instalaci\u00f3n de estos aparatos en Heidelberg y adapt\u00e1ndose a un horario flexible (normalmente viernes por la tarde o fines de semana). El tiempo de montaje es, normalmente, de 5-6 horas aunque puede ser un poco m\u00e1s en coches ex\u00f3ticos. Naturalmente, el t\u00e9cnico consultar\u00e1 previamente con usted los detalles de la instalaci\u00f3n de forma que pueda tener una imagen de como se vera finalmente la instalaci\u00f3n. El taller est\u00e1 ubicado en Heidelberg y puede utilizar el tiempo de instalaci\u00f3n para efectuar una visita a la ciudad. Muchos clientes les encanta esta posibilidad. En contados casos hay dificultades para su instalaci\u00f3n como, por ejemplo, que no haya suficiente espacio para la instalaci\u00f3n del detector de radar en la parte frontal o que el desmontaje de partes de la carrocer\u00eda hiciera necesaria varias horas de trabajo o la utilizaci\u00f3n de herramientas especiales.<\/p>\n<h2 align=\"justify\">A petici\u00f3n, los detectores de radar &#8211; instalados por nuestros t\u00e9cnicos automotrices profesionales en Heidelberg, Alemania. El trabajo se lleva a cabo de forma discreta y con flexibilidad. Arreglamos una cita. Hablar con nosotros &#8211; una instalaci\u00f3n discreta del detector de radar y perturbador l\u00e1ser de acuerdo a sus deseos.<\/h2>\n<p><iframe loading=\"lazy\" src=\"https:\/\/www.youtube.com\/embed\/YAhTynQdl8k?ecver=1\" width=\"780\" height=\"439\" frameborder=\"0\" allowfullscreen=\"allowfullscreen\" data-mce-fragment=\"1\"><\/iframe><\/p>\n<p><iframe loading=\"lazy\" src=\"https:\/\/www.youtube.com\/embed\/_9MutDC3w5c?ecver=1\" width=\"780\" height=\"439\" frameborder=\"0\" allowfullscreen=\"allowfullscreen\" data-mce-fragment=\"1\"><\/iframe><\/p>\n<p><iframe loading=\"lazy\" src=\"https:\/\/www.youtube.com\/embed\/ydaX_y56suo?ecver=1\" width=\"780\" height=\"439\" frameborder=\"0\" allowfullscreen=\"allowfullscreen\" data-mce-fragment=\"1\"><\/iframe><\/p>\n<p><iframe loading=\"lazy\" src=\"https:\/\/www.youtube.com\/embed\/NX5yUN2bAd8?ecver=1\" width=\"780\" height=\"439\" frameborder=\"0\" allowfullscreen=\"allowfullscreen\" data-mce-fragment=\"1\"><\/iframe><\/p>\n<p><iframe loading=\"lazy\" src=\"https:\/\/www.youtube.com\/embed\/l1Uagmjogv0?ecver=1\" width=\"780\" height=\"439\" frameborder=\"0\" allowfullscreen=\"allowfullscreen\" data-mce-fragment=\"1\"><\/iframe><\/p>\n<p><iframe loading=\"lazy\" src=\"https:\/\/www.youtube.com\/embed\/XDNiYDpsLg4?ecver=1\" width=\"780\" height=\"439\" frameborder=\"0\" allowfullscreen=\"allowfullscreen\" data-mce-fragment=\"1\"><\/iframe><\/p>\n<p><iframe loading=\"lazy\" src=\"https:\/\/www.youtube.com\/embed\/p_V_sDWp2kk?ecver=1\" width=\"780\" height=\"439\" frameborder=\"0\" allowfullscreen=\"allowfullscreen\" data-mce-fragment=\"1\"><\/iframe><\/p>\n<p><iframe loading=\"lazy\" src=\"https:\/\/www.youtube.com\/embed\/0U3DSBzId6c?ecver=1\" width=\"780\" height=\"439\" frameborder=\"0\" allowfullscreen=\"allowfullscreen\" data-mce-fragment=\"1\"><\/iframe><\/p>\n<p><iframe loading=\"lazy\" src=\"https:\/\/www.youtube.com\/embed\/NtM4ooiWB4c?ecver=1\" width=\"780\" height=\"439\" frameborder=\"0\" allowfullscreen=\"allowfullscreen\" data-mce-fragment=\"1\"><\/iframe><\/p>\n<p><iframe loading=\"lazy\" src=\"https:\/\/www.youtube.com\/embed\/fzuRxbFNzWU?ecver=1\" width=\"780\" height=\"439\" frameborder=\"0\" allowfullscreen=\"allowfullscreen\" data-mce-fragment=\"1\"><\/iframe><\/p>\n<p><iframe loading=\"lazy\" src=\"https:\/\/www.youtube.com\/embed\/syhjwK5g214?ecver=1\" width=\"780\" height=\"439\" frameborder=\"0\" allowfullscreen=\"allowfullscreen\" data-mce-fragment=\"1\"><\/iframe><\/p>\n<p><iframe loading=\"lazy\" src=\"https:\/\/www.youtube.com\/embed\/KuuVucwuMjY?ecver=1\" width=\"780\" height=\"439\" frameborder=\"0\" allowfullscreen=\"allowfullscreen\" data-mce-fragment=\"1\"><\/iframe><\/p>\n<p><iframe loading=\"lazy\" src=\"https:\/\/www.youtube.com\/embed\/v8111oODoDw?ecver=1\" width=\"780\" height=\"439\" frameborder=\"0\" allowfullscreen=\"allowfullscreen\" data-mce-fragment=\"1\"><\/iframe><\/p>\n<p><iframe loading=\"lazy\" src=\"https:\/\/www.youtube.com\/embed\/3sC3XO2CT_8?ecver=1\" width=\"780\" height=\"439\" frameborder=\"0\" allowfullscreen=\"allowfullscreen\" data-mce-fragment=\"1\"><\/iframe><\/p>\n<p><iframe loading=\"lazy\" src=\"https:\/\/www.youtube.com\/embed\/wvuloHyRQrQ?ecver=1\" width=\"780\" height=\"439\" frameborder=\"0\" allowfullscreen=\"allowfullscreen\" data-mce-fragment=\"1\"><\/iframe><\/p>\n<p><iframe loading=\"lazy\" src=\"https:\/\/www.youtube.com\/embed\/RcxnK8w23h0?ecver=1\" width=\"780\" height=\"439\" frameborder=\"0\" allowfullscreen=\"allowfullscreen\" data-mce-fragment=\"1\"><\/iframe><\/p>\n","protected":false},"excerpt":{"rendered":"<p><strong>A petici\u00f3n, los detectores de radar<\/strong> &#8211; instalados por nuestros t\u00e9cnicos automotrices profesionales en Heidelberg, Alemania o tambi\u00e9n en Espa\u00f1a. El trabajo se lleva a cabo de forma discreta y con flexibilidad. Arreglamos una cita. Hablar con nosotros &#8211; una instalaci\u00f3n discreta del detector de radar y perturbador l\u00e1ser de acuerdo a sus deseos.<\/p>\n","protected":false},"featured_media":617,"comment_status":"open","ping_status":"closed","template":"","meta":[],"product_brand":[],"product_cat":[163,172],"product_tag":[],"class_list":{"0":"post-8837","1":"product","2":"type-product","3":"status-publish","4":"has-post-thumbnail","6":"product_cat-detectores-radar-oculto","7":"product_cat-detectores-radares-soluciones-completas","9":"first","10":"instock","11":"taxable","12":"shipping-taxable","13":"purchasable","14":"product-type-simple"},"jetpack_sharing_enabled":true,"_links":{"self":[{"href":"https:\/\/www.radar-shop.eu\/es\/wp-json\/wp\/v2\/product\/8837","targetHints":{"allow":["GET"]}}],"collection":[{"href":"https:\/\/www.radar-shop.eu\/es\/wp-json\/wp\/v2\/product"}],"about":[{"href":"https:\/\/www.radar-shop.eu\/es\/wp-json\/wp\/v2\/types\/product"}],"replies":[{"embeddable":true,"href":"https:\/\/www.radar-shop.eu\/es\/wp-json\/wp\/v2\/comments?post=8837"}],"wp:featuredmedia":[{"embeddable":true,"href":"https:\/\/www.radar-shop.eu\/es\/wp-json\/wp\/v2\/media\/617"}],"wp:attachment":[{"href":"https:\/\/www.radar-shop.eu\/es\/wp-json\/wp\/v2\/media?parent=8837"}],"wp:term":[{"taxonomy":"product_brand","embeddable":true,"href":"https:\/\/www.radar-shop.eu\/es\/wp-json\/wp\/v2\/product_brand?post=8837"},{"taxonomy":"product_cat","embeddable":true,"href":"https:\/\/www.radar-shop.eu\/es\/wp-json\/wp\/v2\/product_cat?post=8837"},{"taxonomy":"product_tag","embeddable":true,"href":"https:\/\/www.radar-shop.eu\/es\/wp-json\/wp\/v2\/product_tag?post=8837"}],"curies":[{"name":"wp","href":"https:\/\/api.w.org\/{rel}","templated":true}]}}