{"id":833,"date":"2022-11-12T12:38:58","date_gmt":"2018-03-10T00:38:58","guid":{"rendered":"https:\/\/www.radar-shop.eu\/produkt\/unkategorisiert\/whistler-gt-468-xri-euro-gps-poi-lifetime\/"},"modified":"2026-03-01T12:52:09","modified_gmt":"2026-03-01T10:52:09","slug":"whistler-gt-468-gxi-euro-gps-actualizaciones","status":"publish","type":"product","link":"https:\/\/www.radar-shop.eu\/es\/producto\/whistler-gt-468-gxi-euro-gps-actualizaciones\/","title":{"rendered":"WHISTLER GT-468GXi GPS &#038; actualizaciones de por vida"},"content":{"rendered":"<p style=\"font-weight: 400;\">El Whistler GT-468GXi GPS Euro l\u00e1ser detector de radar es el detector de la parte superior de la nueva l\u00ednea de Internacional de Whistler. En comparaci\u00f3n con modelos como el Pro-68SE, el Whistler 468GXi fue dise\u00f1ado espec\u00edficamente para detectar armas de fuego europeas l\u00e1ser. Este modelo de alto rendimiento tiene un rango de detecci\u00f3n adicional para la alerta avanzada, junto con Ka ESTRECHO modo Plus que s\u00f3lo se ver\u00e1 en las frecuencias siguientes: Ka 34,0 GHz, 34,3 GHz y 35,5.<\/p>\n<p style=\"font-weight: 400;\">\n<ul style=\"font-weight: 400;\">\n<li>Sucesor del detector radar y laser : \u201cWhistler 948 Euro\u201d<\/li>\n<li>Conocido y probado detector de radar\/l\u00e1ser\/GPS para usar en toda Europa<\/li>\n<li>Display de LED (muestra la banda de frecuencia y la intensidad de la se\u00f1al)<\/li>\n<li>High Gain Lens (logra un mayor rango de barrido)<\/li>\n<li>Protecci\u00f3n total de 360\u00b0 (monitorea hacia adelante, a los costados y hacia atr\u00e1s)<\/li>\n<li>Modos Quiet \/ AutoQuiet (reduce la alarma ac\u00fastica mientras la alarma \u00f3ptica sigue activa)<\/li>\n<li>Modo Ciudad (reduce los errores debidos a falsas alarmas)<\/li>\n<li>Economizador de bater\u00eda (desconecta autom\u00e1ticamente el equipo)<\/li>\n<li>Alert Priority (se muestra la fuente de alarma m\u00e1s intensa)<\/li>\n<li>Modo Dim \/ Dark (reduce el brillo del display)<\/li>\n<li>Regulaci\u00f3n de volumen<\/li>\n<li>Secuencia Auto Start-up<\/li>\n<li>\u00a1Imposible de localizar por medios electr\u00f3nicos!<\/li>\n<li>\u00a1Estupenda relaci\u00f3n precio-calidad!<\/li>\n<\/ul>\n<p>El alto rendimiento mejorado proporciona un rango de detecci\u00f3n adicional para la advertencia avanzada<br \/>\nKa estrecho, m\u00e1s de moda se ve s\u00f3lo para las siguientes frecuencias Ka: 34,0 GHz, 34,3 GHz y 35,5 GHz<\/p>\n<p>Detecta pistolas l\u00e1ser europeos (Traffi patrulla XR, Riegl, Jenoptik, Laveg, TruSpeed \u200b\u200by m\u00e1s) modos l\u00e1ser ajustables permitir la selecci\u00f3n adaptable de m\u00faltiples tasas de pulso Incluyendo TraffiPatrol XR, LISD, y pistolas l\u00e1ser con modos de sigilo<\/p>\n<p>Whistler radar exclkusive firma ID (RSID) radar de banda Ka identifi que indica Ka 33,8, 34,0, 34,3, 34,7 y 35,5 en las alertas de radar de la polic\u00eda MostrarCuando se detectan dentro de tesis comunes INDOWS radar de velocidad Ka. Las alertas que quedan fuera de estos par\u00e1metros se informar\u00e1n como Ka. Todas las alertas de Ka se deben tratar con precauci\u00f3n.<\/p>\n<p>ID de firma de l\u00e1ser exclusivo de Whistler (LSID) indica el pulso promedio por segundo (PPS)<\/p>\n<p>La pantalla de texto azul oled proporciona mejor contraste, brillo y color. Muestra las alertas detectadas, los modos activados y la intensidad de la se\u00f1al digital en formato de texto (es decir, HIGHWAY o Ka9)<\/p>\n<p>Los modos de filtro Ka proporcionan 3 niveles de procesamiento de se\u00f1al adicional para reducir las falsas alertas causadas por algunos detectores de radar<\/p>\n<p>Las alertas de voz real\u00ae proporcionan alertas verbales para los modos seleccionados y recibidos, incluidas las frecuencias de RSID, lo que le permite mantener la vista en el camino.<br \/>\nDetecci\u00f3n de modo POP \u2122 La capacidad de detecci\u00f3n de velocidad avanzada responde a r\u00e1fagas breves de radar<\/p>\n<p>Los LED de periscopio de alerta en la parte superior de la unidad proporcionan una alerta visual adicional<br \/>\nDetecta la cobertura Maxx 360 entre 3 modos de ciudad delantera y trasera, los laterales y (Ciudad, Ciudad 1, Ciudad 2) reducir la molestia de falsas alertas<\/p>\n<p>La lente de alta ganancia proporciona un mayor campo de visi\u00f3n, lo que significa un mejor alcance<br \/>\nLa banda seleccionable permite que bandas espec\u00edficas permanezcan sintonizadas Mant\u00e9ngase alerta La caracter\u00edstica exclusiva de Whistler que prueba su estado de alerta en viajes largos<\/p>\n<p>Los modos autom\u00e1tico oscuro \/ oscuro reducen la iluminaci\u00f3n de la pantalla.<\/p>\n<p>Silencio \/ silencio silencioso de modo de silencio del coche<\/p>\n<p>La prioridad de alerta muestra la se\u00f1al m\u00e1s importante<\/p>\n","protected":false},"excerpt":{"rendered":"<p><span style=\"color: #003366;\"><strong>RADAR-SHOP.EU RECOMENDACI\u00d3N!<\/strong><\/span><\/p>\n<ul>\n<li>Protecci\u00f3n total de 360\u00b0 (monitorea hacia adelante, a los costados y hacia atr\u00e1s)<\/li>\n<li>Modos Quiet \/ AutoQuiet (reduce la alarma ac\u00fastica mientras la alarma \u00f3ptica sigue activa)<\/li>\n<li>Modo Ciudad (reduce los errores debidos a falsas alarmas)<\/li>\n<li>Economizador de bater\u00eda (desconecta autom\u00e1ticamente el equipo)<\/li>\n<li>Alert Priority (se muestra la fuente de alarma m\u00e1s intensa)<\/li>\n<li>Modo Dim \/ Dark (reduce el brillo del display)<\/li>\n<li>\u00a1Imposible de localizar por medios electr\u00f3nicos!<\/li>\n<li>\u00a1Estupenda relaci\u00f3n precio-calidad!<\/li>\n<\/ul>\n","protected":false},"featured_media":574,"comment_status":"open","ping_status":"closed","template":"","meta":[],"product_brand":[],"product_cat":[174,197,120],"product_tag":[],"class_list":{"0":"post-833","1":"product","2":"type-product","3":"status-publish","4":"has-post-thumbnail","6":"product_cat-detector-radar-en-la-cabina","7":"product_cat-muy-recomendable","8":"product_cat-whistler-es","9":"product_shipping_class-envio-gratuito","11":"first","12":"instock","13":"sale","14":"featured","15":"taxable","16":"shipping-taxable","17":"purchasable","18":"product-type-simple"},"jetpack_sharing_enabled":true,"_links":{"self":[{"href":"https:\/\/www.radar-shop.eu\/es\/wp-json\/wp\/v2\/product\/833","targetHints":{"allow":["GET"]}}],"collection":[{"href":"https:\/\/www.radar-shop.eu\/es\/wp-json\/wp\/v2\/product"}],"about":[{"href":"https:\/\/www.radar-shop.eu\/es\/wp-json\/wp\/v2\/types\/product"}],"replies":[{"embeddable":true,"href":"https:\/\/www.radar-shop.eu\/es\/wp-json\/wp\/v2\/comments?post=833"}],"wp:featuredmedia":[{"embeddable":true,"href":"https:\/\/www.radar-shop.eu\/es\/wp-json\/wp\/v2\/media\/574"}],"wp:attachment":[{"href":"https:\/\/www.radar-shop.eu\/es\/wp-json\/wp\/v2\/media?parent=833"}],"wp:term":[{"taxonomy":"product_brand","embeddable":true,"href":"https:\/\/www.radar-shop.eu\/es\/wp-json\/wp\/v2\/product_brand?post=833"},{"taxonomy":"product_cat","embeddable":true,"href":"https:\/\/www.radar-shop.eu\/es\/wp-json\/wp\/v2\/product_cat?post=833"},{"taxonomy":"product_tag","embeddable":true,"href":"https:\/\/www.radar-shop.eu\/es\/wp-json\/wp\/v2\/product_tag?post=833"}],"curies":[{"name":"wp","href":"https:\/\/api.w.org\/{rel}","templated":true}]}}