{"id":814,"date":"2018-03-12T13:11:31","date_gmt":"2018-03-12T13:11:31","guid":{"rendered":"https:\/\/www.radar-shop.eu\/?post_type=product&#038;p=814\/"},"modified":"2023-12-03T06:05:46","modified_gmt":"2023-12-03T04:05:46","slug":"genevo-one-m-esp","status":"publish","type":"product","link":"https:\/\/www.radar-shop.eu\/es\/producto\/genevo-one-m-esp\/","title":{"rendered":"Genevo One M (ESP) Detector de radar port\u00e1til\u00a0"},"content":{"rendered":"<p><strong>El\u00a0detector de radar port\u00e1til Genevo ONE M<\/strong>, reci\u00e9n llegado al mercado pero pisando muy fuerte, ofrece unas\u00a0distancias de detecci\u00f3n fabulosas\u00a0en la detecci\u00f3n de los radares de tr\u00e1fico sin errores. Adem\u00e1s incluye detecci\u00f3n de los nuevos\u00a0radares multicarril MultaradarCD, MultaradarCT y Gatso\u00a0que no son detectados por la mayor\u00eda de los detectores actuales.<\/p>\n<p><strong>El detector de radar\u00a0Genevo ONE M\u00a0es\u00a0f\u00e1cilmente instalable y ocultable<\/strong>\u00a0gracias a su reducido tama\u00f1o (el m\u00e1s peque\u00f1o del mercado). Esmuy ligero\u00a0pero a la vez robusto y con un acabado de alta calidad.\u00a0Lente fresnel piramidal\u00a0que amplifica y canaliza la\u00a0recepci\u00f3n de microondas\u00a0procedentes de los\u00a0radares\u00a0(fijos y camuflados)\u00a0en los arcenes y cunetas\u00a0(mayores distancias de detecci\u00f3n).<\/p>\n<div class=\"product-desc\">\n<h3>Principales caracter\u00edsticas Genevo ONE M:<\/h3>\n<ul>\n<li>Carcasa exterior efecto met\u00e1lico.<\/li>\n<li>Display de alta calidad\u00a0y agradable a la vista con iluminaci\u00f3n naranja.<\/li>\n<li>La\u00a0mayor sensibilidad\u00a0del mercado\u00a0frente a radares MultaradarCD, MultaradarCT y Gatso.<\/li>\n<li>Men\u00fas muy sencillos\u00a0y f\u00e1ciles de usar.<\/li>\n<li>Excelente filtrado\u00a0y control de las\u00a0falsas alarmas.<\/li>\n<li>La\u00a0base de datos GPS\u00a0m\u00e1s precisa de toda Europa.<\/li>\n<li>Actualizaciones de Firmware\u00a0y base de datos a trav\u00e9s de Internet.<\/li>\n<li>Soporte horizontal de ventosas y cable de alimentaci\u00f3n incluidos.<\/li>\n<li>Base de datos Europea\u00a0totalmente gratuita.<\/li>\n<li>Indetectable<\/li>\n<\/ul>\n<p>&nbsp;<\/p>\n<p><strong>Informaci\u00f3n adicional<\/strong><\/p>\n<ul>\n<li>Banda K MTR\n<ul>\n<li>Multaradar CD<\/li>\n<li>Multaradar CT<\/li>\n<li>Gatso<\/li>\n<\/ul>\n<\/li>\n<\/ul>\n<ul>\n<li>Banda Ka ancha (33.4 GHz ~ 36.0 GHz) o acotada seg\u00fan configuraci\u00f3n: 4\u00a0tramos\n<ul>\n<li>Ka1 (34,0GHz \u00b1 120MHz)<\/li>\n<li>Ka2 (34,3GHz \u00b1 120MHz)<\/li>\n<li>Ka3 (34,7GHz \u00b1 120MHz)<\/li>\n<li>Ka4 (35,5GHz \u00b1 120MHz)<\/li>\n<\/ul>\n<\/li>\n<\/ul>\n<p>Con la configuraci\u00f3n por defecto (Ka2 y Ka4) se incluyen las frecuencias de los posibles descalibrados.<\/p>\n<ul>\n<li>\u00a0Banda K ancha o acotada\n<ul>\n<li>K acotada (24.125GHz \u00b1 70MHz)<\/li>\n<li>K ancha\u00a0(24.125GHz \u00b1 150MHz)<\/li>\n<\/ul>\n<\/li>\n<\/ul>\n<\/div>\n<ul>\n<li>GPS: SiRF STAR IV<\/li>\n<\/ul>\n<ul>\n<li>Laser: 904 nm<\/li>\n<\/ul>\n","protected":false},"excerpt":{"rendered":"<p><span style=\"color: #000080;\"><strong>RADAR-SHOP.EU recomendaci\u00f3n!<\/strong><\/span><\/p>\n<p><strong>Detector de radar port\u00e1til Genevo One\u00a0M. <\/strong>El \u00fanico\u00a0detector de radar port\u00e1til\u00a0con GPS\u00a0del mercado que detecta los nuevos radares\u00a0MultaradarCD,\u00a0MultaradarCT\u00a0y\u00a0Gatso\u00a0con distancias suficientes.<\/p>\n<ul>\n<li>Excelentes distancias de detecci\u00f3n\u00a0tanto en\u00a0los nuevos radares 3D<\/li>\n<li>Avisador GPS incluido<span style=\"font-family: -apple-system, BlinkMacSystemFont, 'Segoe UI', Roboto, Oxygen-Sans, Ubuntu, Cantarell, 'Helvetica Neue', sans-serif;\">\u00a0con base\u00a0de datos de toda Europa. <\/span><\/li>\n<li><span style=\"font-family: -apple-system, BlinkMacSystemFont, 'Segoe UI', Roboto, Oxygen-Sans, Ubuntu, Cantarell, 'Helvetica Neue', sans-serif;\">En Espa\u00f1a base de datos Robser<\/span><\/li>\n<\/ul>\n","protected":false},"featured_media":308,"comment_status":"open","ping_status":"closed","template":"","meta":[],"product_brand":[],"product_cat":[174,97],"product_tag":[],"class_list":{"0":"post-814","1":"product","2":"type-product","3":"status-publish","4":"has-post-thumbnail","6":"product_cat-detector-radar-en-la-cabina","7":"product_cat-genevo-es","9":"first","10":"instock","11":"sale","12":"taxable","13":"shipping-taxable","14":"purchasable","15":"product-type-simple"},"jetpack_sharing_enabled":true,"_links":{"self":[{"href":"https:\/\/www.radar-shop.eu\/es\/wp-json\/wp\/v2\/product\/814","targetHints":{"allow":["GET"]}}],"collection":[{"href":"https:\/\/www.radar-shop.eu\/es\/wp-json\/wp\/v2\/product"}],"about":[{"href":"https:\/\/www.radar-shop.eu\/es\/wp-json\/wp\/v2\/types\/product"}],"replies":[{"embeddable":true,"href":"https:\/\/www.radar-shop.eu\/es\/wp-json\/wp\/v2\/comments?post=814"}],"wp:featuredmedia":[{"embeddable":true,"href":"https:\/\/www.radar-shop.eu\/es\/wp-json\/wp\/v2\/media\/308"}],"wp:attachment":[{"href":"https:\/\/www.radar-shop.eu\/es\/wp-json\/wp\/v2\/media?parent=814"}],"wp:term":[{"taxonomy":"product_brand","embeddable":true,"href":"https:\/\/www.radar-shop.eu\/es\/wp-json\/wp\/v2\/product_brand?post=814"},{"taxonomy":"product_cat","embeddable":true,"href":"https:\/\/www.radar-shop.eu\/es\/wp-json\/wp\/v2\/product_cat?post=814"},{"taxonomy":"product_tag","embeddable":true,"href":"https:\/\/www.radar-shop.eu\/es\/wp-json\/wp\/v2\/product_tag?post=814"}],"curies":[{"name":"wp","href":"https:\/\/api.w.org\/{rel}","templated":true}]}}