{"id":811,"date":"2018-03-12T09:59:46","date_gmt":"2018-03-12T09:59:46","guid":{"rendered":"https:\/\/www.radar-shop.eu\/?post_type=product&#038;p=811\/"},"modified":"2025-09-07T03:40:09","modified_gmt":"2025-09-07T01:40:09","slug":"escort-redline-ex-international-es","status":"publish","type":"product","link":"https:\/\/www.radar-shop.eu\/es\/producto\/escort-redline-ex-international-es\/","title":{"rendered":"Escort Redline EX (International)"},"content":{"rendered":"<p><strong>Detector de radar\u00a0Escort Redline EX<\/strong>. Nuevo detector de radar port\u00e1til de Escort.<\/p>\n<p><strong>Detector de radar port\u00e1til indetectable al Spectre<\/strong> (detector de detectores de radar de la Polic\u00eda) y\u00a0detector de radares Multaradar CD(multicarril). En esta ocasi\u00f3n el\u00a0nuevo Redline\u00a0sustituye la antena tipo M3 por una versi\u00f3n mejorada denominada\u00a0M3+. Esta antena es similar a la anterior e incluye un\u00a0nuevo filtrado\u00a0denominado\u00a0IVT para reducir las falsas alarmas\u00a0antes los sistemas anti-colisi\u00f3n.<\/p>\n<p>Al contrario que con el Redline MTR, ya no hay versi\u00f3n para EEUU y versi\u00f3n para Europa, sino que se han juntado ambas versiones en un \u00fanico equipo que incluye todo.<\/p>\n<ul>\n<li>Display a color con tecnolog\u00eda OLED<\/li>\n<li>Avisador GPS integrado<\/li>\n<li>Actualizaciones base de datos de pago.<\/li>\n<li>Posibilidad de marcar falsas alarmas autom\u00e1ticamente, automute por velocidad y alerta de radares de sem\u00e1foro.<\/li>\n<li>Soporte magn\u00e9tico con ventosa de alta resistencia.<\/li>\n<li>Velocidad en tiempo real en el display.<\/li>\n<li>Filtro BSM (Blind Spot Monitor) que reduce las falsas alarmas en banda K frente a sensores anti-colisi\u00f3n.<\/li>\n<li>Indetectable ante detectores de detectores de radar (DDR) como Spectre IV y Spectre Elite.<\/li>\n<li>Disponible segmentaci\u00f3n de bandas KA y K.<\/li>\n<li>Detecci\u00f3n de radares en banda K Modulada (MultaradarCD, MultaradarCT, Gatso y Stelkra)<\/li>\n<li>Construcci\u00f3n solida y robusta al igual que el anterior Escort Redline.<\/li>\n<li>Cable de alimentaci\u00f3n para mechero con led de alerta, bot\u00f3n mute y puerto USB para recargar el tel\u00e9fono.<\/li>\n<li>Led de alerta del dispositivo configurable para mostrar colores distintos ante la detecci\u00f3n de distintas bandas.<\/li>\n<li>Incluye bluetooth que permite configurar el dispositivo desde el tel\u00e9fono y compartir alertas en tiempo real usando la nube y los datos del m\u00f3vil (actualmente en ingl\u00e9s, en mph y pies).<\/li>\n<\/ul>\n<p>&nbsp;<\/p>\n<p><strong>Informaci\u00f3n adicional<\/strong><\/p>\n<ul>\n<li>Banda K\u00a0Ancha(23.950-24.250)<\/li>\n<li>\u00a0Banda K acotada: 4 tramos<\/li>\n<li>K1 (24.050-24.110)<\/li>\n<li>K2 (24.110-24.175)<\/li>\n<li>K3 (24.175-24.250)<\/li>\n<li>K4 (23.950-24.050)<\/li>\n<li>Banda Ka Ancha (33.400-36.000)<\/li>\n<li>Banda Ka acotada: 10 tramos<\/li>\n<li>Ka1 (33.392 \u2013 33.704)<\/li>\n<li>Ka2 (33.704 \u2013 33.896)<\/li>\n<li>Ka3 (33.886 \u2013 34.198)\u00a0\u00a0 DESCALIBRADOS<\/li>\n<li>Ka4 (34.184 \u2013 34.592)\u00a0\u00a0 ESPA\u00d1A<\/li>\n<li>Ka5 (34.592 \u2013 34.808)\u00a0\u00a0 DESCALIBRADOS<\/li>\n<li>Ka6 (34.806 \u2013 35.166)<\/li>\n<li>Ka7 (34.143 \u2013 35.383)<\/li>\n<li>Ka8 (35.378 \u2013 35.618)\u00a0\u00a0 ESPA\u00d1A<\/li>\n<li>Ka9 (35.595 \u2013 35.835)<\/li>\n<li>Ka10 (35.830 \u2013 35.998)<\/li>\n<li>Banda K modulada MTR<\/li>\n<li>Multaradar CD<\/li>\n<li>Multaradar CT<\/li>\n<li>GATSO<\/li>\n<li>Stelka<\/li>\n<\/ul>\n","protected":false},"excerpt":{"rendered":"<p><strong>Detector de radar\u00a0Escort Redline EX.<\/strong> Nuevo\u00a0detector de radar port\u00e1til\u00a0fabricado por Escort.<\/p>\n<p>Detector de radar port\u00e1til\u00a0indetectable al Spectre\u00a0(detector de detectores de radar de la Polic\u00eda) y detector de\u00a0radares Multaradar CD\u00a0(multicarril). Incluye avisador GPS.<\/p>\n<ul>\n<li>Incluye detector<\/li>\n<li>soporte magn\u00e9tico con ventosa de alta resistencia<\/li>\n<li>cable de mechero y funda de transporte.<\/li>\n<\/ul>\n","protected":false},"featured_media":656,"comment_status":"open","ping_status":"closed","template":"","meta":[],"product_brand":[],"product_cat":[174,93],"product_tag":[192],"class_list":{"0":"post-811","1":"product","2":"type-product","3":"status-publish","4":"has-post-thumbnail","6":"product_cat-detector-radar-en-la-cabina","7":"product_cat-escort-radar-es","8":"product_tag-escort-radar","10":"first","11":"onbackorder","12":"sale","13":"taxable","14":"shipping-taxable","15":"purchasable","16":"product-type-simple"},"jetpack_sharing_enabled":true,"_links":{"self":[{"href":"https:\/\/www.radar-shop.eu\/es\/wp-json\/wp\/v2\/product\/811","targetHints":{"allow":["GET"]}}],"collection":[{"href":"https:\/\/www.radar-shop.eu\/es\/wp-json\/wp\/v2\/product"}],"about":[{"href":"https:\/\/www.radar-shop.eu\/es\/wp-json\/wp\/v2\/types\/product"}],"replies":[{"embeddable":true,"href":"https:\/\/www.radar-shop.eu\/es\/wp-json\/wp\/v2\/comments?post=811"}],"wp:featuredmedia":[{"embeddable":true,"href":"https:\/\/www.radar-shop.eu\/es\/wp-json\/wp\/v2\/media\/656"}],"wp:attachment":[{"href":"https:\/\/www.radar-shop.eu\/es\/wp-json\/wp\/v2\/media?parent=811"}],"wp:term":[{"taxonomy":"product_brand","embeddable":true,"href":"https:\/\/www.radar-shop.eu\/es\/wp-json\/wp\/v2\/product_brand?post=811"},{"taxonomy":"product_cat","embeddable":true,"href":"https:\/\/www.radar-shop.eu\/es\/wp-json\/wp\/v2\/product_cat?post=811"},{"taxonomy":"product_tag","embeddable":true,"href":"https:\/\/www.radar-shop.eu\/es\/wp-json\/wp\/v2\/product_tag?post=811"}],"curies":[{"name":"wp","href":"https:\/\/api.w.org\/{rel}","templated":true}]}}