{"id":704,"date":"2017-03-01T22:05:36","date_gmt":"2017-03-01T22:05:36","guid":{"rendered":"https:\/\/www.radar-shop.eu\/produkt\/unkategorisiert\/genevo-gps\/"},"modified":"2022-04-16T11:56:31","modified_gmt":"2022-04-16T09:56:31","slug":"genevo-gps","status":"publish","type":"product","link":"https:\/\/www.radar-shop.eu\/es\/producto\/genevo-gps\/","title":{"rendered":"Genevo GPS+"},"content":{"rendered":"<h4>Ventajas principales del avisador GPS de radares Genevo GPS+:<\/h4>\n<ul>\n<li>Precio sin rival<\/li>\n<li>100% legal<\/li>\n<li>Posibilidad de conexi\u00f3n inal\u00e1mbrica con antena\u00a0Genevo HD+<\/li>\n<li>Men\u00fas f\u00e1ciles de usar y navegar<\/li>\n<li>Idioma Espa\u00f1ol<\/li>\n<li>La base de datos de radares m\u00e1s precisa de toda Europa<\/li>\n<li>Actualizaciones de firmware a trav\u00e9s de Internet<\/li>\n<li>Modificado y optimizado para el mercado Europeo<\/li>\n<li>El avisador GPS m\u00e1s peque\u00f1o del mercado<\/li>\n<li>Sin fallos<\/li>\n<\/ul>\n<p>Genevo GPS+ protege a los conductores frente a las multas por exceso de velocidad de amenazas est\u00e1ticas, como radares fijos, radares de tramo y radares de sem\u00e1foro en rojo a trav\u00e9s de su propia base de datos GPS. La calidad de esta base de datos GPS es de las mejores del mercado puesto que est\u00e1 confeccionada por colaboradores de toda Europa. La base de datos se actualiza con car\u00e1cter mensual d\u00e1ndonos la mejor cobertura y protecci\u00f3n posibles.\u00a0 Para Espa\u00f1a se usa la base de datos de Robser.<\/p>\n<p>Genevo GPS+ puede ser conectada inal\u00e1mbricamente a la\u00a0antena\u00a0<a href=\"http:\/\/www.genevo.com\/en\/genevo-hd\/\">Genevo HD+<\/a>, a\u00f1adiendo de esta manera la mejor cobertura de detecci\u00f3n. B\u00e1sicamente, podemos definir el Genevo GPS+ como un avisador GPS muy completo al que se le puede a\u00f1adir la mejor antena detectora teniendo entonces un detector de radar de instalaci\u00f3n disponible para detectar todas las bandas de radar.<\/p>\n","protected":false},"excerpt":{"rendered":"<p><strong>Avisador\u00a0Genevo GPS+<\/strong>.\u00a0\u00a0Avisos de radares fijos, radares de sem\u00e1foro, radares de tramo y posibles radares camuflados (seleccionable por el usuario).\u00a0100% legal.<\/p>\n<p>Velocidad GPS en display, distancia al radar, velocidad media durante los radares de tramo, avisos por exceso de velocidad al acercarse a un radar, aviso de radar rebasado.<\/p>\n<p>Base\u00a0de datos de toda Europa. En Espa\u00f1a base de datos Robser.<\/p>\n","protected":false},"featured_media":697,"comment_status":"open","ping_status":"closed","template":"","meta":[],"product_brand":[],"product_cat":[97,167],"product_tag":[],"class_list":{"0":"post-704","1":"product","2":"type-product","3":"status-publish","4":"has-post-thumbnail","6":"product_cat-genevo-es","7":"product_cat-gps-detector-camaras-radar","9":"first","10":"instock","11":"sale","12":"taxable","13":"shipping-taxable","14":"purchasable","15":"product-type-simple"},"jetpack_sharing_enabled":true,"_links":{"self":[{"href":"https:\/\/www.radar-shop.eu\/es\/wp-json\/wp\/v2\/product\/704","targetHints":{"allow":["GET"]}}],"collection":[{"href":"https:\/\/www.radar-shop.eu\/es\/wp-json\/wp\/v2\/product"}],"about":[{"href":"https:\/\/www.radar-shop.eu\/es\/wp-json\/wp\/v2\/types\/product"}],"replies":[{"embeddable":true,"href":"https:\/\/www.radar-shop.eu\/es\/wp-json\/wp\/v2\/comments?post=704"}],"wp:featuredmedia":[{"embeddable":true,"href":"https:\/\/www.radar-shop.eu\/es\/wp-json\/wp\/v2\/media\/697"}],"wp:attachment":[{"href":"https:\/\/www.radar-shop.eu\/es\/wp-json\/wp\/v2\/media?parent=704"}],"wp:term":[{"taxonomy":"product_brand","embeddable":true,"href":"https:\/\/www.radar-shop.eu\/es\/wp-json\/wp\/v2\/product_brand?post=704"},{"taxonomy":"product_cat","embeddable":true,"href":"https:\/\/www.radar-shop.eu\/es\/wp-json\/wp\/v2\/product_cat?post=704"},{"taxonomy":"product_tag","embeddable":true,"href":"https:\/\/www.radar-shop.eu\/es\/wp-json\/wp\/v2\/product_tag?post=704"}],"curies":[{"name":"wp","href":"https:\/\/api.w.org\/{rel}","templated":true}]}}