{"id":524,"date":"2017-06-06T21:13:35","date_gmt":"2017-06-06T21:13:35","guid":{"rendered":"https:\/\/www.radar-shop.eu\/produkt\/unkategorisiert\/whistler-gt-130-xi-euro\/"},"modified":"2026-03-20T06:06:03","modified_gmt":"2026-03-20T04:06:03","slug":"whistler-gt-130-xi-euro","status":"publish","type":"product","link":"https:\/\/www.radar-shop.eu\/es\/producto\/whistler-gt-130-xi-euro\/","title":{"rendered":"WHISTLER GT-130 XI EURO"},"content":{"rendered":"<h2><strong>DETECTOR DE RADAR WHISTLER GT130XI<\/strong><\/h2>\n<ul>\n<li>Sucesor y versi\u00f3n mejorada del ya conocido y exitoso Whistler 948 Euro<\/li>\n<li>Detector de radar y detector de l\u00e1ser concebido y dise\u00f1ado para su uso en toda Europa con manual de instrucciones en alem\u00e1n<\/li>\n<li>Barrido de toda frecuencia de radar conocida<\/li>\n<li>Excelente relaci\u00f3n calidad-precio<\/li>\n<li>La pantalla de \u00edconos muestra diversos s\u00edmbolos seg\u00fan la banda de radar recibida<\/li>\n<li>Diversas alarmas ac\u00fasticas seg\u00fan la banda de radar recibida<\/li>\n<li>Protecci\u00f3n de per\u00edmetro total 360\u00b0 (barrido de todos los lados)<\/li>\n<li>Modo Quiet \/ AutoQuiet (reduce la alarma ac\u00fastica mientras que la alarma \u00f3ptica contin\u00faa activa)<\/li>\n<li>El modo ciudad (reduce la incomodidad por falsa alarma)<\/li>\n<li>Regulador de volumen<\/li>\n<li>Secuencia de arranque autom\u00e1tico<\/li>\n<li>\u00a1No se le puede interceptar electr\u00f3nicamente!<\/li>\n<li>Se conecta f\u00e1cilmente al encendedor de cigarillos (12 V)<\/li>\n<\/ul>\n","protected":false},"excerpt":{"rendered":"<p>El detector de radar Whistler GT-130 Xi euro es una econ\u00f3mica y ofrece radar m\u00f3vil y la advertencia de l\u00e1ser con un buen rango de detecci\u00f3n para su uso contra las c\u00e1maras de velocidad por radar en Espana y Portugal &#8211; orden y evitar multas y multas por velocidad. Los detectores de radar de Whistler contra de radar y l\u00e1ser.<a title=\"comprar detector radar\" href=\"http:\/\/www.radar-shop.com\/es\/PREGUNTAS-CON-FREQUENZA\/\">\u00a0<img loading=\"lazy\" decoding=\"async\" title=\"Detector de radar Whistler ideal para Espa\u00f1a\" src=\"http:\/\/www.radar-shop.com\/out\/pictures\/wysiwigpro\/detector%20de%20radar%20para%20Espana.jpg\" alt=\"Detector de radar Whistler ideal para Espa\u00f1a\" width=\"19\" height=\"13\" \/>\u00a0<img loading=\"lazy\" decoding=\"async\" title=\"Detector de radar Whistler ideal para Espa\u00f1a\" src=\"http:\/\/www.radar-shop.com\/out\/pictures\/wysiwigpro\/detector%20de%20radar%20para%20Portugal.jpg\" alt=\"Detector de radar Whistler ideal para Espa\u00f1a\" width=\"19\" height=\"13\" \/><\/a><\/p>\n","protected":false},"featured_media":337,"comment_status":"open","ping_status":"closed","template":"","meta":[],"product_brand":[],"product_cat":[174,197,120],"product_tag":[177],"class_list":{"0":"post-524","1":"product","2":"type-product","3":"status-publish","4":"has-post-thumbnail","6":"product_cat-detector-radar-en-la-cabina","7":"product_cat-muy-recomendable","8":"product_cat-whistler-es","9":"product_tag-whistler-es","11":"first","12":"instock","13":"sale","14":"taxable","15":"shipping-taxable","16":"purchasable","17":"product-type-simple"},"jetpack_sharing_enabled":true,"_links":{"self":[{"href":"https:\/\/www.radar-shop.eu\/es\/wp-json\/wp\/v2\/product\/524","targetHints":{"allow":["GET"]}}],"collection":[{"href":"https:\/\/www.radar-shop.eu\/es\/wp-json\/wp\/v2\/product"}],"about":[{"href":"https:\/\/www.radar-shop.eu\/es\/wp-json\/wp\/v2\/types\/product"}],"replies":[{"embeddable":true,"href":"https:\/\/www.radar-shop.eu\/es\/wp-json\/wp\/v2\/comments?post=524"}],"wp:featuredmedia":[{"embeddable":true,"href":"https:\/\/www.radar-shop.eu\/es\/wp-json\/wp\/v2\/media\/337"}],"wp:attachment":[{"href":"https:\/\/www.radar-shop.eu\/es\/wp-json\/wp\/v2\/media?parent=524"}],"wp:term":[{"taxonomy":"product_brand","embeddable":true,"href":"https:\/\/www.radar-shop.eu\/es\/wp-json\/wp\/v2\/product_brand?post=524"},{"taxonomy":"product_cat","embeddable":true,"href":"https:\/\/www.radar-shop.eu\/es\/wp-json\/wp\/v2\/product_cat?post=524"},{"taxonomy":"product_tag","embeddable":true,"href":"https:\/\/www.radar-shop.eu\/es\/wp-json\/wp\/v2\/product_tag?post=524"}],"curies":[{"name":"wp","href":"https:\/\/api.w.org\/{rel}","templated":true}]}}