{"id":4483,"date":"2023-02-12T11:32:07","date_gmt":"2023-02-12T09:32:07","guid":{"rendered":"https:\/\/www.radar-shop.eu\/?post_type=product&#038;p=4483"},"modified":"2025-11-14T15:50:40","modified_gmt":"2025-11-14T13:50:40","slug":"genevo-max-detector-de-radar-portatil-antiradar","status":"publish","type":"product","link":"https:\/\/www.radar-shop.eu\/es\/producto\/genevo-max-detector-de-radar-portatil-antiradar\/","title":{"rendered":"GENEVO MAX (Versi\u00f3n en espa\u00f1ol y portugu\u00e9s)"},"content":{"rendered":"<h2 style=\"font-weight: 400;\"><strong>Genevo MAX (Versi\u00f3n en espa\u00f1ol y portugu\u00e9s)<\/strong><\/h2>\n<p><strong><img loading=\"lazy\" decoding=\"async\" class=\"alignright size-shop_isle_category_thumbnail wp-image-3630\" src=\"https:\/\/www.radar-shop.eu\/wp-content\/uploads\/Genevo-MAX_7-500x500.jpg\" alt=\"Genevo Max Detector de radar port\u00e1til\" width=\"500\" height=\"500\" \/>Detector de radar port\u00e1til antiradar\u00a0Genevo MAX.\u00a0<\/strong>De fabricaci\u00f3n y dise\u00f1o europeo, Genevo MAX cuenta con una antena redise\u00f1ada para incrementar la sensibilidad frente a los radares en\u00a0banda K modulada de baja emisi\u00f3n\u00a0(Multaradar CD, Mutaradar CT, Gatso RT3 y Gatso RT4). Gracias a ello se busca poder poder\u00a0captar el primer rebote\u00a0disponible\u00a0maximizando las distancias\u00a0de detecci\u00f3n.<\/p>\n<p><strong>Este\u00a0detector de radar port\u00e1til\u00a0<\/strong>ofrece unas\u00a0distancias de detecci\u00f3n fabulosas\u00a0en la detecci\u00f3n de los radares de tr\u00e1fico sin errores. Esta detecci\u00f3n se complementa con un\u00a0avisador GPS de alta precisi\u00f3n\u00a0para aquellos radares indetectables (radares de tramo, de inducci\u00f3n, de sem\u00e1foro\u2026).<\/p>\n<p>El detector de radar\u00a0Genevo MAX\u00a0es\u00a0f\u00e1cilmente instalable y ocultable\u00a0gracias a su reducido tama\u00f1o. Es\u00a0muy ligero\u00a0pero a la vez robusto y con un acabado de alta calidad.<\/p>\n<p>Lente fresnel piramidal\u00a0que amplifica y canaliza la\u00a0recepci\u00f3n de microondas\u00a0procedentes de los\u00a0radares\u00a0(fijos y camuflados)\u00a0en los arcenes y cunetas\u00a0(mayores distancias de detecci\u00f3n).<\/p>\n<p>Incluye salida minijack. Ideal para su uso en motocicletas conectando auriculares o un emisor Bluetooth.<\/p>\n<h3>GENEVO MAX &amp; MULTARADAR MRCD<\/h3>\n<p><strong>Con GENEVO MAX, estar\u00e1 protegido de todos los radares<\/strong> policiales, incluidos los modernos radares GATSO RT3\/RT4 y MultaRadars que se utilizan habitualmente en Espa\u00f1a. La detecci\u00f3n de los radares fotoel\u00e9ctricos de luz roja y de los radares de tr\u00e1fico de secci\u00f3n es evidente. Como bono, las actualizaciones de la base de datos GPS son gratuitas, de por vida.<\/p>\n<p><strong>El soporte magn\u00e9tico de Genevo MAX<\/strong> asegura que pueda ser f\u00e1cilmente montado, tanto vertical como horizontalmente. Una novedad es la pantalla OLED multicolor, con ajuste autom\u00e1tico del brillo, y una entrada de auriculares integrada.<\/p>\n<p>La intensidad de la se\u00f1al se indica mediante un pitido para ilustrar la distancia a la fuente de la se\u00f1al. Tambi\u00e9n puede guardar sus propias ubicaciones GPS, conocidas como PDI o bloquear una fuente de se\u00f1al de alerta falsa, de modo que la pr\u00f3xima vez que llegue a este lugar no haya ning\u00fan aviso ac\u00fastico y, por lo tanto, la tasa de falsas alarmas pueda reducirse de forma eficaz.<\/p>\n<h3><img loading=\"lazy\" decoding=\"async\" class=\"size-shop_isle_category_thumbnail wp-image-4487 alignleft\" src=\"https:\/\/www.radar-shop.eu\/wp-content\/uploads\/genevo_max_hand-500x500.jpg\" alt=\"genevo_max_detector\" width=\"500\" height=\"500\" srcset=\"https:\/\/www.radar-shop.eu\/wp-content\/uploads\/genevo_max_hand-500x500.jpg 500w, https:\/\/www.radar-shop.eu\/wp-content\/uploads\/genevo_max_hand-300x300.jpg 300w, https:\/\/www.radar-shop.eu\/wp-content\/uploads\/genevo_max_hand-262x262.jpg 262w, https:\/\/www.radar-shop.eu\/wp-content\/uploads\/genevo_max_hand-160x160.jpg 160w\" sizes=\"auto, (max-width: 500px) 100vw, 500px\" \/>AMIGABLE CON EL USUARIO<\/h3>\n<p>\u00bfNo eres un fan\u00e1tico de la tecnolog\u00eda? No te preocupes, GENEVO MAX es muy f\u00e1cil de usar sin el dolor del emparejamiento de smartphones y otras molestias modernas, \u00a1s\u00f3lo tienes que enchufar y listo!<\/p>\n<h3>ACTUALIZACIONES GRATUITAS<\/h3>\n<p>Las actualizaciones del sistema y de la base de datos GPS son gratis de por vida y f\u00e1ciles de hacer, ahora a trav\u00e9s de WIN PC y MacOS. Todo hecho en menos de 1 minuto.<\/p>\n<h3>PANTALLA OLED<\/h3>\n<p>La pantalla a color muestra ahora el doble de informaci\u00f3n que antes, claramente visible desde todos los \u00e1ngulos.<\/p>\n<h3>CONTROL POR MOVIMIENTOS<\/h3>\n<p>Sensor de movimiento para un funcionamiento sin contacto. Silenciar la alarma sin buscar el bot\u00f3n derecho. Simplemente agita la mano en su lugar.<\/p>\n<h3>SENSOR DE LUZ<\/h3>\n<p>Sensor de luz inteligente para el ajuste autom\u00e1tico de la luminosidad. La pantalla ajusta autom\u00e1ticamente el brillo de acuerdo con la cantidad de luz en la cabina.<\/p>\n<h3>SENSOR DE RUIDO<\/h3>\n<p>Sensor de ruido en la cabina. El detector ajusta autom\u00e1ticamente el volumen de la alarma en funci\u00f3n del nivel de ruido en el interior del veh\u00edculo.<\/p>\n<h3>SENSOR L\u00c1SER<\/h3>\n<p>La lente del l\u00e1ser ha sido completamente redise\u00f1ada y su sensibilidad se ha multiplicado.<br \/>\nUna tecnolog\u00eda l\u00e1ser similar se utiliza en los reflectores militares.<\/p>\n<h3><img loading=\"lazy\" decoding=\"async\" class=\"size-shop_isle_category_thumbnail wp-image-3650 alignright\" src=\"https:\/\/www.radar-shop.eu\/wp-content\/uploads\/Genevo-MAX_1-500x500.jpg\" alt=\"Genevo MAX_Detector de radar port\u00e1til\" width=\"500\" height=\"500\" srcset=\"https:\/\/www.radar-shop.eu\/wp-content\/uploads\/Genevo-MAX_1-500x500.jpg 500w, https:\/\/www.radar-shop.eu\/wp-content\/uploads\/Genevo-MAX_1-300x300.jpg 300w, https:\/\/www.radar-shop.eu\/wp-content\/uploads\/Genevo-MAX_1-262x262.jpg 262w, https:\/\/www.radar-shop.eu\/wp-content\/uploads\/Genevo-MAX_1-160x160.jpg 160w\" sizes=\"auto, (max-width: 500px) 100vw, 500px\" \/><\/h3>\n<h3>100% ACERO<\/h3>\n<p>Completamente sigiloso contra los RDD&#8217;s de la polic\u00eda (detectores de detector de radar)<\/p>\n<h3>GPS R\u00c1PIDO<\/h3>\n<p>M\u00f3dulo GPS de GENEVO MAX, con tecnolog\u00eda AlwaysLocate \u2122 y EASY \u2122, que integra GPS, GLONASS, Galileo y QZSS y proporciona una mejor recepci\u00f3n en \u00e1reas remotas y un arranque m\u00e1s r\u00e1pido.<\/p>\n<h3>M\u00cdNIMO DE FALSAS ALERTAS<\/h3>\n<p>Sistema de filtrado de falsas alarmas totalmente innovador que es el mejor de la competencia.<\/p>\n<h3>CONECTIVIDAD<\/h3>\n<p>Equipado con el \u00faltimo est\u00e1ndar USB-C para actualizaciones y un cl\u00e1sico conector de auriculares de 3,5 mm para su uso en motocicletas.<\/p>\n<h3>GENEVO MAX ESP FRECUENCIAS DE OPERACI\u00d3N<\/h3>\n<p>GPS: GPS, GLONASS, Galileo, QZSS<br \/>\nKa estrecho: 34,0 GHz, 34,3 GHz, 34,7 GHz, 35,5 GHz (\u00b1120 MHz)<br \/>\nKa de ancho: 33,4 GHz ~ 36,0 GHz<br \/>\nK estrecha: 24,125 GHz (\u00b170 MHz)<br \/>\nAncho K: 24,125 GHz (\u00b1150 MHz)<br \/>\nBanda X: 10,525 GHz (\u00b150 MHz)<br \/>\nMultaRadar: MRCD\/MRCT<br \/>\nGatso: Gatso RT3\/Gatso RT4<br \/>\nL\u00e1ser: 904nm<\/p>\n<h3>GENEVO MAX PAR\u00c1METROS T\u00c9CNICOS<\/h3>\n<p>Temperatura de funcionamiento: -20 \u00b0C a +85 \u00b0C<br \/>\nTemperatura de almacenamiento: -20 \u00b0C a +85 \u00b0C<br \/>\nTensi\u00f3n de funcionamiento: 11 V &#8211; 16 V<br \/>\nConsumo de energ\u00eda: 250 mA normal, 330 mA m\u00e1x. (12V)<br \/>\nDimensiones: 101 mm \u00d7 68 mm \u00d7 33 mm<\/p>\n<h3><\/h3>\n<p>&nbsp;<\/p>\n","protected":false},"excerpt":{"rendered":"<p><span style=\"color: #000080;\"><strong>RADAR-SHOP.EU altamente recomendado!<\/strong><\/span><\/p>\n<ul>\n<li>Carcasa exterior de dise\u00f1o moderno y alta calidad<\/li>\n<li>Display OLED a color\u00a0con visibilidad desde cualquier \u00e1ngulo<\/li>\n<li>La\u00a0mayor sensibilidad\u00a0del mercado\u00a0frente a radares MultaradarCD, MultaradarCT y Gatso RT3 y RT4<\/li>\n<li>Men\u00fas muy sencillos,\u00a0intuitivos \u00a0y f\u00e1ciles de usar<\/li>\n<li>Excelente filtrado\u00a0y control de las falsas alarmas<\/li>\n<li>Sensor de movimiento, sensor de ruido y sensor de iluminaci\u00f3n<\/li>\n<li>La\u00a0base de datos GPS\u00a0m\u00e1s precisa de toda Europa\u00a0totalmente gratuita<\/li>\n<li>Actualizaciones de Firmware y base de datos a trav\u00e9s de Internet sin coste. Actualizable desde sistemas operativos Windows y Mac<\/li>\n<li>Soporte magn\u00e9tico de alta resistencia que permite colocar el equipo en horizontal o vertical (incluido en el paquete).<\/li>\n<li>Cable de alimentaci\u00f3n SmartCord con salida USB para cargar el tel\u00e9fono m\u00f3vil. Permite silenciar, encender y apagar el detector todo desde el propio conector (incluido en el paquete)<\/li>\n<li>Indetectable ante el esc\u00e1ner de la Polic\u00eda (DDR Spectre)<\/li>\n<\/ul>\n","protected":false},"featured_media":3636,"comment_status":"open","ping_status":"closed","template":"","meta":[],"product_brand":[],"product_cat":[174,97,197],"product_tag":[1885],"class_list":{"0":"post-4483","1":"product","2":"type-product","3":"status-publish","4":"has-post-thumbnail","6":"product_cat-detector-radar-en-la-cabina","7":"product_cat-genevo-es","8":"product_cat-muy-recomendable","9":"product_tag-genevo-max-es","11":"first","12":"instock","13":"sale","14":"taxable","15":"shipping-taxable","16":"purchasable","17":"product-type-simple"},"jetpack_sharing_enabled":true,"_links":{"self":[{"href":"https:\/\/www.radar-shop.eu\/es\/wp-json\/wp\/v2\/product\/4483","targetHints":{"allow":["GET"]}}],"collection":[{"href":"https:\/\/www.radar-shop.eu\/es\/wp-json\/wp\/v2\/product"}],"about":[{"href":"https:\/\/www.radar-shop.eu\/es\/wp-json\/wp\/v2\/types\/product"}],"replies":[{"embeddable":true,"href":"https:\/\/www.radar-shop.eu\/es\/wp-json\/wp\/v2\/comments?post=4483"}],"wp:featuredmedia":[{"embeddable":true,"href":"https:\/\/www.radar-shop.eu\/es\/wp-json\/wp\/v2\/media\/3636"}],"wp:attachment":[{"href":"https:\/\/www.radar-shop.eu\/es\/wp-json\/wp\/v2\/media?parent=4483"}],"wp:term":[{"taxonomy":"product_brand","embeddable":true,"href":"https:\/\/www.radar-shop.eu\/es\/wp-json\/wp\/v2\/product_brand?post=4483"},{"taxonomy":"product_cat","embeddable":true,"href":"https:\/\/www.radar-shop.eu\/es\/wp-json\/wp\/v2\/product_cat?post=4483"},{"taxonomy":"product_tag","embeddable":true,"href":"https:\/\/www.radar-shop.eu\/es\/wp-json\/wp\/v2\/product_tag?post=4483"}],"curies":[{"name":"wp","href":"https:\/\/api.w.org\/{rel}","templated":true}]}}