{"id":3005,"date":"2018-07-24T13:18:01","date_gmt":"2018-07-24T13:18:01","guid":{"rendered":"https:\/\/www.radar-shop.eu\/produkt\/unkategorisiert\/3005\/"},"modified":"2025-08-23T03:19:53","modified_gmt":"2025-08-23T01:19:53","slug":"whistler-gt-438xi-international","status":"publish","type":"product","link":"https:\/\/www.radar-shop.eu\/es\/producto\/whistler-gt-438xi-international\/","title":{"rendered":"Whistler GT-438Xi International \/ Europe"},"content":{"rendered":"<p style=\"font-weight: 400;\"><strong>LASER RADAR DETECTOR WHISTLER GT-438XI INTERNATIONAL \/ EUROPE<\/strong><\/p>\n<p style=\"font-weight: 400;\"><strong>Caracter\u00edsticas del modelo<\/strong><\/p>\n<p style=\"font-weight: 400;\"><strong>FDSR-<\/strong>\u00a0(Rechazo del sensor de perturbaci\u00f3n de campo) elimina las falsas alertas causadas por sistemas de detecci\u00f3n de puntos ciegos anti colisiones en veh\u00edculos m\u00e1s recientes del mercado.<\/p>\n<p style=\"font-weight: 400;\"><strong>TFSR<\/strong>&#8211; (Retraso del sensor de flujo de tr\u00e1fico) ayuda a eliminar las alertas de los sensores de flujo de tr\u00e1fico basados \u200b\u200ben radar<\/p>\n<p style=\"font-weight: 400;\"><strong>DETECTA LOS L\u00c1SER EUROPEOS<\/strong>&#8211; Trafficpatrol XR, Reigl, Jenoptik, Laveg, Truspeed ,Lidar y m\u00e1s<\/p>\n<p style=\"font-weight: 400;\"><strong>PANTALLA DE TEXTO OLED AZUL-<\/strong>\u00a0Proporciona un mejor contraste, brillo y color. Muestra las alertas detectadas, los modos activados y la intensidad de la se\u00f1al en formato de texto (es decir, HIGHWAY o Ka9).<\/p>\n<p style=\"font-weight: 400;\"><strong>Ka NARROW MODE<\/strong>&#8211; Detecta las siguientes frecuencias de Ka: 34.0 GHz y 34.3 GHz<\/p>\n<p style=\"font-weight: 400;\"><strong>MODOS DE L\u00c1SER SELECCIONABLES<\/strong>&#8211; Permiten la selecci\u00f3n de segmentos de frecuencia incluyendo TRAFFIPATROL XR, LISD y\u00a0\u00a0l\u00e1ser con MODOS DE AVANCE<\/p>\n<p style=\"font-weight: 400;\"><strong>MODOS DE FILTRO X \/ K<\/strong>&#8211; Ofrecen m\u00faltiples niveles de procesamiento de se\u00f1al para reducir las falsas alertas.<\/p>\n<p style=\"font-weight: 400;\"><strong>MODOS DE FILTRO Ka<\/strong>&#8211; Ofrecen m\u00faltiples niveles de procesamiento de se\u00f1al para reducir las falsas alarmas.<\/p>\n<p style=\"font-weight: 400;\"><strong>WHISTLER EXCLUSIVE LASER ID (LSID)-<\/strong>\u00a0El identificador l\u00e1ser indica los pulsos por segundo (PPS) transmitidos por \u00abSpeed \u200b\u200bLaser\u00bb u otras formas de fuentes de l\u00e1ser.<\/p>\n<p style=\"font-weight: 400;\"><strong>DETECCI\u00d3N DE MODO POP \u2122-<\/strong>\u00a0La capacidad de detecci\u00f3n de breves impulsos de radar<\/p>\n<p style=\"font-weight: 400;\"><strong>ALERT PERISCOPES<\/strong>&#8211; Los LED en la parte superior de la unidad proporcionan una alerta visual adicional<\/p>\n<p style=\"font-weight: 400;\"><strong>TONOS DE ALERTA SELECCIONABLES<\/strong>&#8211; Permite la elecci\u00f3n de tonos para cada banda diferente recibida.<\/p>\n<p style=\"font-weight: 400;\"><strong>COBERTURA MAXX 360 \u00b0-<\/strong>\u00a0Detecta desde el frente, los lados y la parte trasera<\/p>\n<p style=\"font-weight: 400;\"><strong>3 MODOS CIUDAD-<\/strong>\u00a0(Ciudad, Ciudad 1, Ciudad 2) reducen la molestia de las alertas falsas<\/p>\n<p style=\"font-weight: 400;\"><strong>LENTE DE ALTO RENDIMIENTO<\/strong>&#8211; Proporciona un mayor campo de visi\u00f3n lo que significa un mejor alcance.<\/p>\n<p style=\"font-weight: 400;\"><strong>STAY ALERT \u2122 Whistler<\/strong>\u00a0-Comprueba su estado de alerta en viajes largos.<\/p>\n<p style=\"font-weight: 400;\"><strong>MODOS DIM \/ DARK-<\/strong>\u00a0Reducen la iluminaci\u00f3n de la pantalla. Cuando est\u00e1 en modo oscuro, la pantalla se apaga durante una alerta y luego permanece as\u00ed durante 20 segundos m\u00e1s antes de volver a la configuraci\u00f3n inicial.<\/p>\n<p style=\"font-weight: 400;\"><strong>MODOS SILENCIOSOS SILENCIOSOS \/ AUTOM\u00c1TICOS<\/strong>&#8211; Silencian las alertas de audio.<\/p>\n<p style=\"font-weight: 400;\"><strong>ALERT PRIORITY<\/strong>&#8211; Muestra la se\u00f1al m\u00e1s intensa cuando se detecta m\u00e1s de una.<\/p>\n<p style=\"font-weight: 400;\"><strong>SETTING SAVER<\/strong>&#8211; Guarda las configuraciones personalizadas cuando la unidad est\u00e1 apagada.<\/p>\n<p style=\"font-weight: 400;\">\u00a0<strong>AHORRO BATERIA SELECCIONABLE<\/strong>&#8211; le permite personalizar la funci\u00f3n de apagado autom\u00e1tico.<\/p>\n<p style=\"font-weight: 400;\"><strong>DETECCI\u00d3N VG-2<\/strong>&#8211; cuando la funci\u00f3n est\u00e1 activada, la unidad alertar\u00e1 de la presencia de un\u00a0\u00a0VG-2<\/p>\n","protected":false},"excerpt":{"rendered":"<p style=\"font-weight: 400;\"><strong>LASER RADAR DETECTOR- GT-438XI<\/strong><\/p>\n<p style=\"font-weight: 400;\"><strong>Caracter\u00edsticas del modelo<\/strong><\/p>\n<ul>\n<li style=\"font-weight: 400;\"><strong>FDSR<\/strong> (Rechazo del sensor de perturbaci\u00f3n de campo)<\/li>\n<li style=\"font-weight: 400;\"><strong>TFSR <\/strong>&#8211; (Retraso del sensor de flujo de tr\u00e1fico)<\/li>\n<li style=\"font-weight: 400;\"><strong>DETECTA LOS L\u00c1SER EUROPEOS<\/strong><\/li>\n<li style=\"font-weight: 400;\"><strong>PANTALLA DE TEXTO OLED AZUL<\/strong><\/li>\n<li style=\"font-weight: 400;\"><strong>Ka NARROW MODE<\/strong><\/li>\n<li style=\"font-weight: 400;\"><strong>MODOS DE L\u00c1SER SELECCIONABLES<\/strong><\/li>\n<li style=\"font-weight: 400;\"><strong>MODOS DE FILTRO X \/ K \/ Ka<\/strong><\/li>\n<li style=\"font-weight: 400;\"><strong>WHISTLER LASER ID (LSID)<\/strong><\/li>\n<li style=\"font-weight: 400;\"><strong>DETECCI\u00d3N DE MODO POP \u2122<\/strong><\/li>\n<li style=\"font-weight: 400;\"><strong>WHISTLER ALERT PERISCOPES<\/strong><\/li>\n<li style=\"font-weight: 400;\"><strong>TONOS DE ALERTA RADAR SELECCIONABLES<\/strong><\/li>\n<li style=\"font-weight: 400;\"><strong>COBERTURA MAXX 360 \u00b0<\/strong><\/li>\n<li style=\"font-weight: 400;\"><strong>3 RADAR MODOS CIUDAD<\/strong><\/li>\n<li style=\"font-weight: 400;\"><strong>LENTE DE ALTO RENDIMIENTO<\/strong><\/li>\n<li style=\"font-weight: 400;\"><strong>STAY ALERT \u2122 Whistler<\/strong><\/li>\n<li style=\"font-weight: 400;\"><strong>MODOS DIM \/ DARK<\/strong><\/li>\n<li style=\"font-weight: 400;\"><strong>MODOS SILENCIOSOS SILENCIOSOS \/ AUTOM\u00c1TICOS<\/strong>.<\/li>\n<li style=\"font-weight: 400;\"><strong>WHISTLER ALERT PRIORITY<\/strong><\/li>\n<\/ul>\n<ul>\n<li style=\"font-weight: 400;\"><strong>DETECCI\u00d3N VG-2<\/strong><\/li>\n<\/ul>\n","protected":false},"featured_media":2998,"comment_status":"open","ping_status":"closed","template":"","meta":[],"product_brand":[],"product_cat":[174,197,120],"product_tag":[],"class_list":{"0":"post-3005","1":"product","2":"type-product","3":"status-publish","4":"has-post-thumbnail","6":"product_cat-detector-radar-en-la-cabina","7":"product_cat-muy-recomendable","8":"product_cat-whistler-es","10":"first","11":"instock","12":"sale","13":"taxable","14":"shipping-taxable","15":"purchasable","16":"product-type-simple"},"jetpack_sharing_enabled":true,"_links":{"self":[{"href":"https:\/\/www.radar-shop.eu\/es\/wp-json\/wp\/v2\/product\/3005","targetHints":{"allow":["GET"]}}],"collection":[{"href":"https:\/\/www.radar-shop.eu\/es\/wp-json\/wp\/v2\/product"}],"about":[{"href":"https:\/\/www.radar-shop.eu\/es\/wp-json\/wp\/v2\/types\/product"}],"replies":[{"embeddable":true,"href":"https:\/\/www.radar-shop.eu\/es\/wp-json\/wp\/v2\/comments?post=3005"}],"wp:featuredmedia":[{"embeddable":true,"href":"https:\/\/www.radar-shop.eu\/es\/wp-json\/wp\/v2\/media\/2998"}],"wp:attachment":[{"href":"https:\/\/www.radar-shop.eu\/es\/wp-json\/wp\/v2\/media?parent=3005"}],"wp:term":[{"taxonomy":"product_brand","embeddable":true,"href":"https:\/\/www.radar-shop.eu\/es\/wp-json\/wp\/v2\/product_brand?post=3005"},{"taxonomy":"product_cat","embeddable":true,"href":"https:\/\/www.radar-shop.eu\/es\/wp-json\/wp\/v2\/product_cat?post=3005"},{"taxonomy":"product_tag","embeddable":true,"href":"https:\/\/www.radar-shop.eu\/es\/wp-json\/wp\/v2\/product_tag?post=3005"}],"curies":[{"name":"wp","href":"https:\/\/api.w.org\/{rel}","templated":true}]}}