{"id":2657,"date":"2019-07-24T18:15:13","date_gmt":"2019-02-24T18:15:13","guid":{"rendered":"https:\/\/www.radar-shop.eu\/produkt\/unkategorisiert\/neoline-x-cop-9100s\/"},"modified":"2025-12-17T06:12:54","modified_gmt":"2025-12-17T04:12:54","slug":"neoline-x-cop-9100s","status":"publish","type":"product","link":"https:\/\/www.radar-shop.eu\/es\/producto\/neoline-x-cop-9100s\/","title":{"rendered":"Neoline X-COP 9100s"},"content":{"rendered":"<p><strong>ADVERTENCIA DE RADAR<\/strong> &#8211; Neoline X-COP 9100s es la primera c\u00e1mara de video h\u00edbrida del mundo que detecta Multa Radar CD y CT.<\/p>\n<p><strong>EL M\u00d3DULO DEL RADAR<\/strong>: este tipo de radares se utiliza ampliamente en Europa. Estos radares tienen una estructura de se\u00f1al \u00fanica que requiere una plataforma espec\u00edfica para su detecci\u00f3n. Para conveniencia del usuario, el dispositivo detecta Multa Radar en una banda M especial, por lo que se le avisar\u00e1 de dicho radar.<\/p>\n<p><strong>FILTRO<\/strong> &#8211; Para eliminar las alertas falsas, particularmente de los sensores de detecci\u00f3n de puntos ciegos de otros autos, se utiliza el desarrollo propio de Neoline: el filtro Z-signature. A diferencia de tecnolog\u00edas similares, no hay bloqueo falso de radares de polic\u00eda reales.<\/p>\n<p><strong>BASE DE DATOS GPS MUNDIAL<\/strong> &#8211; Los dispositivos Neoline tienen una base de datos de radares y c\u00e1maras incorporada que incluye datos de m\u00e1s de cien mil radares en todo el mundo (Europa, EE. UU., Israel, Oriente Medio, Turqu\u00eda, Australia, etc.). La base de datos se actualiza peri\u00f3dicamente. en neoline.com. El h\u00edbrido tiene m\u00f3dulos GPS y GLONASS incorporados para la localizaci\u00f3n m\u00e1s r\u00e1pida y precisa.<\/p>\n<figure id=\"attachment_2627\" aria-describedby=\"caption-attachment-2627\" style=\"width: 300px\" class=\"wp-caption alignleft\"><img loading=\"lazy\" decoding=\"async\" class=\"wp-image-2631 size-medium\" src=\"https:\/\/www.radar-shop.eu\/wp-content\/uploads\/\/neoline-9100s-motion_control-300x225.png\" alt=\"neoline-9100s-motion_control\" width=\"300\" height=\"225\" srcset=\"https:\/\/www.radar-shop.eu\/wp-content\/uploads\/neoline-9100s-motion_control-300x225.png 300w, https:\/\/www.radar-shop.eu\/wp-content\/uploads\/neoline-9100s-motion_control.png 400w\" sizes=\"auto, (max-width: 300px) 100vw, 300px\" \/><figcaption id=\"caption-attachment-2627\" class=\"wp-caption-text\">\u00a0<\/figcaption><\/figure>\n<p><strong>Al crear la Neoline X-COP 9100<\/strong>, tomamos en cuenta las limitaciones de la legislaci\u00f3n de los diferentes pa\u00edses con respecto al uso de detectores de radar. Por lo tanto, la unidad de radar se puede desconectar f\u00e1cilmente con un simple movimiento de la mano y el dispositivo continuar\u00e1 funcionando como un informador de GPS. Adem\u00e1s, el dispositivo tiene una protecci\u00f3n altamente efectiva contra los dispositivos Spectre 4 y Spectre Elite RDD, ampliamente utilizados en Europa.<\/p>\n<p><strong>C\u00c1MARAS DE CONTROL DE TR\u00c1FICO<\/strong> &#8211; Neoline X-COP 9100s notifica a todas las c\u00e1maras de control de tr\u00e1fico y advierte de antemano acerca de los tipos de control como: &#8211; Conducir en un transporte p\u00fablico. Radares detectando \u00aben la parte posterior\u00bb. &#8211; Conducir en una curva. un cruce \/ sem\u00e1foro- Conduciendo en un cruce peatonal<\/p>\n<p><strong>CALIDAD DE PEL\u00cdCULA DURANTE EL D\u00cdA Y LA NOCHE<\/strong>: la potente CPU Ambarella, la \u00f3ptica de cristal multilente y el sensor Sony proporcionan video de alta calidad. Un amplio \u00e1ngulo de visi\u00f3n de 135 grados permite que cuatro carriles de carretera y un borde de carretera se adapten al marco. El modo nocturno autom\u00e1tico ayuda a ver todos los detalles en las secciones oscuras de la carretera. El modo se activa seg\u00fan la configuraci\u00f3n de tiempo en el men\u00fa.<\/p>\n<p><strong>M\u00d3DULO \u00daNICO EXD PLUS:<\/strong> el dispositivo tiene un m\u00f3dulo ultrasensible integrado EXD Plus, que proporciona la distancia m\u00e1xima de detecci\u00f3n de radar de la polic\u00eda en las bandas K, Ka y M. El dispositivo es particularmente efectivo en el modo Turbo, advirtiendo sobre radares de baja potencia dirigidos hacia el parte posterior del autom\u00f3vil, como Gatso, Multanova 6F, Multa Radar, etc. El modo Turbo se activar\u00e1 autom\u00e1ticamente cuando se alcance una velocidad determinada.<\/p>\n<p><strong>CONTROL DE MOVIMIENTO<\/strong>: para desactivar las alertas de audio y voz al acercarse al radar, simplemente debe sostener una mano frente a la pantalla h\u00edbrida. La tecnolog\u00eda Motion Control reacciona a los gestos y volver\u00e1 a activar el sonido en 6 segundos despu\u00e9s de que se complete la notificaci\u00f3n.<\/p>\n<p><strong>SELECCI\u00d3N DE FRECUENCIA:<\/strong> el men\u00fa h\u00edbrido contiene una funci\u00f3n de selecci\u00f3n de frecuencia. Dependiendo del pa\u00eds de uso, el h\u00edbrido cambia la configuraci\u00f3n de detecci\u00f3n en diferentes rangos de frecuencia, y tambi\u00e9n corta las se\u00f1ales falsas con mayor eficacia. Para usuarios expertos, es posible un ajuste detallado del h\u00edbrido, hasta e incluyendo la desconexi\u00f3n de frecuencias particulares dentro de los rangos K y Ka, utilizando el archivo de configuraci\u00f3n.<\/p>\n<p><strong>NUEVO MODO X-COP<\/strong>: el nuevo modo X-COP est\u00e1 estrechamente relacionado con el cambio autom\u00e1tico de rangos de frecuencia, modos de sensibilidad y filtros de respuestas falsas, dependiendo de la velocidad del autom\u00f3vil.<\/p>\n<p><strong>PROCESAMIENTO INTELIGENTE DE C\u00c1MARAS<\/strong>: una caracter\u00edstica distintiva de Neoline X-COP 9100s es el procesamiento inteligente de las c\u00e1maras Trip Track. El algoritmo instalado en el h\u00edbrido emite una alerta cuando abandona el \u00e1rea supervisada, le informa sobre el exceso de velocidad, procesa correctamente otros puntos GPS en el \u00e1rea controlada, etc.<\/p>\n<p><strong>CONFIGURACI\u00d3N DE LA BANDA \u041a:<\/strong> un usuario experimentado puede ajustar la banda K seg\u00fan el conocimiento de las frecuencias en las que funcionan los radares de polic\u00eda en la regi\u00f3n de uso.<\/p>\n<ul>\n<li>Amplia &#8211; frecuencia de 23.900 a 24.250 GHz &#8211; la configuraci\u00f3n est\u00e1ndar para detectar todos los radares de polic\u00eda en la banda K.<\/li>\n<li>Estrecho &#8211; frecuencia de 24.050 a 24.195 GHz &#8211; para reducir el n\u00famero de respuestas falsas.<\/li>\n<li>S\u00faper estrecha &#8211; frecuencia de 24.050 a 24.125 GHz &#8211; para minimizar el n\u00famero de respuestas falsas.<\/li>\n<\/ul>\n<p><strong>APAGAR LA BANDA EN EL MODO CIUDAD:<\/strong> el usuario puede desactivar la banda K en el modo CIUDAD. Esto es real para la conducci\u00f3n en grandes ciudades donde no hay sistemas de radar m\u00f3viles, pero hay muchas respuestas falsas. Al desactivar la banda K en el modo CIUDAD, solo obtendr\u00e1 informaci\u00f3n de la base de datos del GPS.<\/p>\n<p>sobre un tipo de radar de la polic\u00eda, la velocidad permitida para el segmento de la carretera, proporciona informaci\u00f3n sobre la distancia a un radar y la velocidad media (en caso de detecci\u00f3n de \u00abTrayectoria de viaje\u00bb). La base de datos incluye 45 tipos diferentes de radar. Cada nuevo radar se agrega r\u00e1pidamente a la base de datos y est\u00e1 disponible en nuevas actualizaciones.<\/p>\n","protected":false},"excerpt":{"rendered":"<p><strong>Neoline X-COP 9100s es la primera c\u00e1mara de video h\u00edbrida del mundo que detecta Multa Radar CD y CT.<\/strong><\/p>\n<ul>\n<li>Video claro con el m\u00e1ximo nivel de detalle d\u00eda y noche.<\/li>\n<li>Modo inteligente para la supresi\u00f3n del resplandor y la luz solar (WDR)<\/li>\n<li>Detecci\u00f3n de radar incluyendo bandas multaradar.<\/li>\n<li>Adici\u00f3n \/ eliminaci\u00f3n de sectores de alerta falsos y peligrosos.<\/li>\n<li>Ajuste de radio de sectores de alerta falsos y peligrosos.<\/li>\n<li>Modo de silencio \/ Modo de l\u00edmite de velocidad<\/li>\n<li>Modo aparcamiento<\/li>\n<li>Protector de pantalla con veloc\u00edmetro<\/li>\n<li>Ciudad \/ Ruta \/ Turbo \/ \u0425-\u0421\u041e\u0420 Modos de sensibilidad<\/li>\n<li>Silencio de volumen autom\u00e1tico<\/li>\n<li>Ajuste de sensibilidad del sensor G y detecci\u00f3n de movimiento<\/li>\n<\/ul>\n","protected":false},"featured_media":2647,"comment_status":"open","ping_status":"closed","template":"","meta":[],"product_brand":[],"product_cat":[174,167,1118],"product_tag":[1119,1120,1121],"class_list":{"0":"post-2657","1":"product","2":"type-product","3":"status-publish","4":"has-post-thumbnail","6":"product_cat-detector-radar-en-la-cabina","7":"product_cat-gps-detector-camaras-radar","8":"product_cat-neoline-es","9":"product_tag-dashcam-es","10":"product_tag-dvr-es","11":"product_tag-neoline-x-cop-9100s-es","13":"first","14":"instock","15":"sale","16":"taxable","17":"shipping-taxable","18":"purchasable","19":"product-type-simple"},"jetpack_sharing_enabled":true,"_links":{"self":[{"href":"https:\/\/www.radar-shop.eu\/es\/wp-json\/wp\/v2\/product\/2657","targetHints":{"allow":["GET"]}}],"collection":[{"href":"https:\/\/www.radar-shop.eu\/es\/wp-json\/wp\/v2\/product"}],"about":[{"href":"https:\/\/www.radar-shop.eu\/es\/wp-json\/wp\/v2\/types\/product"}],"replies":[{"embeddable":true,"href":"https:\/\/www.radar-shop.eu\/es\/wp-json\/wp\/v2\/comments?post=2657"}],"wp:featuredmedia":[{"embeddable":true,"href":"https:\/\/www.radar-shop.eu\/es\/wp-json\/wp\/v2\/media\/2647"}],"wp:attachment":[{"href":"https:\/\/www.radar-shop.eu\/es\/wp-json\/wp\/v2\/media?parent=2657"}],"wp:term":[{"taxonomy":"product_brand","embeddable":true,"href":"https:\/\/www.radar-shop.eu\/es\/wp-json\/wp\/v2\/product_brand?post=2657"},{"taxonomy":"product_cat","embeddable":true,"href":"https:\/\/www.radar-shop.eu\/es\/wp-json\/wp\/v2\/product_cat?post=2657"},{"taxonomy":"product_tag","embeddable":true,"href":"https:\/\/www.radar-shop.eu\/es\/wp-json\/wp\/v2\/product_tag?post=2657"}],"curies":[{"name":"wp","href":"https:\/\/api.w.org\/{rel}","templated":true}]}}