{"id":2561,"date":"2017-02-25T14:59:14","date_gmt":"2017-02-25T14:59:14","guid":{"rendered":"https:\/\/www.radar-shop.eu\/produkt\/unkategorisiert\/cable-de-instalacion-para-genevo-one\/"},"modified":"2017-02-25T14:59:14","modified_gmt":"2017-02-25T14:59:14","slug":"cable-de-instalacion-para-genevo-one","status":"publish","type":"product","link":"https:\/\/www.radar-shop.eu\/es\/producto\/cable-de-instalacion-para-genevo-one\/","title":{"rendered":"Cable de instalaci\u00f3n para Genevo-one"},"content":{"rendered":"<p><strong>Cable de instalaci\u00f3n adecuado para el detector de radar Genevo One<\/strong> Instalaci\u00f3n para instalaci\u00f3n oculta de la fuente de alimentaci\u00f3n, incluida la protecci\u00f3n contra cortocircuitos<\/p>\n<p>Este producto se ajusta a:<\/p>\n<ul>\n<li>Genevo One<\/li>\n<li>Genevo One S<\/li>\n<li>Genevo One Black Edition<\/li>\n<li>Genevo One M<\/li>\n<\/ul>\n","protected":false},"excerpt":{"rendered":"<p><strong>Cable de instalaci\u00f3n adecuado para el detector de radar Genevo One<\/strong> Instalaci\u00f3n para instalaci\u00f3n oculta de la fuente de alimentaci\u00f3n, incluida la protecci\u00f3n contra cortocircuitos<\/p>\n<p>Este producto se ajusta a:<\/p>\n<ul>\n<li>Genevo One<\/li>\n<li>Genevo One S<\/li>\n<li>Genevo One Black Edition<\/li>\n<li>Genevo One M<\/li>\n<\/ul>\n","protected":false},"featured_media":2549,"comment_status":"open","ping_status":"closed","template":"","meta":[],"product_brand":[],"product_cat":[164],"product_tag":[],"class_list":{"0":"post-2561","1":"product","2":"type-product","3":"status-publish","4":"has-post-thumbnail","6":"product_cat-accesorios","8":"first","9":"instock","10":"taxable","11":"shipping-taxable","12":"purchasable","13":"product-type-simple"},"jetpack_sharing_enabled":true,"_links":{"self":[{"href":"https:\/\/www.radar-shop.eu\/es\/wp-json\/wp\/v2\/product\/2561","targetHints":{"allow":["GET"]}}],"collection":[{"href":"https:\/\/www.radar-shop.eu\/es\/wp-json\/wp\/v2\/product"}],"about":[{"href":"https:\/\/www.radar-shop.eu\/es\/wp-json\/wp\/v2\/types\/product"}],"replies":[{"embeddable":true,"href":"https:\/\/www.radar-shop.eu\/es\/wp-json\/wp\/v2\/comments?post=2561"}],"wp:featuredmedia":[{"embeddable":true,"href":"https:\/\/www.radar-shop.eu\/es\/wp-json\/wp\/v2\/media\/2549"}],"wp:attachment":[{"href":"https:\/\/www.radar-shop.eu\/es\/wp-json\/wp\/v2\/media?parent=2561"}],"wp:term":[{"taxonomy":"product_brand","embeddable":true,"href":"https:\/\/www.radar-shop.eu\/es\/wp-json\/wp\/v2\/product_brand?post=2561"},{"taxonomy":"product_cat","embeddable":true,"href":"https:\/\/www.radar-shop.eu\/es\/wp-json\/wp\/v2\/product_cat?post=2561"},{"taxonomy":"product_tag","embeddable":true,"href":"https:\/\/www.radar-shop.eu\/es\/wp-json\/wp\/v2\/product_tag?post=2561"}],"curies":[{"name":"wp","href":"https:\/\/api.w.org\/{rel}","templated":true}]}}