{"id":2493,"date":"2018-01-17T13:30:54","date_gmt":"2018-01-17T13:30:54","guid":{"rendered":"https:\/\/www.radar-shop.eu\/produkt\/unkategorisiert\/avisador-de-radares-internacional-kaza-dt-110-live\/"},"modified":"2025-08-18T05:07:08","modified_gmt":"2025-08-18T03:07:08","slug":"avisador-de-radares-internacional-kaza-dt-110-live","status":"publish","type":"product","link":"https:\/\/www.radar-shop.eu\/es\/producto\/avisador-de-radares-internacional-kaza-dt-110-live\/","title":{"rendered":"Avisador de Radares Internacional Kaza DT 110 LIVE"},"content":{"rendered":"<h4>Avisador de Radares Internacional Kaza DT 110 LIVE con cable DATA-MODEM.<\/h4>\n<p>Es importante tener en cuenta que la conectividad a Internet le permite interactuar con la Comunidad LIVE. Por un lado, podr\u00e1 recibir los avisos reportados en un radio de 50 Km por otros usuarios. Por otro, tambi\u00e9n podr\u00e1 reportar\/emitir avisos sobre la presencia de radares m\u00f3viles, as\u00ed como el avistamiento del\u00a0<strong>helic\u00f3ptero<\/strong>\u00a0<strong>PEGASUS<\/strong>\u00a0(se incorporan 2 botones espec\u00edficos para ello) y la actualizaci\u00f3n de los tramos INVIVE (http:\/\/www.cdpsa.eu\/news\/80\/index-es.html).<\/p>\n<p>Otra de las grandes ventajas de su conectividad a internet v\u00eda SIM (recomendamos multi-sim) es que este dispositivo\u00a0<strong>se<\/strong>\u00a0<strong>actualiza autom\u00e1ticamente<\/strong>. Con cada conexi\u00f3n, si es necesario, el dispositivo actualizar\u00e1 autom\u00e1ticamente la base de datos permanente adem\u00e1s de descargar los avisos de la Comunidad LIVE. El consumo de datos es insignificante ya que se trata solo de peque\u00f1os paquetes de bits que contienen\u00a0 avisos de geo-localizaciones. Este dispositivo puede funcionar \u00a0tambi\u00e9n sin conectividad a internet, igual que otros modelos KAZA que no disponen de esta funci\u00f3n.<\/p>\n<p><strong>Caracter\u00edsticas generales:<\/strong><\/p>\n<ul>\n<li>Nueva pantalla por puntos de LED.<\/li>\n<li>Aviso de todo tipo de radares fijos garantizados a grandes distancias.<\/li>\n<li>Tambi\u00e9n hemos incluido recientemente la base de datos din\u00e1mica de los nuevos tramos INVIVE reportados por la DGT. \u00a0As\u00ed, recibir\u00e1 avisos de los tramos con\u00a0<b>Intensificaci\u00f3n de Vigilancia de la Velocidad<\/b>. Puede leer m\u00e1s informaci\u00f3n en la direcci\u00f3n: http:\/\/www.cdpsa.eu\/news\/80\/index-es.html<\/li>\n<li>El \u00fanico con conexi\u00f3n autom\u00e1tica v\u00eda radio con la antena exterior para detecci\u00f3n de m\u00f3viles KAZA 400 (no incluida).<\/li>\n<li>Avisos procedentes de la base de datos de:<\/li>\n<\/ul>\n<p>Radares fijos.<br \/>\nRadares de t\u00fanel.<br \/>\nRadares fijos de velocidad variable.<br \/>\nRadares de sem\u00e1foro.<br \/>\nRadares de control de tramo (\u00f3pticos).<br \/>\nRadares de inducci\u00f3n.<br \/>\nEstad\u00edstica de radares m\u00f3viles.<br \/>\nEstad\u00edstica de puntos peligrosos, curvas, cruces<br \/>\nEstad\u00edstica de controles de alcoholemia.<br \/>\nOtros\u2026<\/p>\n<ul>\n<li>Precisi\u00f3n garantizada gracias a su avanzada tecnolog\u00eda por sat\u00e9lite.<\/li>\n<li>Equipado con el dispositivo chip GPS de \u00faltima generaci\u00f3n y alta sensibilidad, que no requiere de antenas externas y totalmente apto para operar en lunetas at\u00e9rmicas o con plomo.<\/li>\n<li>Anuncios de voz claros en varios idiomas y precisos a 500-800 metros de la zona de control.<\/li>\n<li>Posibilidad de configurar el tipo de avisos que desea recibir.<\/li>\n<li>Avisos, cuando se supera el l\u00edmite de velocidad controlado por el radar.<\/li>\n<li>Incorpora br\u00fajula digital en pantalla que nos informa del rumbo que llevamos en todo momento.<\/li>\n<li>Sencilla descarga y actualizaci\u00f3n de la base de datos a trav\u00e9s de su PC con un simple cable USB sin driver, ya que es un USB puro.<\/li>\n<li>Muestra la velocidad real por GPS del veh\u00edculo.<\/li>\n<li>Confirma la hora exacta.<\/li>\n<li>Posee auto-limitador de velocidad de crucero.<\/li>\n<li>Avisos para el descanso en la conducci\u00f3n.<\/li>\n<\/ul>\n<p><strong>Incluye:<\/strong><\/p>\n<ul>\n<li>Avisador KAZA DT 110 LIVE.<\/li>\n<li>12V DC- 5V DC adaptador para el coche con modem de datos incorporado.<\/li>\n<li>Im\u00e1n.<\/li>\n<li>Manual de usuario.<\/li>\n<li>Cable USB para actualizaci\u00f3n de la base de datos.<\/li>\n<li>Estuche para guardar el producto.<\/li>\n<\/ul>\n","protected":false},"excerpt":{"rendered":"<p><strong>El avisador de radares\u00a0GPS Kaza DT 110 LIVE<\/strong>\u00a0comunitario ha sido equipado con la m\u00e1s alta y moderna tecnolog\u00eda. Adem\u00e1s de ser 100% legal, ofrece un exclusivo doble escudo de protecci\u00f3n, que incluye la funci\u00f3n de avisador de radares GPS y conectividad a la Comunidad LIVE. Esta Comunidad es la \u00fanica con protecci\u00f3n contra el\u00a0<strong>helic\u00f3ptero<\/strong>\u00a0<strong>PEGASUS<\/strong>, gracias a los miles de avisos reportados diariamente. Cuenta con m\u00e1s de 300.000 usuarios activos y un crecimiento de 10.000 nuevos mensuales.<\/p>\n<p><strong>La opci\u00f3n de conexi\u00f3n<\/strong> con la Comunidad LIVE no supone una cuota mensual. El dispositivo es totalmente libre. El usuario decide si quiere conectar con la Comunidad LIVE a trav\u00e9s de una SIM y con cu\u00e1l. Recomendamos que utilice un duplicado de su SIM, los cuales suelen ser m\u00e1s que suficientes para el uso de un Kaza (ver oferta completa en el apartado de Documentos) . El consumo estimado es de 100 Kb\u00a0cada 500 Km.<\/p>\n","protected":false},"featured_media":1242,"comment_status":"open","ping_status":"closed","template":"","meta":[],"product_brand":[],"product_cat":[167,109],"product_tag":[],"class_list":{"0":"post-2493","1":"product","2":"type-product","3":"status-publish","4":"has-post-thumbnail","6":"product_cat-gps-detector-camaras-radar","7":"product_cat-kaza-es","9":"first","10":"instock","11":"sale","12":"taxable","13":"shipping-taxable","14":"purchasable","15":"product-type-simple"},"jetpack_sharing_enabled":true,"_links":{"self":[{"href":"https:\/\/www.radar-shop.eu\/es\/wp-json\/wp\/v2\/product\/2493","targetHints":{"allow":["GET"]}}],"collection":[{"href":"https:\/\/www.radar-shop.eu\/es\/wp-json\/wp\/v2\/product"}],"about":[{"href":"https:\/\/www.radar-shop.eu\/es\/wp-json\/wp\/v2\/types\/product"}],"replies":[{"embeddable":true,"href":"https:\/\/www.radar-shop.eu\/es\/wp-json\/wp\/v2\/comments?post=2493"}],"wp:featuredmedia":[{"embeddable":true,"href":"https:\/\/www.radar-shop.eu\/es\/wp-json\/wp\/v2\/media\/1242"}],"wp:attachment":[{"href":"https:\/\/www.radar-shop.eu\/es\/wp-json\/wp\/v2\/media?parent=2493"}],"wp:term":[{"taxonomy":"product_brand","embeddable":true,"href":"https:\/\/www.radar-shop.eu\/es\/wp-json\/wp\/v2\/product_brand?post=2493"},{"taxonomy":"product_cat","embeddable":true,"href":"https:\/\/www.radar-shop.eu\/es\/wp-json\/wp\/v2\/product_cat?post=2493"},{"taxonomy":"product_tag","embeddable":true,"href":"https:\/\/www.radar-shop.eu\/es\/wp-json\/wp\/v2\/product_tag?post=2493"}],"curies":[{"name":"wp","href":"https:\/\/api.w.org\/{rel}","templated":true}]}}