{"id":2483,"date":"2018-06-05T09:58:20","date_gmt":"2018-06-05T09:58:20","guid":{"rendered":"https:\/\/www.radar-shop.eu\/produkt\/unkategorisiert\/esoguard-pro-dual-eso3-autovelox-proteccion\/"},"modified":"2025-01-21T06:05:38","modified_gmt":"2025-01-21T04:05:38","slug":"esoguard-pro-dual-eso3-autovelox-proteccion","status":"publish","type":"product","link":"https:\/\/www.radar-shop.eu\/es\/producto\/esoguard-pro-dual-eso3-autovelox-proteccion\/","title":{"rendered":"ESOGUARD PRO DUAL &#8211; Protecci\u00f3n autovelox"},"content":{"rendered":"<p>\u00bfCU\u00c1L ES LA FUNCI\u00d3N DE ESTE PRODUCTO BLOQUEADOR ESO 3.0?<br \/>\nDespu\u00e9s de los detectores de radar, los detectores de l\u00e1ser y de c\u00e1maras de velocidad por GPS fueron suficientemente largos, recientemente se encontr\u00f3 un nuevo medidor en Alemania y Espa\u00f1a cada vez m\u00e1s extendido, el llamado sensor de un solo lado es 3.0 (Autovelox en Espa\u00f1a). Ciertamente reconoces el medidor en las fotos en internet. Aqu\u00ed los detectores de radar probados y los sistemas l\u00e1ser permanecen sin efecto.<\/p>\n<p>&nbsp;<br \/>\n<iframe loading=\"lazy\" width=\"1140\" height=\"643\" src=\"https:\/\/www.youtube.com\/embed\/5_EUQ_ZRzWc\" frameborder=\"0\" allow=\"accelerometer; autoplay; encrypted-media; gyroscope; picture-in-picture\" allowfullscreen><\/iframe><\/p>\n<p>La nueva generaci\u00f3n de Esoguard PRO ahora tiene sensores a\u00fan m\u00e1s peque\u00f1os, lo que hace que el ensamblaje sea a\u00fan m\u00e1s f\u00e1cil e invisible. Una vez m\u00e1s, la compatibilidad con la protecci\u00f3n l\u00e1ser anti l\u00e1ser fue respetada y optimizada.<\/p>\n<p>La barrera fotoel\u00e9ctrica ESO GUARD Pro ha sido especialmente desarrollada para veh\u00edculos que no tienen un frente recto. Funciona con todos los sensores de un solo lado, sin importar si ESO 1.0, Eso 3.0 o (tambi\u00e9n ESO 3.0 Matrix) y tambi\u00e9n en varios carriles de tr\u00e1fico. Adem\u00e1s, el rendimiento en los t\u00faneles est\u00e1 100% garantizado porque el sistema solo se desactiva cuando apaga su veh\u00edculo (seg\u00fan la conexi\u00f3n).<\/p>\n<p>Los sensores recientemente desarrollados ahora ofrecen opciones de instalaci\u00f3n completamente nuevas. Como en el pasado, gracias a la tecnolog\u00eda mejorada de doble cabezal, es a\u00fan m\u00e1s f\u00e1cil defender y alterar las mediciones de ESO en ambos lados.<\/p>\n<p>Durante el desarrollo, se tom\u00f3 especial cuidado para garantizar que la instalaci\u00f3n sea mucho m\u00e1s simple que su modelo anterior, lo que significa que los veh\u00edculos como Porsche, Ferrari, Mercedes AMG, Lamborghini, McLaren y todos los dem\u00e1s autos s\u00faper deportivos pueden instalar f\u00e1cilmente el ESO GUARD Pro.<\/p>\n<p>Si posee un veh\u00edculo que no tiene un frente recto, le recomendamos encarecidamente que instale ESO GUARD Pro. Ya que tienen muy poco espacio para la instalaci\u00f3n con los sensores normales de ESO GUARD y, por lo tanto, no pueden alinear los sensores al 100% con el lado (90 grados). Con ESO GUARD Pro, estos problemas ya no existen, ya que los sensores desarrollados recientemente son absolutamente flexibles y, por lo tanto, pueden alcanzarse en casi cualquier posici\u00f3n de instalaci\u00f3n deseada.<\/p>\n","protected":false},"excerpt":{"rendered":"<p>Finalmente disponible e importante para los clientes espa\u00f1oles: Esoguard PRO Dual ofrece montaje fijo de dos sensores para mediciones de sensores ESO y Autovelox. Solicite ahora aqu\u00ed.<\/p>\n<ul>\n<li>Especialmente para todos los coches con frente curvo.<\/li>\n<li>No hay errores en el uso de interferers l\u00e1ser.<\/li>\n<li>Compatible con interferers l\u00e1ser conocidos<\/li>\n<li>Interrumpe ESO 1.0, ESO 3.0, ESO 3.0 Matriz<\/li>\n<li>Interrumpe Autovelox en Italia \/ Espa\u00f1a<\/li>\n<li>Los sensores m\u00e1s peque\u00f1os para la instalaci\u00f3n.<\/li>\n<li>2 metros de electricidad &#8211; conexi\u00f3n por cable.<\/li>\n<li>Hecho en alemania<\/li>\n<li>Especialmente desarrollado para todos los superdeportivos.<\/li>\n<li>El \u00e1ngulo de apertura ha aumentado enormemente.<\/li>\n<li>Sensores ultra flexibles para la instalaci\u00f3n.<\/li>\n<li>S\u00f3lo una unidad de control muy peque\u00f1a<\/li>\n<li>Sensores de nuevo desarrollo.<\/li>\n<li>Montaje r\u00e1pido en coche posible<\/li>\n<li>Actualizaci\u00f3n lista para el futuro.<\/li>\n<li>2 a\u00f1os de garantia<\/li>\n<\/ul>\n","protected":false},"featured_media":288,"comment_status":"open","ping_status":"closed","template":"","meta":[],"product_brand":[],"product_cat":[95,170],"product_tag":[],"class_list":{"0":"post-2483","1":"product","2":"type-product","3":"status-publish","4":"has-post-thumbnail","6":"product_cat-esoguard-es","7":"product_cat-inhibidor-laser-y-autovelox","9":"first","10":"instock","11":"sale","12":"taxable","13":"shipping-taxable","14":"purchasable","15":"product-type-simple"},"jetpack_sharing_enabled":true,"_links":{"self":[{"href":"https:\/\/www.radar-shop.eu\/es\/wp-json\/wp\/v2\/product\/2483","targetHints":{"allow":["GET"]}}],"collection":[{"href":"https:\/\/www.radar-shop.eu\/es\/wp-json\/wp\/v2\/product"}],"about":[{"href":"https:\/\/www.radar-shop.eu\/es\/wp-json\/wp\/v2\/types\/product"}],"replies":[{"embeddable":true,"href":"https:\/\/www.radar-shop.eu\/es\/wp-json\/wp\/v2\/comments?post=2483"}],"wp:featuredmedia":[{"embeddable":true,"href":"https:\/\/www.radar-shop.eu\/es\/wp-json\/wp\/v2\/media\/288"}],"wp:attachment":[{"href":"https:\/\/www.radar-shop.eu\/es\/wp-json\/wp\/v2\/media?parent=2483"}],"wp:term":[{"taxonomy":"product_brand","embeddable":true,"href":"https:\/\/www.radar-shop.eu\/es\/wp-json\/wp\/v2\/product_brand?post=2483"},{"taxonomy":"product_cat","embeddable":true,"href":"https:\/\/www.radar-shop.eu\/es\/wp-json\/wp\/v2\/product_cat?post=2483"},{"taxonomy":"product_tag","embeddable":true,"href":"https:\/\/www.radar-shop.eu\/es\/wp-json\/wp\/v2\/product_tag?post=2483"}],"curies":[{"name":"wp","href":"https:\/\/api.w.org\/{rel}","templated":true}]}}