{"id":1897,"date":"2023-05-12T11:06:04","date_gmt":"2018-06-18T11:06:04","guid":{"rendered":"https:\/\/www.radar-shop.eu\/produkt\/unkategorisiert\/navty-p1-performance-tracker\/"},"modified":"2026-04-12T05:12:49","modified_gmt":"2026-04-12T03:12:49","slug":"navty-p1-performance-tracker","status":"publish","type":"product","link":"https:\/\/www.radar-shop.eu\/es\/producto\/navty-p1-performance-tracker\/","title":{"rendered":"Navty P1 &#8211; Performance Edici\u00f3n Premium"},"content":{"rendered":"<p><img loading=\"lazy\" decoding=\"async\" class=\"aligncenter wp-image-4187 size-large\" src=\"https:\/\/www.radar-shop.eu\/wp-content\/uploads\/\/navtyp1-car-1024x719.png\" alt=\"Navty P1 Detector de radar port\u00e1til antiradar\u00a0\" width=\"980\" height=\"688\" srcset=\"https:\/\/www.radar-shop.eu\/wp-content\/uploads\/navtyp1-car-1024x719.png 1024w, https:\/\/www.radar-shop.eu\/wp-content\/uploads\/navtyp1-car-300x211.png 300w, https:\/\/www.radar-shop.eu\/wp-content\/uploads\/navtyp1-car-768x540.png 768w, https:\/\/www.radar-shop.eu\/wp-content\/uploads\/navtyp1-car-1536x1079.png 1536w, https:\/\/www.radar-shop.eu\/wp-content\/uploads\/navtyp1-car-555x390.png 555w, https:\/\/www.radar-shop.eu\/wp-content\/uploads\/navtyp1-car.png 1600w\" sizes=\"auto, (max-width: 980px) 100vw, 980px\" \/><\/p>\n<p><strong>La edici\u00f3n premium NAVTY P1: lleva su experiencia de conducci\u00f3n a un nuevo nivel. NAVTY P1: m\u00e1s control, seguridad y libertad.<\/strong><\/p>\n<ul>\n<li style=\"list-style-type: none;\">\n<ul>\n<li><strong>NAVTY P1<\/strong> mostrar\u00e1 su velocidad y direcci\u00f3n exactas de conducci\u00f3n a trav\u00e9s de GPS para un mayor control y le ayudar\u00e1 a evitar la velocidad excesiva incontrolada.<\/li>\n<li>Verifique el rendimiento de su autom\u00f3vil (0-100 \/ 0-200 \/ 0-300 km \/ ho 0-60, 120, 180 mph) en cualquier momento cuando acelere, \u00a1totalmente autom\u00e1tico sin presionar ning\u00fan bot\u00f3n!<\/li>\n<li>Administre sus posiciones \/ secciones peligrosas personales para mayor seguridad<\/li>\n<li><strong>* Caracter\u00edsticas de seguridad P1R:<\/strong> P1 tambi\u00e9n puede protegerte contra ubicaciones frecuentes de accidentes pero tambi\u00e9n de controles de secci\u00f3n, c\u00e1maras de luz roja y l\u00edmites de velocidad de vigilancia gracias a nuestra base de datos internacional \u00fanica que incluye actualizaciones de bases de datos gratuitas de por vida y RDD \/ VG2 unidad de escaneo de radar que incluye X \/ K \/ KA y tambi\u00e9n los m\u00e1s nuevos sistemas multaradar o l\u00e1ser en 3D que se utilizan en todo el mundo.<\/li>\n<li><strong>Por encima del est\u00e1ndar actual:<\/strong> P1 tambi\u00e9n cuenta con el sistema de filtrado m\u00e1s avanzado, que permite reducir al m\u00ednimo las alertas falsas en comparaci\u00f3n con las referencias disponibles en el mercado con un rango excepcional de 3-10 veces superior a otras tecnolog\u00edas de escaneo multaradar.<\/li>\n<li><strong>Actualizaciones f\u00e1ciles en segundos<\/strong> y con todos los sistemas operativos (WIN \/ MacOS \/ Linux)<\/li>\n<li><strong>Disponibilidad de Firmware y actualizaciones de bases de datos de por vid<\/strong>a (solo con nuestro paquete premium)<\/li>\n<li><strong>4 a\u00f1os de garant\u00eda<\/strong> (solo con nuestro paquete premium)<\/li>\n<\/ul>\n<\/li>\n<\/ul>\n<p><strong><img loading=\"lazy\" decoding=\"async\" class=\"alignright size-shop_isle_category_thumbnail wp-image-4494\" src=\"https:\/\/www.radar-shop.eu\/wp-content\/uploads\/\/NAVTY-P1-0-200-front-1920-1-500x500.jpeg\" alt=\"NAVTY P1 Detector de radar port\u00e1til antiradar\u00a0\" width=\"500\" height=\"500\" srcset=\"https:\/\/www.radar-shop.eu\/wp-content\/uploads\/NAVTY-P1-0-200-front-1920-1-500x500.jpeg 500w, https:\/\/www.radar-shop.eu\/wp-content\/uploads\/NAVTY-P1-0-200-front-1920-1-300x300.jpeg 300w, https:\/\/www.radar-shop.eu\/wp-content\/uploads\/NAVTY-P1-0-200-front-1920-1-262x262.jpeg 262w, https:\/\/www.radar-shop.eu\/wp-content\/uploads\/NAVTY-P1-0-200-front-1920-1-160x160.jpeg 160w\" sizes=\"auto, (max-width: 500px) 100vw, 500px\" \/>M\u00e1s funciones de seguridad con nuestro firmware NAVTY P1R gratuito *<\/strong>, puede desbloquear y utilizar funciones de seguridad adicionales sin cargo: la P1 le mostrar\u00e1 casi todos los puntos de peligro en toda Europa, as\u00ed como lugares con monitoreo de tr\u00e1fico m\u00f3vil potencialmente frecuente para que siempre llegue de forma segura y sin estr\u00e9s. Adem\u00e1s, el P1 puede entonces prevenir de forma fiable contra todos los sistemas basados \u200b\u200ben radar, incluidos los \u00faltimos sistemas de medici\u00f3n 3D radar y lidar utilizando la \u00faltima detecci\u00f3n inmune RDD y la tecnolog\u00eda de filtrado m\u00e1s avanzada en todo el mundo.<\/p>\n<ul>\n<li>radar 3D de alto rendimiento y escaneo y detecci\u00f3n lidar de 360 \u200b\u200b\u00b0<br \/>\nrendimiento<\/li>\n<li>ultra rango multaradar<\/li>\n<li>opciones exactas de visualizaci\u00f3n de escaneo de frecuencia<\/li>\n<li>opciones avanzadas de filtro (bloqueo de frecuencias exactas)<\/li>\n<li>RDD \/ VG2 inmune<\/li>\n<li>Actualizaciones de por vida para monitoreo de tr\u00e1fico<\/li>\n<li>configuraci\u00f3n y exportaci\u00f3n de datos de usuario a trav\u00e9s de un dispositivo USB<\/li>\n<\/ul>\n<p>* Tenga en cuenta que esta o algunas de las caracter\u00edsticas de P1R pueden no estar permitidas en algunos pa\u00edses. Por lo tanto, nos complace ofrecer un producto que se ajusta completamente y puede utilizarse en toda Europa completamente legal, pero tambi\u00e9n para permitir a los clientes desbloquear las caracter\u00edsticas P1R en los pa\u00edses donde se permiten estas funciones y tambi\u00e9n garantizar que las funciones se eliminen r\u00e1pidamente y garantizar el cumplimiento legal. conformidad de nuestro dispositivo en cualquier momento que lo necesite.<\/p>\n","protected":false},"excerpt":{"rendered":"<p><strong>El nuevo Navty P<\/strong>1 es un dispositivo de rastreo de velocidad profesional compacto que le permite medir f\u00e1cilmente la aceleraci\u00f3n y la velocidad exacta de su veh\u00edculo.<\/p>\n<p><strong>Rastree su rendimiento de aceleraci\u00f3n:<\/strong> 0-100 \/ 0-200 \/ 0-300 km \/ ho 0-60 \/ 0-120 \/ 0-180 mph Pero P1 ofrece mucho m\u00e1s que solo rastreo.<\/p>\n<p><strong>Posibilidades<\/strong> tales como guardar sus propias marcas, organizar mejor y recordar lugares y posiciones peligrosas, y as\u00ed aumentar su propia seguridad, especialmente durante viajes m\u00e1s largos.<\/p>\n","protected":false},"featured_media":4446,"comment_status":"open","ping_status":"closed","template":"","meta":[],"product_brand":[],"product_cat":[174,167,197,701],"product_tag":[708,707,709],"class_list":{"0":"post-1897","1":"product","2":"type-product","3":"status-publish","4":"has-post-thumbnail","6":"product_cat-detector-radar-en-la-cabina","7":"product_cat-gps-detector-camaras-radar","8":"product_cat-muy-recomendable","9":"product_cat-navty-es","10":"product_tag-aceleracion-del-vehiculo","11":"product_tag-performance-tracker-es","12":"product_tag-velocidad-del-vehiculo","14":"first","15":"instock","16":"sale","17":"taxable","18":"shipping-taxable","19":"purchasable","20":"product-type-simple"},"jetpack_sharing_enabled":true,"_links":{"self":[{"href":"https:\/\/www.radar-shop.eu\/es\/wp-json\/wp\/v2\/product\/1897","targetHints":{"allow":["GET"]}}],"collection":[{"href":"https:\/\/www.radar-shop.eu\/es\/wp-json\/wp\/v2\/product"}],"about":[{"href":"https:\/\/www.radar-shop.eu\/es\/wp-json\/wp\/v2\/types\/product"}],"replies":[{"embeddable":true,"href":"https:\/\/www.radar-shop.eu\/es\/wp-json\/wp\/v2\/comments?post=1897"}],"wp:featuredmedia":[{"embeddable":true,"href":"https:\/\/www.radar-shop.eu\/es\/wp-json\/wp\/v2\/media\/4446"}],"wp:attachment":[{"href":"https:\/\/www.radar-shop.eu\/es\/wp-json\/wp\/v2\/media?parent=1897"}],"wp:term":[{"taxonomy":"product_brand","embeddable":true,"href":"https:\/\/www.radar-shop.eu\/es\/wp-json\/wp\/v2\/product_brand?post=1897"},{"taxonomy":"product_cat","embeddable":true,"href":"https:\/\/www.radar-shop.eu\/es\/wp-json\/wp\/v2\/product_cat?post=1897"},{"taxonomy":"product_tag","embeddable":true,"href":"https:\/\/www.radar-shop.eu\/es\/wp-json\/wp\/v2\/product_tag?post=1897"}],"curies":[{"name":"wp","href":"https:\/\/api.w.org\/{rel}","templated":true}]}}