{"id":14501,"date":"2018-02-26T13:21:50","date_gmt":"2018-02-26T13:21:50","guid":{"rendered":"https:\/\/www.radar-shop.eu\/product\/valentine-one-detector-de-radar-europa\/"},"modified":"2026-03-13T06:06:28","modified_gmt":"2026-03-13T04:06:28","slug":"valentine-one-detector-de-radar-europa","status":"publish","type":"product","link":"https:\/\/www.radar-shop.eu\/es\/producto\/valentine-one-detector-de-radar-europa\/","title":{"rendered":"Valentine One &#8211; Detector de radar Europa"},"content":{"rendered":"<p><strong>El detector de radar Valentine One &#8211; El V1<\/strong> es el detector de radar cl\u00e1sico y ofrece aviso de radar m\u00f3vil y l\u00e1ser con el mayor alcance para su uso contra radares fijos y multas en Alemania, Austria y Suiza. El Valentine One de Valentine Research ayuda contra radares m\u00f3viles, radares trampa y l\u00e1ser.<\/p>\n<h3>\nVentajas de Valentine One<\/h3>\n<ul>\n<li>El \u00faltimo detector de radar de alta gama con aviso l\u00e1ser para uso en toda Europa<\/li>\n<li>Numerosas posibilidades de ampliaci\u00f3n<\/li>\n<li>Detector de radar de referencia desde hace muchos a\u00f1os<\/li>\n<li>Ganador de pruebas repetidas en los \u00faltimos a\u00f1os<\/li>\n<li>M\u00e1ximo alcance (hasta 1000 m en condiciones ideales)<\/li>\n<li>M\u00e1ximo rendimiento posible en toda Europa<\/li>\n<li>Antena de radar y l\u00e1ser delantera y trasera<\/li>\n<li>Salida de sonido brillante<\/li>\n<li>Carcasa met\u00e1lica de alta calidad<\/li>\n<li>Indicaci\u00f3n direccional de las se\u00f1ales recibidas mediante flechas LED<\/li>\n<li>Funci\u00f3n de autocomprobaci\u00f3n en el arranque<\/li>\n<li>Gr\u00e1fico LED (muestra la banda de frecuencia y la intensidad de la se\u00f1al)<\/li>\n<li>Modo de filtro ciudad\/carretera (reduce las interferencias de las falsas alarmas)<\/li>\n<li>Control de volumen<\/li>\n<li>Accesorios completos para montaje en parabrisas (ventosas)<\/li>\n<li>Localizaci\u00f3n segura: no se puede localizar electr\u00f3nicamente<\/li>\n<li>Conexi\u00f3n: basta con enchufarlo al encendedor y montarlo en el parabrisas (12 V)<\/li>\n<\/ul>\n<p>&nbsp;<\/p>\n<h3>Valentine One desventajas &#8211; calificaci\u00f3n actual en la comparaci\u00f3n de detectores de radar 2019<\/h3>\n<ul>\n<li>Los ajustes no son intuitivos (nada funciona sin instrucciones)<\/li>\n<li>No hay visualizaci\u00f3n de matriz y texto<\/li>\n<li>Sin GPS a bordo<\/li>\n<li>sin funci\u00f3n de base de datos de detector de radar POI<\/li>\n<li>no hay suficiente protecci\u00f3n para radares fijos<\/li>\n<li>no hay salida de voz<\/li>\n<li>no hay suficiente detecci\u00f3n MRCD\/CT Multaradar<\/li>\n<li>relativamente grande en la comparaci\u00f3n actual<\/li>\n<li>Actualizaciones s\u00f3lo posibles a trav\u00e9s de Valentine Research USA<\/li>\n<\/ul>\n<h3>Recomendaciones actuales sobre detectores de radar, especialmente para Espa\u00f1a<\/h3>\n<ul>\n<li><a href=\"https:\/\/www.radar-shop.eu\/es\/producto\/navty-p1-performance-tracker\/\"><strong>NAVTY P1 Premium Edition <\/strong><\/a>-incl. GPS y mejor radar 3D y antena multaradar (MRCD\/MRCT\/GATSO)<\/li>\n<li><a href=\"https:\/\/www.radar-shop.eu\/es\/producto\/nuevo-genevo-max-detector-de-radar-portatil-antiradar\/\"><strong>Genevo MAX<\/strong><\/a> -incl. GPS y detecci\u00f3n multidestino (MRCD\/MRCT\/GATSO)<\/li>\n<\/ul>\n<p>Ambas alternativas de detector de radar ofrecen un manejo m\u00e1s sencillo mediante men\u00fa de texto y salida de voz en alem\u00e1n, as\u00ed como una excelente detecci\u00f3n multadar.<\/p>\n<p><iframe loading=\"lazy\" src=\"https:\/\/www.youtube.com\/embed\/klGZHmUdIPg\" width=\"640\" height=\"480\" frameborder=\"0\" allowfullscreen=\"allowfullscreen\"><\/iframe><\/p>\n","protected":false},"excerpt":{"rendered":"<p><strong>El detector de radar Valentine One &#8211; El V1<\/strong> es el detector de radar cl\u00e1sico y ofrece aviso de radar m\u00f3vil y l\u00e1ser con el mayor alcance para su uso contra radares fijos en Alemania, Austria y Suiza. El Valentine One de Valentine Research ayuda contra radares m\u00f3viles, trampas de radar y l\u00e1seres.<\/p>\n","protected":false},"featured_media":2602,"comment_status":"open","ping_status":"closed","template":"","meta":[],"product_brand":[],"product_cat":[174,128],"product_tag":[2772,2773],"class_list":{"0":"post-14501","1":"product","2":"type-product","3":"status-publish","4":"has-post-thumbnail","6":"product_cat-detector-radar-en-la-cabina","7":"product_cat-valentine1-es","8":"product_tag-detector-de-radar-valentine-one","9":"product_tag-valentine-one-es","11":"first","12":"onbackorder","13":"sale","14":"taxable","15":"shipping-taxable","16":"purchasable","17":"product-type-simple"},"jetpack_sharing_enabled":true,"_links":{"self":[{"href":"https:\/\/www.radar-shop.eu\/es\/wp-json\/wp\/v2\/product\/14501","targetHints":{"allow":["GET"]}}],"collection":[{"href":"https:\/\/www.radar-shop.eu\/es\/wp-json\/wp\/v2\/product"}],"about":[{"href":"https:\/\/www.radar-shop.eu\/es\/wp-json\/wp\/v2\/types\/product"}],"replies":[{"embeddable":true,"href":"https:\/\/www.radar-shop.eu\/es\/wp-json\/wp\/v2\/comments?post=14501"}],"wp:featuredmedia":[{"embeddable":true,"href":"https:\/\/www.radar-shop.eu\/es\/wp-json\/wp\/v2\/media\/2602"}],"wp:attachment":[{"href":"https:\/\/www.radar-shop.eu\/es\/wp-json\/wp\/v2\/media?parent=14501"}],"wp:term":[{"taxonomy":"product_brand","embeddable":true,"href":"https:\/\/www.radar-shop.eu\/es\/wp-json\/wp\/v2\/product_brand?post=14501"},{"taxonomy":"product_cat","embeddable":true,"href":"https:\/\/www.radar-shop.eu\/es\/wp-json\/wp\/v2\/product_cat?post=14501"},{"taxonomy":"product_tag","embeddable":true,"href":"https:\/\/www.radar-shop.eu\/es\/wp-json\/wp\/v2\/product_tag?post=14501"}],"curies":[{"name":"wp","href":"https:\/\/api.w.org\/{rel}","templated":true}]}}