{"id":14492,"date":"2018-03-13T15:34:04","date_gmt":"2018-03-13T13:34:04","guid":{"rendered":"https:\/\/www.radar-shop.eu\/product\/stinger-vip-gps-freedom-laser-eso-autovelox\/"},"modified":"2026-02-13T06:06:32","modified_gmt":"2026-02-13T04:06:32","slug":"stinger-vip-gps-freedom-laser-eso-autovelox","status":"publish","type":"product","link":"https:\/\/www.radar-shop.eu\/es\/producto\/stinger-vip-gps-freedom-laser-eso-autovelox\/","title":{"rendered":"PAQUETE PROFESIONAL (STINGER VIP)"},"content":{"rendered":"<h2><span style=\"color: #000080;\">PAQUETE PROFESIONAL (STINGER VIP B\u00c1SICO)<\/span><br \/>\nSTINGER VIP RADAR +LASER +ESO\/AUTOVELOX PROTECCI\u00d3N COMPLETA<\/h2>\n<p style=\"font-weight: 400;\"><strong>El detector de radar Stinger VIP<\/strong>: \u00bfEs la instalaci\u00f3n fija la \u00fanica opci\u00f3n para usted? \u00bfDa usted gran importancia a la alta profesionalidad, al m\u00e1ximo rendimiento absoluto combinado con un alto confort de manejo para su veh\u00edculo de alta calidad y potencia? \u00bfSiempre aprecia la alta calidad y le gustar\u00eda tener s\u00f3lo un dispositivo superior de la clase premium absoluta instalado en su veh\u00edculo? Entonces deber\u00eda elegir una unidad de la marca Stinger.<\/p>\n<p><strong>Encontrar\u00e1 una respuesta a la pregunta de por qu\u00e9 los detectores de radar Stinger son tan especiales si hace clic en la siguiente pesta\u00f1a \u00ab\u00bfPor qu\u00e9 Stinger?\u00bb m\u00e1s arriba.<\/strong><\/p>\n<p>El sistema Stinger VIP +GPS +L\u00e1ser +eso se compone de los siguientes productos:<br \/>\nDetector de radar Stinger VIP +GPS<br \/>\nInterferente l\u00e1ser Stinger Laser Analyser +2 m\u00f3dulo con la \u00faltima soluci\u00f3n de fibra \u00f3ptica invisible<br \/>\n2x Stinger eso 3.0 \/ optospeed jammer (para izquierda y derecha &#8211; oculto integrado en un soporte de matr\u00edcula)<\/p>\n<p><strong>\u00bfNo est\u00e1 seguro de c\u00f3mo ser\u00e1 una instalaci\u00f3n oculta en su veh\u00edculo?<\/strong><br \/>\n<strong>\u00a1Vea los v\u00eddeos!<\/strong><\/p>\n<p><iframe loading=\"lazy\" src=\"https:\/\/www.youtube.com\/embed\/0U3DSBzId6c?ecver=1\" width=\"780\" height=\"439\" frameborder=\"0\" allowfullscreen=\"allowfullscreen\"><\/iframe><\/p>\n<p style=\"font-weight: 400;\"><strong>La instalaci\u00f3n del detector de radar por nuestros experimentados mec\u00e1nicos\/electricistas profesionales<\/strong> de coches se puede hacer de forma muy flexible y discreta en t\u00e9rminos de tiempo (normalmente viernes por la tarde, fin de semana). El tiempo de instalaci\u00f3n suele ser de 2-5 horas dependiendo del sistema deseado, tambi\u00e9n puede ser un poco m\u00e1s largo para coches ex\u00f3ticos. Por supuesto, los t\u00e9cnicos discutir\u00e1n las opciones de instalaci\u00f3n con usted personalmente de antemano, para que pueda hacerse una idea del aspecto que tendr\u00e1 la soluci\u00f3n despu\u00e9s. Durante la instalaci\u00f3n, puede aprovechar para dar una vuelta por la ciudad. Muchos clientes est\u00e1n muy contentos con esta posibilidad. Las dificultades s\u00f3lo pueden surgir en contadas ocasiones, por ejemplo, si no hay espacio suficiente en la parte delantera del veh\u00edculo o si s\u00f3lo el desmontaje de las piezas de la carrocer\u00eda llevar\u00eda horas y se necesitan herramientas especiales. A\u00f1ada este art\u00edculo a su cesta de la compra si est\u00e1 interesado en encargarse de la instalaci\u00f3n del equipo que ha pedido.<\/p>\n","protected":false},"excerpt":{"rendered":"<p><strong><span style=\"color: #000080;\">PAQUETE PROFESIONAL (STINGER VIP)<\/span><\/strong><\/p>\n<p><strong>El detector de radar Stinger VIP<\/strong> con Freedom Laser y eso es la unidad absoluta de gama alta con pantalla LCD en color. Este paquete de detector de radar fijo ofrece advertencia\/interferencia de radar y l\u00e1ser, protecci\u00f3n fotoel\u00e9ctrica\/eso 3.0. Adem\u00e1s del detector de radar, tambi\u00e9n ofrece una base de datos de radares GPS gratuita integrada contra radares fijos, radares de velocidad y l\u00e1ser para toda Europa.<\/p>\n","protected":false},"featured_media":1010,"comment_status":"open","ping_status":"closed","template":"","meta":[],"product_brand":[],"product_cat":[172,117],"product_tag":[],"class_list":{"0":"post-14492","1":"product","2":"type-product","3":"status-publish","4":"has-post-thumbnail","6":"product_cat-detectores-radares-soluciones-completas","7":"product_cat-stinger-radar-es","9":"first","10":"instock","11":"sale","12":"taxable","13":"shipping-taxable","14":"purchasable","15":"product-type-simple"},"jetpack_sharing_enabled":true,"_links":{"self":[{"href":"https:\/\/www.radar-shop.eu\/es\/wp-json\/wp\/v2\/product\/14492","targetHints":{"allow":["GET"]}}],"collection":[{"href":"https:\/\/www.radar-shop.eu\/es\/wp-json\/wp\/v2\/product"}],"about":[{"href":"https:\/\/www.radar-shop.eu\/es\/wp-json\/wp\/v2\/types\/product"}],"replies":[{"embeddable":true,"href":"https:\/\/www.radar-shop.eu\/es\/wp-json\/wp\/v2\/comments?post=14492"}],"wp:featuredmedia":[{"embeddable":true,"href":"https:\/\/www.radar-shop.eu\/es\/wp-json\/wp\/v2\/media\/1010"}],"wp:attachment":[{"href":"https:\/\/www.radar-shop.eu\/es\/wp-json\/wp\/v2\/media?parent=14492"}],"wp:term":[{"taxonomy":"product_brand","embeddable":true,"href":"https:\/\/www.radar-shop.eu\/es\/wp-json\/wp\/v2\/product_brand?post=14492"},{"taxonomy":"product_cat","embeddable":true,"href":"https:\/\/www.radar-shop.eu\/es\/wp-json\/wp\/v2\/product_cat?post=14492"},{"taxonomy":"product_tag","embeddable":true,"href":"https:\/\/www.radar-shop.eu\/es\/wp-json\/wp\/v2\/product_tag?post=14492"}],"curies":[{"name":"wp","href":"https:\/\/api.w.org\/{rel}","templated":true}]}}