{"id":11566,"date":"2023-06-12T12:06:21","date_gmt":"2023-06-12T10:06:21","guid":{"rendered":"https:\/\/www.radar-shop.eu\/?post_type=product&#038;p=11566"},"modified":"2024-05-01T03:40:10","modified_gmt":"2024-05-01T01:40:10","slug":"uniden-r8","status":"publish","type":"product","link":"https:\/\/www.radar-shop.eu\/es\/producto\/uniden-r8\/","title":{"rendered":"Uniden R8"},"content":{"rendered":"<div class=\"list-row\">\n<p class=\"product-description\"><strong>El Uniden R8<\/strong> es la \u00faltima incorporaci\u00f3n a la familia de detectores de radar de la que m\u00e1s se habla en la industria. Su antena dual permite al R8 detectar amenazas desde las 4 direcciones, con alertas de voz para la direcci\u00f3n de la amenaza. Incluso muestra la direcci\u00f3n, la banda y la intensidad de la se\u00f1al para cada una. La perfecci\u00f3n es ahora mejor.<\/p>\n<\/div>\n<h3 class=\"list-row\">Detector de radar\/l\u00e1ser de largo alcance Uniden Serie R8 Caracter\u00edsticas<br \/>\n<img loading=\"lazy\" decoding=\"async\" class=\" wp-image-11596 alignright\" src=\"https:\/\/www.radar-shop.eu\/wp-content\/uploads\/Uniden-R8-whatsinside.webp\" alt=\"\" width=\"591\" height=\"455\" srcset=\"https:\/\/www.radar-shop.eu\/wp-content\/uploads\/Uniden-R8-whatsinside.webp 3400w, https:\/\/www.radar-shop.eu\/wp-content\/uploads\/Uniden-R8-whatsinside-300x231.webp 300w, https:\/\/www.radar-shop.eu\/wp-content\/uploads\/Uniden-R8-whatsinside-1024x788.webp 1024w, https:\/\/www.radar-shop.eu\/wp-content\/uploads\/Uniden-R8-whatsinside-768x591.webp 768w, https:\/\/www.radar-shop.eu\/wp-content\/uploads\/Uniden-R8-whatsinside-1536x1183.webp 1536w, https:\/\/www.radar-shop.eu\/wp-content\/uploads\/Uniden-R8-whatsinside-2048x1577.webp 2048w, https:\/\/www.radar-shop.eu\/wp-content\/uploads\/Uniden-R8-whatsinside-555x427.webp 555w\" sizes=\"auto, (max-width: 591px) 100vw, 591px\" \/><\/h3>\n<div class=\"list-row\">\n<ul>\n<li>Detecci\u00f3n en 360<\/li>\n<li>La doble antena del R8 le permite detectar amenazas desde las 4 direcciones<\/li>\n<li>MRCD\/MRCT (prioridad de alerta: L\u00e1ser, MRCD, Ka, K, X) con tonos personalizables<\/li>\n<li>Las antenas duales muestran la direcci\u00f3n del l\u00e1ser<\/li>\n<li>Notificaciones de voz<\/li>\n<li>Visualizaci\u00f3n de la frecuencia de banda del radar<\/li>\n<li>GPS para localizaci\u00f3n de radares de sem\u00e1foro en rojo y de velocidad (EUROPA incl. actualizaciones de por vida)<\/li>\n<li>Hasta 2.000 bloqueos GPS<\/li>\n<li>Pantalla OLED de f\u00e1cil lectura<\/li>\n<li>Marca de usuario y notificaci\u00f3n por voz<\/li>\n<li>Filtros avanzados de banda K y Ka<\/li>\n<li>Spectre I y IV indetectables<\/li>\n<li>Muestra la intensidad de la se\u00f1al y el voltaje de la bater\u00eda del veh\u00edculo<\/li>\n<li>M\u00e1x. Sistema de aviso de velocidad<\/li>\n<li>Borrado de puntos de c\u00e1maras de sem\u00e1foro en rojo<\/li>\n<li>Tonos de alerta seleccionables de banda X, K, MRCD, Ka y l\u00e1ser<\/li>\n<li>Tono Bogey (Tonos de alerta 1 &#8211; 5)<\/li>\n<li>Niveles de sensibilidad definidos por el usuario para las bandas X, K y Ka<\/li>\n<li>Niveles de volumen de silencio autom\u00e1tico (Apagado, Encendido: 0 &#8211; 5)<\/li>\n<li>Alerta de voz en frecuencia Ka<\/li>\n<li>Atenuaci\u00f3n autom\u00e1tica<\/li>\n<li>Alerta de sobrevelocidad Silencio<\/li>\n<li>Las flechas del radar le indican la direcci\u00f3n de la que procede la amenaza<\/li>\n<li>Detecci\u00f3n l\u00e1ser de 360<\/li>\n<li>Gran pantalla OLED ultrabrillante para el d\u00eda y la noche<\/li>\n<li>Detecci\u00f3n GPS de c\u00e1maras de luz roja<\/li>\n<li>Alertas de voz<\/li>\n<li>Procesador un 50% m\u00e1s r\u00e1pido<\/li>\n<\/ul>\n<\/div>\n<h3>Contenido de la caja<\/h3>\n<div class=\"list-row\">\n<ul>\n<li>Detector de radar R8<\/li>\n<li>Cable de alimentaci\u00f3n de 12 V CC con conector RJ11<\/li>\n<li>Soporte de montaje en el parabrisas (1 copa)<\/li>\n<li>Soporte de montaje en el parabrisas (2 copas)<\/li>\n<li>Funda de neopreno<\/li>\n<li>Estuche de transporte<\/li>\n<\/ul>\n<h3>Manual del usuario de Uniden<\/h3>\n<p><a href=\"https:\/\/www.radar-shop.eu\/wp-content\/uploads\/Uniden-R8-User-Manual.pdf\">Uniden R8 User Manual PDF<\/a><\/p>\n<h3>Presentaci\u00f3n del Uniden R8 de Vortex<\/h3>\n<\/div>\n<p><iframe loading=\"lazy\" title=\"Uniden R8 Introduction\" width=\"980\" height=\"551\" src=\"https:\/\/www.youtube.com\/embed\/jp8X6YrKgPc?start=1&#038;feature=oembed\" frameborder=\"0\" allow=\"accelerometer; autoplay; clipboard-write; encrypted-media; gyroscope; picture-in-picture\" allowfullscreen><\/iframe><\/p>\n<div class=\"list-row\">\n<h3>Uniden R8 &#8211; Los mejores detectores de radar de gama alta 2022 2023<\/h3>\n<p><iframe loading=\"lazy\" title=\"Best High End Radar Detectors of 2022\" width=\"980\" height=\"551\" src=\"https:\/\/www.youtube.com\/embed\/vqh09dqQ2mM?start=238&#038;feature=oembed\" frameborder=\"0\" allow=\"accelerometer; autoplay; clipboard-write; encrypted-media; gyroscope; picture-in-picture\" allowfullscreen><\/iframe><\/p>\n<h3>Revisi\u00f3n de Uniden R7\/R8 vs. Valentine One Gen2<\/h3>\n<p>Vortex (www.vortexradar.com) como uno de los mejores bloggers de youtube para cosas de radares y detectores estaba probando y revisando el Uniden R7 vs el nuevo Valentine One Gen2.<\/p>\n<\/div>\n<div class=\"list-row\">\n<p><iframe loading=\"lazy\" src=\"https:\/\/www.youtube.com\/embed\/tHRxgc1Btfc?list=RDQM1ovYpyYs3f8\" width=\"964\" height=\"542\" frameborder=\"0\" allowfullscreen=\"allowfullscreen\"><\/iframe><\/p>\n<blockquote class=\"wp-embedded-content\" data-secret=\"C3gmQZJaY8\"><p><a href=\"https:\/\/www.radar-shop.eu\/radar-detector-setup-tutorial\/\">Radar Detector Setup Tutorial<\/a><\/p><\/blockquote>\n<p><iframe loading=\"lazy\" class=\"wp-embedded-content\" sandbox=\"allow-scripts\" security=\"restricted\" style=\"position: absolute; clip: rect(1px, 1px, 1px, 1px);\" title=\"\u00abRadar Detector Setup Tutorial\u00bb \u2014 RADAR SHOP\" src=\"https:\/\/www.radar-shop.eu\/radar-detector-setup-tutorial\/embed\/#?secret=C3gmQZJaY8\" data-secret=\"C3gmQZJaY8\" width=\"600\" height=\"338\" frameborder=\"0\" marginwidth=\"0\" marginheight=\"0\" scrolling=\"no\"><\/iframe><\/p>\n<p>https:\/\/www.radar-shop.eu\/best-speed-camera-detector\/<\/p>\n<p>&nbsp;<\/p>\n<\/div>\n<h3>UNIDEN &#8211; detector de radar preguntas frecuentes<\/h3>\n<p>Alertas sonoras\/visuales &#8211; La advertencia sonora m\u00e1s com\u00fan es una serie de \u00abpitidos\u00bb o \u00abbraps\u00bb que se hacen m\u00e1s r\u00e1pidos a medida que te acercas a la fuente del radar. Las alarmas visibles pueden ser una indicaci\u00f3n digital de la intensidad de la se\u00f1al o una serie de LED. Muchos detectores ofrecen ahora LED alfanum\u00e9ricos que pueden mostrarle el tipo de banda detectada junto con su intensidad.<\/p>\n<p>Silenciamiento autom\u00e1tico &#8211; Sustituye una alerta sonora continua por una \u00fanica alerta seguida de un clic. Esto puede preservar su cordura durante encuentros de radar prolongados mientras contin\u00faa notific\u00e1ndole de la presencia de radar.<\/p>\n<p>Conmutador Ciudad\/Carretera (Modos Ciudad\/Carretera) &#8211; Ayuda a eliminar las falsas alarmas de emisiones de banda X no policiales que se encuentran en zonas urbanas, normalmente causadas por los abridores autom\u00e1ticos de puertas en tiendas cercanas a la carretera. Esto se consigue normalmente reduciendo la sensibilidad del detector, ya que la capacidad de \u00abver\u00bb largas distancias no es cr\u00edtica en las calles de la ciudad. Algunos detectores disponen de m\u00faltiples ajustes de sensibilidad para la conducci\u00f3n en ciudad.<\/p>\n<p>Modo atenuado\/oscuro &#8211; Para que el detector pase desapercibido mientras se conduce de noche, esta funci\u00f3n aten\u00faa o elimina la iluminaci\u00f3n de las alarmas y los controles.<\/p>\n<p>GPS &#8211; Los detectores de radar con tecnolog\u00eda GPS no ofrecen navegaci\u00f3n giro a giro. En su lugar, utilizan sat\u00e9lites GPS para realizar un seguimiento de la velocidad del veh\u00edculo y proporcionar advertencias para cuando supera un l\u00edmite definido por el usuario. Tambi\u00e9n permiten al usuario marcar los lugares donde hay zonas conocidas de control de radares (\u00abtrampas de velocidad\u00bb), o donde suele haber falsas alertas, de modo que el detector puede enviar una advertencia antes de acercarse a esas zonas, o ignorar las falsas alertas a la vuelta de la visita.<\/p>\n<p>Algunos detectores con GPS tambi\u00e9n pueden acceder a una base de datos de c\u00e1maras de tr\u00e1fico y sem\u00e1foros en rojo, por lo que el adetector puede avisar cuando esas c\u00e1maras son inminentes.<\/p>\n<p>Banda K &#8211; La banda de frecuencia de radar m\u00e1s utilizada: 24,05 &#8211; 24,25 GHz. La banda K hizo su aparici\u00f3n en 1978. Los primeros radares port\u00e1tiles de banda K s\u00f3lo pod\u00edan utilizarse desde una posici\u00f3n estacionaria. M\u00e1s tarde se introdujo una versi\u00f3n \u00abpulsada\u00bb que pod\u00eda utilizarse desde un veh\u00edculo parado o en movimiento.<\/p>\n<p>Las ondas de radar de banda K tienen una longitud de onda relativamente peque\u00f1a. Con el nivel de potencia de los radares policiales, la banda K tiene un alcance efectivo de unos 400 metros. Dependiendo del terreno (a la vuelta de una esquina, sobre una colina, etc.), las ondas de banda K pueden detectarse desde un rango de 1\/4 de milla a 2 millas.<\/p>\n<p>Banda Ka &#8211; En 987 la FCC asign\u00f3 una frecuencia en otra banda, la Ka, para uso de radares policiales. La banda Ka incorpora la banda Ka, la banda Ka ancha y la banda Ka superancha. Con Ka lleg\u00f3 la introducci\u00f3n del radar fotogr\u00e1fico (tambi\u00e9n conocido como \u00abphoto-cop\u00bb). El sistema photo-cop funciona a 34,3 GHz y combina un ca\u00f1\u00f3n de radar en banda Ka con una c\u00e1mara automatizada (v\u00e9ase Foto Radar m\u00e1s abajo).<\/p>\n<p>Posteriormente, la FCC ampli\u00f3 el uso del radar de banda Ka a un rango de 34,2 a 35,2 GHz. Esto se conoci\u00f3 como Banda Ancha Ka.<\/p>\n<p>La introducci\u00f3n de la pistola de radar \u00abstalker\u00bb subi\u00f3 las apuestas en el juego de la detecci\u00f3n. A diferencia de todas las pistolas anteriores, la Stalker puede estar autorizada por la FCC para cualquier frecuencia de la banda Ka entre 33,4 GHz y 36,0 GHz, por lo que no puede ser captada por detectores dise\u00f1ados \u00fanicamente para radares X, K y foto. Las pistolas acechadoras se utilizan en m\u00e1s de la mitad del pa\u00eds.<\/p>\n<p>L\u00e1ser &#8211; El l\u00e1ser policial utiliza pulsos de luz l\u00e1ser en lugar de ondas de radio de radar para la detecci\u00f3n de la velocidad. La pistola l\u00e1ser de velocidad ha llegado a manos de la polic\u00eda estatal y local en al menos la mitad del pa\u00eds.<\/p>\n<p>Las ventajas de una pistola l\u00e1ser son convincentes: el haz de luz l\u00e1ser es mucho m\u00e1s estrecho que el de un radar, lo que permite localizar con mayor precisi\u00f3n un veh\u00edculo concreto; y el tiempo necesario para captar una lectura de velocidad es inferior a medio segundo, frente a los 2 \u00f3 3 segundos del radar.<\/p>\n<p>Tambi\u00e9n hay que tener en cuenta los inconvenientes: las pistolas l\u00e1ser son muy caras, no se pueden utilizar desde un veh\u00edculo en movimiento o detr\u00e1s de un cristal, y para apuntar con precisi\u00f3n se necesita un tr\u00edpode o una mano muy firme.<\/p>\n<p>A pesar de las afirmaciones iniciales de que la energ\u00eda de una pistola l\u00e1ser no es detectable, s\u00ed lo es. Y a medida que el haz l\u00e1ser se aleja del ca\u00f1\u00f3n l\u00e1ser, se ensancha y se hace m\u00e1s f\u00e1cil de detectar. La velocidad de los veh\u00edculos suele medirse a unos 1.000 pies (1\/5 de milla); a esa distancia, el haz l\u00e1ser mide m\u00e1s de 3 pies de ancho.<\/p>\n<p>Radar fotogr\u00e1fico (Photo Cop) &#8211; El photo-cop combina una pistola de radar de banda Ka con una c\u00e1mara automatizada. La c\u00e1mara se activa cuando un veh\u00edculo se aproxima a una velocidad predeterminada o superior. La foto muestra la parte delantera del veh\u00edculo, la matr\u00edcula, la cara del conductor, la fecha, el lugar y la hora. La unidad puede registrar y fotografiar hasta 200 veh\u00edculos por hora. No se detiene a los presuntos infractores. La pel\u00edcula se procesa y se env\u00eda por correo una multa al propietario registrado del veh\u00edculo, orden\u00e1ndole que pague la multa o comparezca ante el tribunal.<\/p>\n<p>El alcance efectivo de Photo Cop es de 120-300 pies y transmite una se\u00f1al continua, lo que es una ventaja para los detectores de radar. La distancia a la que puede detectarse var\u00eda en funci\u00f3n de la sensibilidad de la banda Ka del detector. Por lo general, los mejores detectores pueden olfatear un sistema de fotomultas a una distancia de entre 1,5 y 1,5 kil\u00f3metros.<\/p>\n<p>S\u00f3lo unas pocas ciudades utilizan fotorradares. Fuentes del sector preve\u00edan un inter\u00e9s generalizado y un mayor uso, pero no ha sido as\u00ed. Las controversias legales y los gastos prohibitivos han hecho que las autoridades sigan utilizando m\u00e9todos m\u00e1s tradicionales de detecci\u00f3n de velocidad.<\/p>\n<p>Modo POP &#8211; En el modo POP, puede detectar r\u00e1fagas cortas de radares que son demasiado r\u00e1pidas para que muchos otros detectores las capten. Puede activar y desactivar el modo POP en el sistema de men\u00fas.<\/p>\n<p>Radar de Pulso &#8211; Un refinamiento del radar de banda K original. El radar de pulsos se puede utilizar tanto desde un veh\u00edculo en movimiento como desde una posici\u00f3n estacionaria. Las armas de radar de pulso transmiten una r\u00e1faga de energ\u00eda cada dos segundos.<\/p>\n<p>Selectividad: capacidad de un detector para detectar radares policiales e ignorar la presencia de dispositivos como abridores autom\u00e1ticos de puertas de garaje y microondas, que pueden funcionar en frecuencias muy pr\u00f3ximas. Un buen detector de radar ofrece una alta selectividad, adem\u00e1s de ser muy sensible.<\/p>\n<p>Sensibilidad: capacidad de un detector para detectar radares. La mayor\u00eda de los fabricantes de detectores de radar aumentan la sensibilidad a medida que a\u00f1aden funciones y ascienden en la l\u00ednea de productos.<\/p>\n<p>Pistola de radar \u00abStalker\u00bb &#8211; Pistola de radar port\u00e1til y fija que puede configurarse para funcionar en cualquier punto de la banda Ka entre 33,4 y 36,0 GHz. Los detectores de radar deben ser capaces de escanear una gama de frecuencias para detectarlo. Son los denominados detectores de banda superancha, la \u00faltima generaci\u00f3n de detectores de radar dise\u00f1ados espec\u00edficamente para captar las frecuencias de las bandas X, K y toda la gama de frecuencias de la banda Ka.<\/p>\n<p>Superheterodino &#8211; El t\u00e9rmino superheterodino hace referencia a un m\u00e9todo de dise\u00f1o y construcci\u00f3n de equipos de comunicaciones inal\u00e1mbricas o de radiodifusi\u00f3n, en particular receptores de radio en los que una frecuencia generada localmente se combina con la frecuencia portadora para producir una se\u00f1al supers\u00f3nica que se demodula y amplifica. A veces, un receptor que emplea esta tecnolog\u00eda se denomina \u00absuperheterodino\u00bb o \u00absuperhet\u00bb.<\/p>\n<p>Pantalla de texto &#8211; Una pantalla de texto explica en detalle a qu\u00e9 forma de detecci\u00f3n de velocidad se enfrenta.<\/p>\n<p>Detecci\u00f3n de detectores de radar VG-2\/Spectre (RDD) &#8211; Puede pensar en VG-2 como un contraataque de las fuerzas del orden contra los detectores de radar. El VG-2 identifica los veh\u00edculos con detectores de radar en funcionamiento, buscando las frecuencias emitidas por los osciladores de sintonizaci\u00f3n de los detectores de radar. Afortunadamente, la mayor\u00eda de los detectores ofrecen alg\u00fan tipo de protecci\u00f3n contra esta tecnolog\u00eda. Los detectores con inmunidad VG-2 est\u00e1n protegidos contra VG-2 sin interrumpir la protecci\u00f3n contra radares y l\u00e1ser. Otros detectores simplemente emiten una advertencia y se apagan autom\u00e1ticamente cuando olfatean se\u00f1ales VG-2.<\/p>\n<p>Spectre RDD barre un espectro m\u00e1s amplio que VG-2 y tambi\u00e9n cubre varias bandas, lo que hace m\u00e1s dif\u00edcil eludirlo. Se utiliza principalmente en zonas donde los detectores de radar son ilegales, o para rastrear detectores en veh\u00edculos comerciales. En la actualidad, s\u00f3lo unos pocos detectores afirman ser completamente invisibles tanto a Spectre como a VG-2 RDD.<\/p>\n<p>Banda X &#8211; La primera banda de frecuencias asignada a los radares policiales: 10,5 &#8211; 10,55 GHz. El radar de banda X, que data de la d\u00e9cada de 1950, es el m\u00e1s f\u00e1cil de detectar debido a su menor frecuencia y mayor potencia de salida. Dependiendo del terreno, la temperatura y la humedad, el radar de banda X puede detectarse a una distancia de 2 a 4 millas, aunque s\u00f3lo puede realizar lecturas precisas de la velocidad a una distancia de 1\/2 milla o menos.<\/p>\n<p>Por desgracia, el radar de la polic\u00eda no es la \u00fanica fuente de se\u00f1ales de banda X. Los abridores de puertas de garaje, las alarmas de intrusi\u00f3n por microondas, las torres de microondas y otros equipos de alta tecnolog\u00eda pueden enga\u00f1ar a un detector de radar para que emita una alerta de banda X. Para combatir esta \u00abfalsificaci\u00f3n\u00bb se utilizan filtros y muestreos redundantes.<\/p>\n","protected":false},"excerpt":{"rendered":"<p>El nuevo Uniden R8 es la \u00faltima incorporaci\u00f3n a la l\u00ednea de detectores de radar m\u00e1s conocida de la industria. Su antena dual permite al Uniden R8 detectar amenazas desde las 4 direcciones, con alertas de voz para la direcci\u00f3n de la amenaza. Incluso muestra la direcci\u00f3n, la banda y la intensidad de la se\u00f1al para cada una. \u00a1La perfecci\u00f3n es ahora mejor!<\/p>\n<ul>\n<li>TECNOLOG\u00cdA GPS &#8211; Usando el GPS el R8 puede recordar y silenciar falsas alertas comunes (como puertas autom\u00e1ticas de tiendas) a lo largo de sus rutas regulares para que nunca tenga que escuchar la misma falsa alerta dos veces.<\/li>\n<li>GRAN PANTALLA OLED MULTICOLOR &#8211; es f\u00e1cil de leer y permite mostrar m\u00e1s informaci\u00f3n \u00fatil a la vez, incluyendo hasta 4 se\u00f1ales simult\u00e1neamente. Esto mejora su conocimiento de la situaci\u00f3n general.<\/li>\n<li>ALERTAS POR VOZ &#8211; Las alertas por voz permiten un funcionamiento manos libres y proporcionan una comunicaci\u00f3n clara. Las alertas de voz se pueden programar para que se adapten a su estilo de conducci\u00f3n y pueda mantener los ojos en la carretera sin distracciones.<\/li>\n<\/ul>\n","protected":false},"featured_media":11644,"comment_status":"open","ping_status":"closed","template":"","meta":[],"product_brand":[],"product_cat":[174,2670],"product_tag":[],"class_list":{"0":"post-11566","1":"product","2":"type-product","3":"status-publish","4":"has-post-thumbnail","6":"product_cat-detector-radar-en-la-cabina","7":"product_cat-uniden-es","9":"first","10":"onbackorder","11":"sale","12":"taxable","13":"shipping-taxable","14":"purchasable","15":"product-type-simple"},"jetpack_sharing_enabled":true,"_links":{"self":[{"href":"https:\/\/www.radar-shop.eu\/es\/wp-json\/wp\/v2\/product\/11566","targetHints":{"allow":["GET"]}}],"collection":[{"href":"https:\/\/www.radar-shop.eu\/es\/wp-json\/wp\/v2\/product"}],"about":[{"href":"https:\/\/www.radar-shop.eu\/es\/wp-json\/wp\/v2\/types\/product"}],"replies":[{"embeddable":true,"href":"https:\/\/www.radar-shop.eu\/es\/wp-json\/wp\/v2\/comments?post=11566"}],"wp:featuredmedia":[{"embeddable":true,"href":"https:\/\/www.radar-shop.eu\/es\/wp-json\/wp\/v2\/media\/11644"}],"wp:attachment":[{"href":"https:\/\/www.radar-shop.eu\/es\/wp-json\/wp\/v2\/media?parent=11566"}],"wp:term":[{"taxonomy":"product_brand","embeddable":true,"href":"https:\/\/www.radar-shop.eu\/es\/wp-json\/wp\/v2\/product_brand?post=11566"},{"taxonomy":"product_cat","embeddable":true,"href":"https:\/\/www.radar-shop.eu\/es\/wp-json\/wp\/v2\/product_cat?post=11566"},{"taxonomy":"product_tag","embeddable":true,"href":"https:\/\/www.radar-shop.eu\/es\/wp-json\/wp\/v2\/product_tag?post=11566"}],"curies":[{"name":"wp","href":"https:\/\/api.w.org\/{rel}","templated":true}]}}