{"id":789,"date":"2018-03-11T10:07:43","date_gmt":"2018-03-11T10:07:43","guid":{"rendered":"https:\/\/www.radar-shop.eu\/?page_id=789\/"},"modified":"2020-09-17T12:47:55","modified_gmt":"2020-09-17T10:47:55","slug":"contacto","status":"publish","type":"page","link":"https:\/\/www.radar-shop.eu\/es\/contacto\/","title":{"rendered":"Contacto"},"content":{"rendered":"<h1>\u00bfNECESITA ASESORAMIENTO SOBRE DETECTORES RADARES?<\/h1>\n<p><strong>Puede hacer su pedido de detectores de radar<\/strong> de inmediato y en forma directa en nuestra tienda. Puede enviar sus consultas v\u00eda correo electr\u00f3nico a:\u00a0<strong><a href=\"mailto:espana@radar-shop.eu\">espana@radar-shop.eu<\/a><\/strong>.<\/p>\n<p><strong>Con gusto responderemos<\/strong> tambi\u00e9n sus consultas sobre comercios y tambi\u00e9n en caso de que sienta inter\u00e9s en trabajar con nosotros. Para ello contamos tambi\u00e9n con empresas asociadas regionales que pueden instalar de forma competente los equipos detectores de radar en los veh\u00edculos de nuestros clientes. Observe tambi\u00e9n nuestra secci\u00f3n \u00ab<a title=\"Preguntas detectores de radar\" href=\"http:\/\/www.radar-shop.com\/es\/Detector-radar-preguntas\/\">Preguntas frecuentes<\/a>\u00bb en nuestra p\u00e1gina web.<\/p>\n<h3>Cont\u00e1ctenos aqu\u00ed:<\/h3>\n<div class=\"wpforms-container wpforms-container-full\" id=\"wpforms-7306\"><form id=\"wpforms-form-7306\" class=\"wpforms-validate wpforms-form\" data-formid=\"7306\" method=\"post\" enctype=\"multipart\/form-data\" action=\"\/es\/wp-json\/wp\/v2\/pages\/789\" data-token=\"db5b6eab63d94db694cb53c5f36b0a25\" data-token-time=\"1776507907\"><noscript class=\"wpforms-error-noscript\">Por favor, activa JavaScript en tu navegador para completar este formulario.<\/noscript><div class=\"wpforms-field-container\"><div id=\"wpforms-7306-field_0-container\" class=\"wpforms-field wpforms-field-name\" data-field-id=\"0\"><label class=\"wpforms-field-label\" for=\"wpforms-7306-field_0\">Nombre <span class=\"wpforms-required-label\">*<\/span><\/label><input type=\"text\" id=\"wpforms-7306-field_0\" class=\"wpforms-field-medium wpforms-field-required\" name=\"wpforms[fields][0]\" required><\/div><div id=\"wpforms-7306-field_1-container\" class=\"wpforms-field wpforms-field-email\" data-field-id=\"1\"><label class=\"wpforms-field-label\" for=\"wpforms-7306-field_1\">Correo electr\u00f3nico <span class=\"wpforms-required-label\">*<\/span><\/label><input type=\"email\" id=\"wpforms-7306-field_1\" class=\"wpforms-field-medium wpforms-field-required\" name=\"wpforms[fields][1]\" spellcheck=\"false\" required><\/div><div id=\"wpforms-7306-field_4-container\" class=\"wpforms-field wpforms-field-number\" data-field-id=\"4\"><label class=\"wpforms-field-label\" for=\"wpforms-7306-field_4\">N\u00famero de pedido o factura (opcional)<\/label><input type=\"number\" id=\"wpforms-7306-field_4\" class=\"wpforms-field-medium\" name=\"wpforms[fields][4]\" step=\"any\" ><\/div><div id=\"wpforms-7306-field_2-container\" class=\"wpforms-field wpforms-field-textarea\" data-field-id=\"2\"><label class=\"wpforms-field-label\" for=\"wpforms-7306-field_2\">Tu mensaje <span class=\"wpforms-required-label\">*<\/span><\/label><textarea id=\"wpforms-7306-field_2\" class=\"wpforms-field-medium wpforms-field-required\" name=\"wpforms[fields][2]\" required><\/textarea><\/div><\/div><!-- .wpforms-field-container --><div class=\"wpforms-recaptcha-container wpforms-is-recaptcha wpforms-is-recaptcha-type-v3\" ><input type=\"hidden\" name=\"wpforms[recaptcha]\" value=\"\"><\/div><div class=\"wpforms-submit-container\" ><input type=\"hidden\" name=\"wpforms[id]\" value=\"7306\"><input type=\"hidden\" name=\"page_title\" value=\"\"><input type=\"hidden\" name=\"page_url\" value=\"https:\/\/www.radar-shop.eu\/es\/wp-json\/wp\/v2\/pages\/789\"><input type=\"hidden\" name=\"url_referer\" value=\"\"><button type=\"submit\" name=\"wpforms[submit]\" id=\"wpforms-submit-7306\" class=\"wpforms-submit\" data-alt-text=\"Enviar...\" data-submit-text=\"Enviar\" aria-live=\"assertive\" value=\"wpforms-submit\">Enviar<\/button><\/div><\/form><\/div>  <!-- .wpforms-container -->\n<p>En caso de tener otras preguntas de cualquier tipo puede contactarse con nuestro experimentado socio de log\u00edstica y distribuci\u00f3n por medio de las siguientes opciones:<\/p>\n<table>\n<tbody>\n<tr>\n<td>por el tel\u00e9fono:<\/td>\n<td>+49-3886-714 99 99<br \/>\n<span style=\"color: #ff0000;\">Si usted no habla Ingl\u00e9s en el tel\u00e9fono,<br \/>\npor favor env\u00ede un e-mail en el idioma espa\u00f1ol a:<\/span>\u00a0<a href=\"mailto:espana@radar-shop.eu\">espana@radar-shop.eu<\/a><\/td>\n<\/tr>\n<tr>\n<td>por el fax:<\/td>\n<td>+49 &#8211; 6221 &#8211; 619098<\/td>\n<\/tr>\n<tr>\n<td>de E-mail:<\/td>\n<td><a href=\"mailto:service@radar-shop.eu\">service@radar-shop.eu<\/a><\/td>\n<\/tr>\n<tr valign=\"top\">\n<td><\/td>\n<td><a href=\"mailto:reseller@radar-shop.eu\">reseller@radar-shop.eu<\/a>\u00a0(para los revendedores)<\/td>\n<\/tr>\n<tr>\n<td valign=\"top\">por correo:<\/td>\n<td>RADAR SHOP EU<br \/>\nWaldhofer Str. 102<br \/>\n69123 Heidelberg<br \/>\nAlemania<\/td>\n<\/tr>\n<\/tbody>\n<\/table>\n","protected":false},"excerpt":{"rendered":"<p>\u00bfNECESITA ASESORAMIENTO SOBRE DETECTORES RADARES? Puede hacer su pedido de detectores de radar de inmediato y en forma directa en nuestra tienda. Puede enviar sus consultas v\u00eda correo electr\u00f3nico a:\u00a0espana@radar-shop.eu. Con gusto responderemos tambi\u00e9n sus consultas sobre comercios y tambi\u00e9n en caso de que sienta inter\u00e9s en trabajar con nosotros. Para ello contamos tambi\u00e9n con [&hellip;]<\/p>\n","protected":false},"author":1,"featured_media":780,"parent":0,"menu_order":0,"comment_status":"closed","ping_status":"closed","template":"","meta":{"footnotes":""},"yst_prominent_words":[1424,847,441,917,845,849,851,252],"class_list":["post-789","page","type-page","status-publish","has-post-thumbnail","hentry"],"jetpack_sharing_enabled":true,"_links":{"self":[{"href":"https:\/\/www.radar-shop.eu\/es\/wp-json\/wp\/v2\/pages\/789","targetHints":{"allow":["GET"]}}],"collection":[{"href":"https:\/\/www.radar-shop.eu\/es\/wp-json\/wp\/v2\/pages"}],"about":[{"href":"https:\/\/www.radar-shop.eu\/es\/wp-json\/wp\/v2\/types\/page"}],"author":[{"embeddable":true,"href":"https:\/\/www.radar-shop.eu\/es\/wp-json\/wp\/v2\/users\/1"}],"replies":[{"embeddable":true,"href":"https:\/\/www.radar-shop.eu\/es\/wp-json\/wp\/v2\/comments?post=789"}],"version-history":[{"count":0,"href":"https:\/\/www.radar-shop.eu\/es\/wp-json\/wp\/v2\/pages\/789\/revisions"}],"wp:featuredmedia":[{"embeddable":true,"href":"https:\/\/www.radar-shop.eu\/es\/wp-json\/wp\/v2\/media\/780"}],"wp:attachment":[{"href":"https:\/\/www.radar-shop.eu\/es\/wp-json\/wp\/v2\/media?parent=789"}],"wp:term":[{"taxonomy":"yst_prominent_words","embeddable":true,"href":"https:\/\/www.radar-shop.eu\/es\/wp-json\/wp\/v2\/yst_prominent_words?post=789"}],"curies":[{"name":"wp","href":"https:\/\/api.w.org\/{rel}","templated":true}]}}