{"id":525,"date":"2018-03-09T19:11:51","date_gmt":"2018-03-09T19:11:51","guid":{"rendered":"https:\/\/www.radar-shop.eu\/?page_id=525\/"},"modified":"2023-10-26T13:30:05","modified_gmt":"2023-10-26T11:30:05","slug":"todo-sobre-las-tecnicas-de-medicion","status":"publish","type":"page","link":"https:\/\/www.radar-shop.eu\/es\/todo-sobre-las-tecnicas-de-medicion\/","title":{"rendered":"TODO SOBRE LAS T\u00c9CNICAS DE MEDICI\u00d3N"},"content":{"rendered":"<h2><span style=\"color: #000080;\">DETECTORES DE RADAR &#8211; PREGUNTAS M\u00c1S FRECUENTES<\/span><\/h2>\n<p><img loading=\"lazy\" decoding=\"async\" class=\"size-medium wp-image-1473 alignright\" src=\"https:\/\/www.radar-shop.eu\/wp-content\/uploads\/\/radarfalle-300x169.jpg\" alt=\"Radarfalle\" width=\"300\" height=\"169\" srcset=\"https:\/\/www.radar-shop.eu\/wp-content\/uploads\/radarfalle-300x169.jpg 300w, https:\/\/www.radar-shop.eu\/wp-content\/uploads\/radarfalle-1024x576.jpg 1024w, https:\/\/www.radar-shop.eu\/wp-content\/uploads\/radarfalle-768x432.jpg 768w, https:\/\/www.radar-shop.eu\/wp-content\/uploads\/radarfalle-555x312.jpg 555w, https:\/\/www.radar-shop.eu\/wp-content\/uploads\/radarfalle.jpg 1280w\" sizes=\"auto, (max-width: 300px) 100vw, 300px\" \/><\/p>\n<p><strong>Lea, por favor, las siguientes preguntas y respuestas sobre\u00a0<a title=\"detectores de radar\" href=\"https:\/\/www.radar-shop.eu\/es\/categoria-producto\/detector-radar-en-la-cabina\/\">detectores de radar<\/a>.<\/strong> Son muy informativas, frecuentemente circulan afirmaciones y opiniones incorrectas acerca del tema detectores de radar. Adem\u00e1s, obtendr\u00e1 muchas respuestas acerca del procedimiento de pedido en nuestra online-shop.<br \/>\nNo obstante ello, si sigue teniendo dudas, cont\u00e1ctese con nosotros a la Email: <a href=\"mailto:service@radar-shop.eu\">service@radar-shop.eu<\/a>.<br \/>\nDesde ya, esperamos su consulta.<\/p>\n<p>&#8212;&#8212;&#8212;&#8212;&#8212;&#8212;&#8212;&#8212;&#8212;&#8212;&#8212;&#8212;&#8212;&#8212;&#8212;&#8212;&#8212;&#8212;&#8212;&#8212;&#8212;&#8212;&#8212;&#8212;&#8212;&#8212;&#8212;&#8212;&#8212;&#8212;&#8212;&#8212;&#8212;&#8212;&#8212;&#8212;&#8212;&#8212;&#8211;<\/p>\n<p><strong>\u00bfLe generan dudas algunas ofertas de detectores de radar incre\u00edblemente convenientes que aparecen en p\u00e1ginas web dudosas y poco confiables o que son hechas por desconocidos vendedores de detectores de radar de ultramar?<\/strong><br \/>\n\u00a1Compre su detector de radar o su detector GPS contra cameras de radar a un comerciante profesional y serio con garant\u00eda total y m\u00e1ximo servicio!<\/p>\n<p><strong>\u00bfDe qu\u00e9 mediciones puede dar aviso un detector de radar o un detector de l\u00e1ser?<\/strong><br \/>\nAvisa en caso de mediciones de velocidad hechas con equipos de radar y l\u00e1ser. Esto vale para aparatos tanto de instalaci\u00f3n fija como m\u00f3viles. Para detectar c\u00e1maras de instalaci\u00f3n fija se recomienda siempre un\u00a0<a title=\"detectores GPS\" href=\"https:\/\/www.radar-shop.eu\/es\/categoria-producto\/gps-detector-camaras-radar\/\">detector GPS<\/a>.<\/p>\n<p><strong>\u00bfQu\u00e9 mediciones puede evitar un bloqueador de laser o \u201c<a title=\"inhibidor laser\" href=\"https:\/\/www.radar-shop.eu\/es\/categoria-producto\/inhibidor-laser-y-autovelox\/\">inhibidor laser<\/a>\u201d?<\/strong><br \/>\nSe evitan mediciones de forma activa por medio del laser o \u201cprism\u00e1ticos laser\u201d. La velocidad del veh\u00edculo no puede leerse.<\/p>\n<p><strong>\u00bfC\u00f3mo puede darse una advertencia de un emisor (c\u00e1maras de velocidad) de instalaci\u00f3n fija con bucles inductivos o c\u00e1maras de luz roja?<\/strong><br \/>\nEn este caso, la manera ideal de recibir un aviso es con ayuda de un detector GPS. Por ejemplo, pueden considerarse aqu\u00ed los equipos\u00a0<a title=\"KAZA DT 100\" href=\"https:\/\/www.radar-shop.eu\/es\/producto\/avisador-de-radares-internacional-kaza-dt-110-live\/\">KAZA DT 100<\/a>\u00a0y\u00a0<a title=\"detector Quintezz Spy\" href=\"https:\/\/www.radar-shop.eu\/es\/producto\/genevo-gps\/\">Genevo GPS<\/a>\u00a0son un complemento ideal para detectores de radar y bloqueadores laser. Las coordinadas de las estaciones de medici\u00f3n de toda Europa est\u00e1n almacenadas en el equipo y dan aviso por medio de GPS cuando el conductor se aproxima a una estaci\u00f3n de medici\u00f3n de este tipo. Pueden obtenerse gratuitamente en Internet las actualizaciones regulares con las \u00faltimas estaciones de medici\u00f3n y, de esta manera, mantener los equipos actualizados.<\/p>\n<p><strong>\u00bfDe qu\u00e9 forma son \u00fatiles los detectores de radar cuando las c\u00e1maras de instalaci\u00f3n fija miden \u201cdesde atr\u00e1s\u201d (por ejemplo, en Austria, Suiza y Francia)?<\/strong><br \/>\nLas se\u00f1ales de radar que se env\u00edan aqu\u00ed van siguiendo la direcci\u00f3n de marcha, pero con buenos detectores de radar se las puede registrar antes de alcanzar la c\u00e1mara y permiten obtener una advertencia por medio de detectores de radar. Esto tambi\u00e9n es v\u00e1lido para detectores de radar instalados de forma fija en el frente. Como la distancia de advertencia es bastante reducida, se recomienda usar un muy buen detector de radar de gran alcance o de elevada sensibilidad. Los equipos de advertencia GPS ofrecen una advertencia 100% segura: \u00e9stos advierten por medio de una se\u00f1al GPS algunos metros antes de la c\u00e1mara de radar.<\/p>\n<p><strong>\u00bfExiste alg\u00fan equipo que cubra todos los m\u00e9todos y d\u00e9 una advertencia de todos?<br \/>\n<\/strong>Las diversas tecnolog\u00edas de medici\u00f3n hacen necesarios tambi\u00e9n equipos diferentes (detectores de radar, detectores GPS, inhibidores laser) para obtener una protecci\u00f3n completa. Los nuevos equipos\u00a0<a title=\"Escort 9500iX Euro detector radar\" href=\"https:\/\/www.radar-shop.eu\/es\/producto\/navty-p1-performance-tracker\/\">Navty P1 Premium<\/a>,\u00a0<a title=\"detector radar Quintezz DriveControl\" href=\"https:\/\/www.radar-shop.eu\/es\/producto\/genevo-max-detector-de-radar-portatil-antiradar\/\">Genevo Max<\/a>,\u00a0<a title=\"detector de radar KAZA DT 310\" href=\"https:\/\/www.radar-shop.eu\/es\/producto\/neoline-x-cop-9300s\/\">Neoline XCOP 9300<\/a> y <a href=\"https:\/\/www.radar-shop.eu\/es\/producto\/uniden-r8\/\">Uniden R8<\/a> representan una absoluta innovaci\u00f3n, detectan mediante GPS c\u00e1maras l\u00e1ser y radar tanto m\u00f3viles como de instalaci\u00f3n fija. La \u00fanica opci\u00f3n no contemplada aqu\u00ed es el bloqueo activo de laser.<\/p>\n<p><strong>\u00bfC\u00f3mo puedo alcanzar m\u00e1xima protecci\u00f3n contra todos los m\u00e9todos de medici\u00f3n sin que los equipos llamen la atenci\u00f3n desde afuera? \u00bfQu\u00e9 soluci\u00f3n profesional, discreta y efectiva existe?<\/strong><br \/>\nLa instalaci\u00f3n oculta de un detector de radar, por ejemplo, del\u00a0<a title=\"BEL StiR Plus GPS detector radar \" href=\"https:\/\/www.radar-shop.eu\/es\/producto\/genevo-pro-2-m\/\">Genevo Assist Pro 2 M<\/a>,\u00a0<a title=\"Stinger Card detecteur de radar\" href=\"https:\/\/www.radar-shop.eu\/es\/producto\/stinger-vip\/\">Stinger VIP<\/a>, \u00a0<a title=\"detector radar Valentine One RC\" href=\"https:\/\/www.radar-shop.eu\/es\/producto\/genevo-pro\/\">Genevo Assist Pro<\/a>, <a href=\"https:\/\/www.radar-shop.eu\/es\/producto\/blu-eye-2-track-technologies\/\">Target BluEye<\/a> un perturbador <a title=\"Blinder Laserjammer HP 905\" href=\"https:\/\/www.radar-shop.eu\/es\/producto\/antilaser-priority-alp1\/\">laser ALP Priority<\/a>\u00a0y un\u00a0<a title=\"KAZA DT 100\" href=\"https:\/\/www.radar-shop.eu\/es\/producto\/lasertrack-flare\/\">KAZA DT 100<\/a>\u00a0es la mejor soluci\u00f3n y protege contra casi todas las mediciones (con excepci\u00f3n de las tomas de v\u00eddeo de la Polic\u00eda, por ejemplo). Sobre este tema, mire nuestras\u00a0<a title=\"Detectores radares para Espana y Portugal\" href=\"https:\/\/www.radar-shop.eu\/es\/producto\/stinger-vip-gps-freedom-laser-eso-autovelox\/\">soluciones completas all-in-one<\/a>.<\/p>\n<p><strong>\u00bfA cu\u00e1nto asciende el alcance de un detector de radar?<\/strong><br \/>\nEl alcance de un detector de radar es de 80m-500m (y m\u00e1s). Circunstancias f\u00edsicas de cada lugar tales como curvas, cimas de monta\u00f1as, puentes, etc., pueden llegar a ejercer aqu\u00ed una leve influencia en la eficiencia. Otros equipos notoriamente m\u00e1s costosos, tales como el\u00a0<a title=\"detector radar Escort 9500iX euro\" href=\"https:\/\/www.radar-shop.eu\/es\/producto\/navty-p1-performance-tracker\/\">detector Navty P1 Premium<\/a>\u00a0o detector radar\u00a0<a title=\"detector de radar KAZA DT 310\" href=\"https:\/\/www.radar-shop.eu\/es\/producto\/genevo-max-detector-de-radar-portatil-antiradar\/\">Genevo Max<\/a>, ofrecen un mayor alcance y, en virtud de su mejor sensibilidad, se encuentran en el segmento de precios m\u00e1s elevados.<\/p>\n<p><strong>\u00bfPor qu\u00e9 son tan grandes las diferencias de precio de los detectores de radar?<\/strong><br \/>\nLos equipos se diferencian especialmente en la sensibilidad y, con ello, en el alcance y la distancia de advertencia, pero tambi\u00e9n en otras caracter\u00edsticas especiales, como los idiomas en los que se visualiza la informaci\u00f3n y la cantidad de frecuencias barridas. Los equipos m\u00e1s econ\u00f3micos tambi\u00e9n funcionan, pero su alcance es menor que, por ejemplo, el del\u00a0<a title=\"Valentine detector radar\" href=\"https:\/\/www.radar-shop.eu\/es\/producto\/detector-de-radar-valentine-one-v1-gen2\/\">Valentine One Gen2<\/a>. Algunos equipos de instalaci\u00f3n fija como el\u00a0<a title=\"Stinger VIP detector radar\" href=\"https:\/\/www.radar-shop.eu\/es\/producto\/stinger-vip\/\">Stinger VIP<\/a>\u00a0o el\u00a0<a title=\"detector radar Valentine One RC\" href=\"https:\/\/www.radar-shop.eu\/es\/producto\/genevo-pro-2-m\/\">detector de radar Genevo Assist Pro2<\/a>\u00a0son tecnol\u00f3gicamente m\u00e1s complejos y, por eso mismo, tambi\u00e9n m\u00e1s caros.<\/p>\n<p><strong>\u00bfDe qu\u00e9 manera influyen los parabrisas t\u00e9rmicos con metal vaporizado en el alcance de un detector de radar?<\/strong><br \/>\nLos detectores de radar para usar dentro de la cabina del conductor funcionan tambi\u00e9n en presencia de estos parabrisas, pero con un alcance menor. Se recomienda comprar un\u00a0<a title=\"Detectores radares para Espana y Portugal\" href=\"https:\/\/www.radar-shop.eu\/es\/categoria-producto\/detector-radar-en-la-cabina\/\">detector de radar<\/a>\u00a0de alta sensibilidad o la\u00a0<a title=\"detectores radar oculta\" href=\"https:\/\/www.radar-shop.eu\/es\/categoria-producto\/detectores-radar-oculto\/\">instalaci\u00f3n fija<\/a>\u00a0en el frente del veh\u00edculo.<\/p>\n<p><strong>\u00bfPuede detectarse una medici\u00f3n l\u00e1ser con la suficiente antelaci\u00f3n?<\/strong><br \/>\nLas mediciones l\u00e1ser se realizan en una fracci\u00f3n de segundo. Sin embargo, son registrables en un amplio radio. Si se mide entonces un veh\u00edculo que pasa, hay tiempo de reacci\u00f3n suficiente. Adem\u00e1s, la primera detecci\u00f3n no lleva siempre de inmediato a una medici\u00f3n efectiva. Por ejemplo, el\u00a0<a title=\"Antilaser Priority\" href=\"https:\/\/www.radar-shop.eu\/es\/producto\/antilaser-priority-alp1\/\">inhibidor laser Antilaser Priority<\/a>, despu\u00e9s de haber realizado exitosamente la perturbaci\u00f3n de un laser, se apaga durante un tiempo para permitir una nueva medici\u00f3n.<\/p>\n<p><strong>\u00bfQu\u00e9 tama\u00f1o tiene un detector de radar?<\/strong><br \/>\nLos detectores de radar tienen aproximadamente el tama\u00f1o de un paquete de cigarrillos, por lo que no llaman la atenci\u00f3n dentro del veh\u00edculo.<\/p>\n<p><strong>\u00bfEl montaje debe hacerlo un especialista?<\/strong><br \/>\nLos detectores de radar pueden ser puestos en servicio por cualquier usuario sin ning\u00fan problema. En el caso del inhibidor laser, o en el montaje de los detectores de radar para instalaci\u00f3n fija es recomendable hacer que la instalaci\u00f3n sea realizada en un taller. Por lo general, las personas con alg\u00fan talento para las tareas manuales pueden hacer el montaje sin recurrir a ayuda de terceros.<\/p>\n<p><strong>\u00bfD\u00f3nde se pueden instalar los detectores de radar? \u00bfQu\u00e9 debe tenerse en cuenta?<\/strong><br \/>\nLos detectores de radar pueden fijarse en el parabrisas con peque\u00f1as ventosas. Puede optarse tambi\u00e9n por una uni\u00f3n con tela de abrojo sobre el tablero de instrumentos o el montaje con un clip en la visera quitasol. El material necesario para el montaje se provee en su totalidad. En todos los casos, el equipo debe tener libre la visi\u00f3n sobre la carretera. Una instalaci\u00f3n en la guantera o similar impide el correcto funcionamiento.<\/p>\n<p><strong>\u00bfCu\u00e1nto dura el montaje \/ desmontaje?<\/strong><br \/>\nEl primer montaje dura aproximadamente 30 segundos, mientras que para el posterior montaje o desmontaje se necesita menos de 5 segundos, \u00a1apenas un instante!<\/p>\n<p><strong>\u00bfPueden usarse los detectores de radar en diferentes veh\u00edculos?<\/strong><br \/>\nLos detectores de radar son b\u00e1sicamente muy m\u00f3viles y pueden usarse alternativamente en otros veh\u00edculos (por ejemplo, autos de alquiler). Excepci\u00f3n: Equipos para instalaci\u00f3n fija en el compartimiento del motor (por ejemplo,\u00a0<a title=\"detector radar GPS\" href=\"https:\/\/www.radar-shop.eu\/es\/producto\/genevo-pro-duo\/\">detector de radar Genevo Pro Duo<\/a>).<\/p>\n<p><strong>\u00bfPueden usarse al mismo tiempo un\u00a0<a title=\"detector radar\" href=\"https:\/\/www.radar-shop.eu\/es\/categoria-producto\/detector-radar-en-la-cabina\/\">detector de radar<\/a>\u00a0y un\u00a0<a title=\"inhibidor laser\" href=\"https:\/\/www.radar-shop.eu\/es\/categoria-producto\/inhibidor-laser-y-autovelox\/\">inhibidor laser<\/a>?<\/strong><br \/>\nS\u00ed, los equipos no interfieren entre s\u00ed. Al respecto, vea nuestras soluciones completas para detectores de radar.<\/p>\n<p><strong>\u00bfPuede la Polic\u00eda detectar estos equipos?<\/strong><br \/>\nNo, ning\u00fan detector de radar es detectable por medios electr\u00f3nicos (es la llamada funci\u00f3n VG-2).<\/p>\n<p><strong>\u00bfHay actualizaciones electr\u00f3nicas de software para estos equipos?<\/strong><br \/>\nS\u00ed, algunos detectores de radar pueden te\u00f3ricamente recibir una actualizaci\u00f3n; sin embargo, por lo general, no son necesarias las actualizaciones cuando las frecuencias no var\u00edan. As\u00ed y todo, en este caso damos oportunamente la informaci\u00f3n necesaria en nuestra p\u00e1gina web. Este suele ser un criterio de menor importancia a la hora de decidir la compra.<\/p>\n<p><strong>\u00bfCu\u00e1ndo dan falsas alarmas los detectores de radar?<br \/>\n<\/strong>Pueden aparecer falsas alarmas cuando hay dispositivos abrepuertas, etc. (por ejemplo, en estaciones gasolineras o en el centro de las ciudades) que funcionan a la misma frecuencia del radar y dentro del radio de alcance Esto puede evitarse en gran medida mediante el filtro City instalado. Con un poco de pr\u00e1ctica podr\u00e1 diferenciarse entre falsas alarmas y alarmas verdaderas. Lo ideal es acoplar un dispositivo de advertencia de c\u00e1maras GPS o usar los equipos\u00a0<a title=\"Escort 9500iX Euro detector radar\" href=\"https:\/\/www.radar-shop.eu\/es\/producto\/uniden-r4-detector-de-radares\/\">Uniden R4 Europe<\/a>\u00a0o\u00a0<a title=\"Quintezz Drivecontrol detector radar\" href=\"https:\/\/www.radar-shop.eu\/es\/producto\/neoline-x-cop-9300s\/\">Neoline XCOP 9300<\/a>, aqu\u00ed pueden suprimirse las alarmas ac\u00fasticas dependiendo de la velocidad. Con ello se suprimen alarmas que pueden eventualmente interferir al andar a baja velocidad en el centro de una ciudad.<\/p>\n<p><strong>\u00bfSufren los detectores de radar la interferencia de tel\u00e9fonos m\u00f3viles o pueden \u00e9stos ocasionar falsas alarmas?<\/strong><br \/>\nNo, ninguno de los detectores de radar que se ofrecen actualmente sufre ya interferencias de tel\u00e9fonos m\u00f3viles.<\/p>\n<p><strong>\u00bfQu\u00e9 puede hacerse contra las falsas alarmas?<\/strong><br \/>\nLos detectores de radar ofrecen, adem\u00e1s de un filtro, una funci\u00f3n Mute con la cual, en caso de una alarma, puede pasarse autom\u00e1ticamente el primer pitido a un suave clic.<\/p>\n<p><strong>\u00bfFuncionan tambi\u00e9n en otros pa\u00edses los detectores de radar, los detectores GPS contra trampas de radar y los perturbadores laser?<\/strong><br \/>\nS\u00ed. La mayor\u00eda de los equipos funcionan de manera muy confiable en el exterior. Tenemos comentarios muy favorables sobre casi todos los equipos que ofrecemos en cuanto a su uso en pa\u00edses fuera de Europa. El fundamento es la experiencia de nuestros clientes.<\/p>\n<p><strong>\u00bfA qu\u00e9 debe prestarse atenci\u00f3n cuando se usa un detector de radar en diversos pa\u00edses?<\/strong><br \/>\nProcure discreci\u00f3n en su uso y \u00a1por ning\u00fan motivo deje que, en caso de un control de tr\u00e1nsito, los agentes vean el detector de radar! De ser visto, corre, adem\u00e1s del peligro de incautaci\u00f3n, el riesgo de pagar elevadas multas bajo ciertas circunstancias, sin importar que el detector est\u00e9 encendido o no.<\/p>\n<p><strong>\u00bfCu\u00e1nto dura la garant\u00eda tras la compra de un detector de radar?<\/strong><br \/>\nDurante el tiempo que dura la garant\u00eda, usted recibir\u00e1, obviamente reparaci\u00f3n gratuita o, llegado el caso, el reemplazo tambi\u00e9n gratuito.<\/p>\n<p><strong>\u00bfEs discreto el env\u00edo del detector de radar que yo pida?<\/strong><br \/>\nDentro de Alemania, el env\u00edo se efect\u00faa a trav\u00e9s de UPS (precio global:\u00a07,90 euros; costes de env\u00edo:\u00a0<u>gratis a partir de un volumen de compra de 150 euros<\/u>). En otros pa\u00edses de Europa se env\u00eda tambi\u00e9n por medio de UPS (precio global:\u00a014,90 euros &#8211;\u00a0<u>gratis a partir de un volumen den compra de 150 euros<\/u>). Los env\u00edos se hacen en un embalaje neutro, con la factura en su interior. Nadie puede reconocer el contenido desde afuera (para el caso de UPS se usa la descripci\u00f3n de \u201cDispositivos electr\u00f3nicos para el auto\u201d).<\/p>\n<p><strong>\u00bfQu\u00e9 opciones de pago existen?<\/strong><br \/>\nUsted puede pagar por anticipado, mediante reembolso,\u00a0transferencia inmediata y a trav\u00e9s de todas las opciones de tarjeta de cr\u00e9dito conocidas. En Suiza, por motivos de discreci\u00f3n, no es posible el reembolso.<\/p>\n<p><strong>\u00bfC\u00f3mo est\u00e1 confeccionada la factura?<\/strong><br \/>\nUsted recibir\u00e1, por cierto, una factura legal donde constar\u00e1 correctamente la informaci\u00f3n del impuesto sobre el volumen de negocios y una descripci\u00f3n neutra del producto.<\/p>\n<p><strong>\u00bfHay diferencias en los costes de env\u00edo seg\u00fan sea la opci\u00f3n de pago elegida?<br \/>\n<\/strong>No. Los costes de env\u00edo son independientes del modo de pago elegido y son constantes para cada env\u00edo (constantes tambi\u00e9n en caso de comprar varios equipos). A partir de 150,- euros de valor de compra, el env\u00edo es gratuito.<\/p>\n<p><strong>\u00bfEn caso de compra hay controles aduaneros y deben pagarse eventualmente tasas?<\/strong><br \/>\nNo. Dentro de la UE no se hacen controles ni hay costes aduaneros.<\/p>\n<p><strong>\u00bfPuedo recibir env\u00edos dentro de la UE con el valor neto sin el impuesto al volumen de negocios?<\/strong><br \/>\nS\u00ed. Mencionando en el campo de ingreso de datos del pedido un n\u00famero de identificaci\u00f3n para el impuesto sobre el volumen de negocios v\u00e1lido, le enviaremos los productos por el neto, sin el 19% del impuesto legal sobre el volumen de negocios. La validez del n\u00famero ingresado se verifica directamente online, de manera que usted, llegado el caso, pueda pagar inmediatamente el precio neto, por ejemplo, con\u00a0tarjeta de cr\u00e9dito.<\/p>\n<p><strong>\u00bfPuedo retirar personalmente el detector de radar?<\/strong><br \/>\nSi, existe la posibilidad de entrega personal en nuestra oficina. Tambi\u00e9n puede pasar a ver los detectores de radar y los detectores GPS contra camaras de radar e inspeccionar los detectores de radar para instalar como, por ejemplo, el\u00a0<a title=\"radar detector BEL\" href=\"https:\/\/www.radar-shop.eu\/es\/producto\/genevo-pro\/\">Genevo Assist Pro<\/a>\u00a0y el\u00a0<a title=\"detector radar Valentine One RC\" href=\"https:\/\/www.radar-shop.eu\/es\/producto\/stinger-vip\/\">Stinger VIP<\/a>\u00a0como tambi\u00e9n el perturbador laser Blinder. Para ello ser\u00e1 necesario anunciar y confirmar lo antes posible v\u00eda correo electr\u00f3nico la fecha y la hora deseada para la visita y el equipo deseado, a fin de poder asegurarle el servicio y la disponibilidad del equipo.<\/p>\n<p><strong>\u00bfC\u00f3mo es la situaci\u00f3n legal actual?<\/strong><br \/>\nEn los pa\u00edses de la Uni\u00f3n Europea hay legislaciones diversas obre la posesi\u00f3n y el uso de detectores de radar y detectores GPS contra trampas de radar. \u00c9stas se encuentran, bajo ciertas circunstancias, sometidas a modificaciones regulares. Por la presente le informamos que en su pa\u00eds podr\u00eda no estar permitida la posesi\u00f3n o el uso de un equipo de estas caracter\u00edsticas. Por tal motivo, inf\u00f3rmese acerca de la situaci\u00f3n legal en su pa\u00eds antes de usar el equipo.<\/p>\n<p>El d\u00eda 8 de Abril sali\u00f3 publicada en el BOE, la nueva Ley de Tr\u00e1fico 6\/2014 de 7 de Abril, que afecta a los detectores de radar. Y que entr\u00f3 en vigor el d\u00eda 9 de Mayo de 2014.<\/p>\n<p>En lo que se refiere al apartado de detectores de radares.<\/p>\n<p>\u00ab6. Se proh\u00edbe instalar o llevar en los veh\u00edculos inhibidores de radares o cinem\u00f3metros o cualesquiera otros instrumentos encaminados a eludir o a interferir en el correcto funcionamiento de los sistemas de vigilancia del tr\u00e1fico, as\u00ed como emitir o hacer se\u00f1ales con dicha finalidad. Asimismo, se proh\u00edbe utilizar mecanismos de detecci\u00f3n de radares o cinem\u00f3metros.<br \/>\nQuedan excluidos de esta prohibici\u00f3n los mecanismos de aviso que informan de la posici\u00f3n de los sistemas de vigilancia del tr\u00e1fico.\u00bb<\/p>\n<p>La ley dice que, se permite el uso de avisadores de radar por GPS, y que, se sancionar\u00e1 con 200\u20ac y 3 puntos el uso de los detectores de radar. No as\u00ed como los inhibidores de radar, que se sanciona la instalaci\u00f3n del equipo.<\/p>\n","protected":false},"excerpt":{"rendered":"<p>DETECTORES DE RADAR &#8211; PREGUNTAS M\u00c1S FRECUENTES Lea, por favor, las siguientes preguntas y respuestas sobre\u00a0detectores de radar. Son muy informativas, frecuentemente circulan afirmaciones y opiniones incorrectas acerca del tema detectores de radar. Adem\u00e1s, obtendr\u00e1 muchas respuestas acerca del procedimiento de pedido en nuestra online-shop. No obstante ello, si sigue teniendo dudas, cont\u00e1ctese con nosotros [&hellip;]<\/p>\n","protected":false},"author":1,"featured_media":623,"parent":0,"menu_order":0,"comment_status":"closed","ping_status":"closed","template":"","meta":{"footnotes":""},"yst_prominent_words":[917,916,905,845,850,252],"class_list":["post-525","page","type-page","status-publish","has-post-thumbnail","hentry"],"jetpack_sharing_enabled":true,"_links":{"self":[{"href":"https:\/\/www.radar-shop.eu\/es\/wp-json\/wp\/v2\/pages\/525","targetHints":{"allow":["GET"]}}],"collection":[{"href":"https:\/\/www.radar-shop.eu\/es\/wp-json\/wp\/v2\/pages"}],"about":[{"href":"https:\/\/www.radar-shop.eu\/es\/wp-json\/wp\/v2\/types\/page"}],"author":[{"embeddable":true,"href":"https:\/\/www.radar-shop.eu\/es\/wp-json\/wp\/v2\/users\/1"}],"replies":[{"embeddable":true,"href":"https:\/\/www.radar-shop.eu\/es\/wp-json\/wp\/v2\/comments?post=525"}],"version-history":[{"count":3,"href":"https:\/\/www.radar-shop.eu\/es\/wp-json\/wp\/v2\/pages\/525\/revisions"}],"predecessor-version":[{"id":15087,"href":"https:\/\/www.radar-shop.eu\/es\/wp-json\/wp\/v2\/pages\/525\/revisions\/15087"}],"wp:featuredmedia":[{"embeddable":true,"href":"https:\/\/www.radar-shop.eu\/es\/wp-json\/wp\/v2\/media\/623"}],"wp:attachment":[{"href":"https:\/\/www.radar-shop.eu\/es\/wp-json\/wp\/v2\/media?parent=525"}],"wp:term":[{"taxonomy":"yst_prominent_words","embeddable":true,"href":"https:\/\/www.radar-shop.eu\/es\/wp-json\/wp\/v2\/yst_prominent_words?post=525"}],"curies":[{"name":"wp","href":"https:\/\/api.w.org\/{rel}","templated":true}]}}