{"id":470,"date":"2017-03-22T15:03:56","date_gmt":"2017-03-22T15:03:56","guid":{"rendered":"https:\/\/www.radar-shop.eu\/agb\/"},"modified":"2023-08-01T13:36:16","modified_gmt":"2023-08-01T11:36:16","slug":"agb","status":"publish","type":"page","link":"https:\/\/www.radar-shop.eu\/es\/agb\/","title":{"rendered":"CCM"},"content":{"rendered":"<h1 style=\"font-weight: 400;\"><span style=\"color: #000080;\">Condiciones de compra<\/span><\/h1>\n<ol>\n<li style=\"font-weight: 400;\"><b><strong> Lista de precios<\/strong><\/b><\/li>\n<\/ol>\n<p style=\"font-weight: 400;\">El precio de los productos es el que figura en la p\u00e1gina al que habr\u00e1 que a\u00f1adir el coste de porte y seguro indicado en las tarifas de portes seg\u00fan el destino de la mercanc\u00eda. La suma de ambos importes ser\u00e1 el coste total del env\u00edo que el cliente deber\u00e1 transferir a Radar-shop.EU.<\/p>\n<p style=\"font-weight: 400;\">Los impuestos aplicables var\u00edan seg\u00fan el pa\u00eds desde el que se efect\u00fae la compra y si el comprador se trata de una persona f\u00edsica o est\u00e1 identificado como empresa.<\/p>\n<p style=\"font-weight: 400;\">En relaci\u00f3n al Impuesto sobre el Valor A\u00f1adido, como regla general se aplicar\u00e1 el tipo impositivo del 19% para el territorio de la Uni\u00f3n Europea donde es de aplicaci\u00f3n este impuesto. En la venta a cualquier otro pa\u00eds del mundo no se repercutir\u00e1 IVA, no obstante los sistemas aduaneros de cada pa\u00eds aplicar\u00e1n las cargas impositivas correspondientes.<\/p>\n<p style=\"font-weight: 400;\">Los precios expuestos en www.radar-shop.EU podr\u00e1n ser revisados y modificados si las condiciones lo requieren en cualquier momento.<\/p>\n<ol start=\"2\">\n<li style=\"font-weight: 400;\"><b><strong> Sistemas de pago<\/strong><\/b><\/li>\n<\/ol>\n<p style=\"font-weight: 400;\">Tarjeta de cr\u00e9dito VISA o MASTERCARD<\/p>\n<p style=\"font-weight: 400;\">Mediante Visa\/MasterCard\/4B a trav\u00e9s de un TPV virtual con toda seguridad. Todas las operaciones realizadas con tarjeta de cr\u00e9dito a trav\u00e9s de internet se realizan de forma totalmente segura utilizando el sistema 3Dsecure de Visa.<\/p>\n<p style=\"font-weight: 400;\">Le garantizamos que cada una de las transacciones realizadas en Radar-shop.EU es 100% segura. Todas las operaciones que implican la transmisi\u00f3n de datos bancarios se realizan utilizando un entorno seguro. Radar-shop.EU utiliza un servidor basado en la tecnolog\u00eda de seguridad est\u00e1ndar SSL (Secure Socked Layer). Toda la informaci\u00f3n que nos transmita viaja cifrada a trav\u00e9s de la red.<\/p>\n<p style=\"font-weight: 400;\">As\u00ed mismo los datos sobre su tarjeta de cr\u00e9dito no quedan registrados en ninguna base de datos sino que van directamente al TPV (Terminal Punto de Venta del Banco).<\/p>\n<p style=\"font-weight: 400;\">Adem\u00e1s le informamos que en un esfuerzo por proporcionar mayor seguridad a los propietarios de tarjetas de cr\u00e9dito, hemos incorporado en nuestra pasarela de pagos el sistema de pago seguro denominado CES (Comercio Electr\u00f3nico Seguro). De esta forma, si es titular de una tarjeta \u201csecurizada\u201d siempre podr\u00e1 efectuar pagos con tarjeta VISA o MASTERCARD en nuestra tienda.<\/p>\n<p style=\"font-weight: 400;\">En el caso de que su tarjeta no est\u00e9 adherida a este sistema de pago, RADAR-SHOP.EU s\u00f3lo admitir\u00e1 el pago con tarjeta de cr\u00e9dito VISA o MASTERCARD a clientes con antig\u00fcedad y fiabilidad demostradas anteriormente.<\/p>\n<p style=\"font-weight: 400;\">En ambos casos, al pagar con tarjeta VISA o MASTERCARD se le solicitar\u00e1n siempre los siguientes datos: el n\u00famero de tarjeta, la fecha de caducidad, y un C\u00f3digo de Validaci\u00f3n que coincide con las 3 \u00faltimas cifras del n\u00famero impreso en cursiva en el reverso de su tarjeta VISA o MASTERCARD, ofreciendo, de esta forma, m\u00e1s garant\u00edas acerca de la seguridad de la transacci\u00f3n.<\/p>\n<p style=\"font-weight: 400;\">Transferencia<\/p>\n<p style=\"font-weight: 400;\">Al seleccionar la transferencia bancaria como medio de pago recibir\u00e1, junto con la confirmaci\u00f3n de su pedido, un e-mail donde se le indicar\u00e1 el n\u00famero de cuenta en el que efectuar la transferencia bancaria a nombre de RADAR-SHOP.EU.<\/p>\n<p style=\"font-weight: 400;\">Es muy importante que indique en el asunto el n\u00famero de pedido, as\u00ed como su nombre y apellidos, y realice la transferencia dentro de los 3 d\u00edas posteriores a la fecha de confirmaci\u00f3n del pedido para poder validarlo.<\/p>\n<p style=\"font-weight: 400;\">Si lo desea, puede enviarnos el justificante de la transferencia por fax (+49) 6221619098 , o por e-mail info@radar-shop.EU. Pero en cualquier caso, no se considerar\u00e1 efectivo el pedido hasta que nuestro departamento de administraci\u00f3n no tenga confirmaci\u00f3n bancaria de la recepci\u00f3n de la transferencia.<\/p>\n<p style=\"font-weight: 400;\">No olvide que debe efectuar el pago en EUROS y que todas las eventuales comisiones de cambio y bancarias corren por su cuenta al optar por este sistema de pago. En el caso de transferencias bancarias realizadas desde fuera de Espa\u00f1a es muy importante que al ordenar la transferencia comunique siempre a su banco hacerse cargo de las comisiones en origen, aquellas comisiones bancarias y gastos correspondientes a su entidad. De no ser as\u00ed, RADAR-SHOP.EU podr\u00eda paralizar el env\u00edo de su pedido al no recibir la cantidad \u00edntegra del mismo.<\/p>\n<ol start=\"3\">\n<li style=\"font-weight: 400;\"><b><strong> Formas de env\u00edo y plazos de entrega<\/strong><\/b><\/li>\n<\/ol>\n<p style=\"font-weight: 400;\">RADAR-SHOP.EU garantiza la entrega al transportista, en el plazo de 96 horas de la realizaci\u00f3n del pedido, de todos aquellos pedidos que se formalicen antes de las 18:00 horas (hora Alemania), siempre que se encuentren en stock, y salvo que se realicen en s\u00e1bados, domingos y festivos. En cuyo caso el pedido se tramitar\u00e1 el primer d\u00eda laborable posterior al d\u00eda de realizaci\u00f3n del mismo. Adem\u00e1s, se ha de tener en cuenta que los plazos se computan en d\u00edas laborables y que pueden verse alterados por fiestas locales o nacionales. Y recuerde, si la forma de pago elegida es transferencia bancaria, no se realizar\u00e1 el env\u00edo del pedido hasta que no tengamos confirmaci\u00f3n bancaria de la transferencia.<\/p>\n<p style=\"font-weight: 400;\">RADAR-SHOP.EU se reserva el derecho de variar el tipo de env\u00edo y la compa\u00f1\u00eda por la cual se efect\u00faa \u00e9ste, independientemente de lo expuesto en estas p\u00e1ginas, y siempre que no suponga un perjuicio manifiesto para el cliente.<\/p>\n<p style=\"font-weight: 400;\">Atenci\u00f3n: En ning\u00fan caso se realizar\u00e1n env\u00edos a apartados postales.<\/p>\n<p style=\"font-weight: 400;\">Gastos de Env\u00edo<\/p>\n<p style=\"font-weight: 400;\">Los gastos son aplicados por env\u00edo, independientemente del n\u00famero de art\u00edculos hasta un m\u00e1ximo de 10 kg. y est\u00e1n establecidos mediante tarifa plana dependiendo del pa\u00eds de destino de la mercanc\u00eda.<\/p>\n<ol start=\"4\">\n<li style=\"font-weight: 400;\"><b><strong> Garant\u00eda<\/strong><\/b><\/li>\n<\/ol>\n<p style=\"font-weight: 400;\">Los productos RADAR-SHOP.EU est\u00e1n cubiertos por la garant\u00eda legal frente a defectos de fabricaci\u00f3n. Los defectos o desperfectos debidos a una incorrecta utilizaci\u00f3n o manipulaci\u00f3n del material o los desgastes producidos por un uso normal del mismo, no se incluyen en esta garant\u00eda.<\/p>\n<p style=\"font-weight: 400;\">Para que la garant\u00eda sea efectiva, nos reservamos el derecho de exigir la prueba de la fecha de la compra por el cliente final. La garant\u00eda se aplica a todas las piezas reconocidas como defectuosas por nuestro servicio t\u00e9cnico debido a un defecto de fabricaci\u00f3n o de materia, exceptuando las piezas de desgaste.<\/p>\n<p style=\"font-weight: 400;\">Nuestra garant\u00eda no es v\u00e1lida si el material vendido no ha sido utilizado ni mantenido en las condiciones especificadas en los manuales de usuario entregados con e material, o si se trata de un desgaste normal. Por otra parte nuestra garant\u00eda cesa en caso de modificaci\u00f3n o de reparaci\u00f3n con piezas extra\u00f1as al modelo incriminado.<\/p>\n<p style=\"font-weight: 400;\">Las piezas defectuosas recuperadas, son de nuestra propiedad. La reparaci\u00f3n, la modificaci\u00f3n, el cambio de las piezas durante el periodo de garant\u00eda no pueden tener como efecto el de prolongar el plazo de garant\u00eda del material.<\/p>\n<ol start=\"5\">\n<li style=\"font-weight: 400;\"><b><strong> Devoluciones y cambios de material<\/strong><\/b><\/li>\n<\/ol>\n<p style=\"font-weight: 400;\">Radar-shop.EU garantiza el correcto funcionamiento de sus productos en los t\u00e9rminos legalmente establecidos, durante el per\u00edodo de dos a\u00f1os a contar desde la fecha de facturaci\u00f3n, siempre que el defecto lo sea de fabricaci\u00f3n y nunca por causas achacables a un uso incorrecto del producto.<\/p>\n<p style=\"font-weight: 400;\">Si se trata de un defecto de f\u00e1brica o un env\u00edo err\u00f3neo, en cualquier caso Radar-shop.EU se har\u00e1 cargo de la recogida del producto (servicio exclusivo para Pen\u00ednsula y Baleares) y su sustituci\u00f3n por otro id\u00e9ntico, sin ning\u00fan coste para el cliente, siempre y cuando se comunique la incidencia dentro de los quince (15) d\u00edas siguientes a la fecha de compra. En caso de que dicho producto estuviese agotado, se proceder\u00e1 a la devoluci\u00f3n del importe en la misma forma de pago escogida en la compra.<\/p>\n<p style=\"font-weight: 400;\">En todos los dem\u00e1s casos, el cliente se har\u00e1 cargo del env\u00edo del producto a nuestros almacenes centrales en Heidelberg, Alemania. Para ser susceptible de cambio, el producto deber\u00e1 encontrarse en perfectas condiciones, con su embalaje original y con todos sus accesorios.<\/p>\n<p style=\"font-weight: 400;\">Si por cualquier motivo no queda satisfecho con tu pedido, se tiene un plazo de 7 d\u00edas h\u00e1biles, a contar desde la fecha de entrega del pedido, para devolverlo. (Seg\u00fan art. 44 de la Ley 7\/1996, de 15 de enero de Ordenaci\u00f3n del Comercio Minorista modificada por la Ley 47\/2002, de 19 de diciembre.).<\/p>\n<p style=\"font-weight: 400;\">S\u00f3lo tiene que hacernos llegar el producto en perfectas condiciones y en su embalaje original, incluyendo garant\u00edas, etiquetas e instrucciones de uso. El env\u00edo de la devoluci\u00f3n hasta nuestro almac\u00e9n corre a cargo del cliente pero en caso de cambio, no tendr\u00e1 que pagar los gastos de env\u00edo del nuevo pedido.<\/p>\n<p style=\"font-weight: 400;\">Es muy importante que nos devuelva el\/los productos de cambio o devoluci\u00f3n perfectamente embalados. En caso de que los productos resulten da\u00f1ados debido a un embalaje inapropiado, no admitiremos la devoluci\u00f3n.<\/p>\n<p style=\"font-weight: 400;\">Una vez que recibamos la mercanc\u00eda en nuestros almacenes y comprobemos que se dan todas las condiciones anteriores, Radar-shop.EU admitir\u00e1 la devoluci\u00f3n del producto y se proceder\u00e1 al reintegro de su importe conforme a la modalidad de pago realizada, y en su caso, al env\u00edo del nuevo producto:<\/p>\n<ol>\n<li style=\"font-weight: 400;\">Si el pago se efectu\u00f3 a trav\u00e9s de tarjeta de cr\u00e9dito, se abonar\u00e1 el importe en la misma tarjeta de cr\u00e9dito.<\/li>\n<\/ol>\n<ol>\n<li style=\"font-weight: 400;\">Si efectuaste el pago mediante transferencia, solicitaremos un n\u00famero de cuenta donde abonar el importe.<\/li>\n<\/ol>\n<p style=\"font-weight: 400;\">Nota. Recibir\u00e1 el reintegro del importe en un plazo m\u00e1ximo de 20 d\u00edas a partir de la recepci\u00f3n en nuestro almac\u00e9n del producto de cambio o devoluci\u00f3n. Se debe tener en cuenta que si pag\u00f3 mediante tarjeta de cr\u00e9dito es probable que el banco no muestre el importe de la devoluci\u00f3n en su saldo hasta el mes siguiente.<\/p>\n<p style=\"font-weight: 400;\">Para realizar un cambio o devoluci\u00f3n, env\u00edanos un e-mail a info@radar-shop.EU.<\/p>\n<p style=\"font-weight: 400;\">Radar-shop.EU no admite env\u00edos a portes debidos, antes de cualquier cambio p\u00f3ngase en contacto con Atenci\u00f3n al Cliente.<\/p>\n<ol start=\"6\">\n<li style=\"font-weight: 400;\"><b><strong> Protecci\u00f3n de datos de car\u00e1cter personal<\/strong><\/b><\/li>\n<\/ol>\n<p style=\"font-weight: 400;\">Radar-shop.EU garantiza expresamente que los datos que usted nos facilite son mantenidos con absoluta confidencialidad.<\/p>\n<p style=\"font-weight: 400;\">Al objeto de procesar su pedido, requerimos que nos faciliten ciertos datos de car\u00e1cter personal los cuales son tratados de manera informatizada. Ud. autoriza expresamente que dichos datos sean archivados en nuestra base de datos de clientes para su uso interno.<\/p>\n<p style=\"font-weight: 400;\">En cumplimiento de lo establecido en la Ley Org\u00e1nica 15\/1999, de 13 de diciembre, de Protecci\u00f3n de Datos de Car\u00e1cter Personal, le informamos de que cuantos datos personales nos facilite ser\u00e1n incluidos en un fichero automatizado de datos de car\u00e1cter personal, creado y mantenido bajo la responsabilidad de Radar-shop.EU.<\/p>\n<p style=\"font-weight: 400;\">Los clientes de Radar-shop.EU . podr\u00e1n en todo momento ejercitar los derechos de acceso, rectificaci\u00f3n, cancelaci\u00f3n y oposici\u00f3n, comunic\u00e1ndolo por correo electr\u00f3nico a info@radar-shop.EU o por escrito a Radar-shop.EU Radar Shop , Waldhofer Strasse 102, 69123 Heidelberg, Alemania.<\/p>\n<p style=\"font-weight: 400;\">Radar-shop.EU , bajo ning\u00fan concepto vende informaci\u00f3n sobre sus clientes a terceros ni ceder\u00e1 informaci\u00f3n alguna sobre sus datos.<\/p>\n<p style=\"font-weight: 400;\">Los datos sobre las tarjeta de cr\u00e9dito no quedan registrados en ninguna base de datos de Radar-shop.EU , sino que van directamente al TPV (Terminal Punto de Venta del Banco).<\/p>\n<ol start=\"7\">\n<li style=\"font-weight: 400;\"><b><strong> Legislaci\u00f3n y jurisdicci\u00f3n<\/strong><\/b><\/li>\n<\/ol>\n<p style=\"font-weight: 400;\">Las presentes condiciones generales se interpretar\u00e1n conforme a la legislaci\u00f3n vigente en Alemania en la materia, que se aplicar\u00e1 subsidiariamente en todo lo que no se haya previsto en las mismas.<\/p>\n<ol start=\"8\">\n<li style=\"font-weight: 400;\"><b><strong> T\u00c9RMINOS GENERALES<\/strong><\/b><\/li>\n<\/ol>\n<p style=\"font-weight: 400;\">El presente acuerdo se regir\u00e1 por la Ley espa\u00f1ola, someti\u00e9ndose las partes para cualquier cuesti\u00f3n litigiosa derivada del presente acuerdo a los Juzgados y Tribunales de Heidelberg (Alemania).<\/p>\n<p style=\"font-weight: 400;\">El Usuario no ceder\u00e1 derecho ni obligaci\u00f3n alguna derivada del presente acuerdo, salvo que medie el consentimiento expreso por escrito del Titular. Cualquier intento de cesi\u00f3n del Acuerdo sin el mencionado consentimiento ser\u00e1 nulo y carecer\u00e1 de todo efecto. No obstante lo anterior, el Titular tendr\u00e1 derecho a ceder el presente acuerdo con todos sus derechos y obligaciones ya sea por venta del servicio, disoluci\u00f3n, escisi\u00f3n, fusi\u00f3n de empresas o de cualquier otra forma de transmisi\u00f3n. Este contrato ser\u00e1 de aplicaci\u00f3n obligatoria y tendr\u00e1 efecto entre las partes y sus respectivos representantes, herederos, administradores, sucesores y titulares de transmisiones autorizadas, salvo lo aqu\u00ed establecido.<\/p>\n<p style=\"font-weight: 400;\">Si un tribunal competente considerara que alguna disposici\u00f3n o disposiciones del presente acuerdo fuese contraria a la ley, tal o tales disposiciones ser\u00e1n redactadas nuevamente de forma tal que reflejen lo m\u00e1s fielmente posible las intenciones de las partes, mientras las otras disposiciones se mantendr\u00e1n vigentes y aplicables. En el supuesto de que alguna de las cl\u00e1usulas del presente Acuerdo resultara inv\u00e1lida o inaplicable, la parte v\u00e1lida o aplicable y las restantes disposiciones del Acuerdo se mantendr\u00e1n vigentes y aplicables.<\/p>\n<p style=\"font-weight: 400;\">Toda renuncia al derecho de reclamaci\u00f3n (expl\u00edcita o impl\u00edcita) de cualquiera de las partes a cualquier infracci\u00f3n del presente Acuerdo no constituir\u00e1 renuncia al derecho a reclamaci\u00f3n por otra infracci\u00f3n o por una infracci\u00f3n subsiguiente. No se renunciar\u00e1 a ninguna disposici\u00f3n del Acuerdo por acto, omisi\u00f3n o desconocimiento de una de las partes o de sus representantes o empleados, sino por medio de un instrumento escrito y firmado en el cual se renuncie expresamente a dicha disposici\u00f3n.<\/p>\n<p style=\"font-weight: 400;\">Los t\u00edtulos de las cl\u00e1usulas en el presente acuerdo se utilizan \u00fanicamente para la comodidad de las partes y carecen de significaci\u00f3n legal o contractual.<\/p>\n<p style=\"font-weight: 400;\">PRECIOS :<\/p>\n<p style=\"font-weight: 400;\">Todos los precios est\u00e1n expresados en Euros.<\/p>\n<p style=\"font-weight: 400;\">Los precios expuestos en la p\u00e1gina radar-shop.EU, llevan el 19% de IVA incluido.<\/p>\n<p style=\"font-weight: 400;\">Los productos rebajados o con descuento aparecen marcados como tal, indic\u00e1ndose el correspondiente descuento aplicado.<\/p>\n<p style=\"font-weight: 400;\">Los precios reflejados en la p\u00e1gina son los precios definitivos salvo error tipogr\u00e1fico.<\/p>\n<p style=\"font-weight: 400;\">Radar Shop se reserva el derecho de modificar el precio de cualquier producto sin previo aviso.<\/p>\n<ol>\n<li style=\"font-weight: 400;\"><b><strong> Limitaciones de uso<\/strong><\/b><\/li>\n<\/ol>\n<p style=\"font-weight: 400;\">El acceso a este sitio web tiene car\u00e1cter gratuito y su visualizaci\u00f3n no requiere previa suscripci\u00f3n o registro alguno. Los usuarios deber\u00e1n utilizar la informaci\u00f3n contenida en este sitio web en cumplimiento de la legislaci\u00f3n aplicable en cada caso, respetando los derechos de propiedad intelectual de radar-shop.EU.<\/p>\n<p style=\"font-weight: 400;\">El usuario no realizar\u00e1 a trav\u00e9s de los servicios que pone a su disposici\u00f3n radar-shiop.com ninguna acci\u00f3n que cause da\u00f1o o alteraciones en los contenidos, ni obstaculizar\u00e1 el buen funcionamiento del sitio web. No causar\u00e1 problemas t\u00e9cnicos de ninguna \u00edndole, transfiriendo elementos susceptibles de portar virus inform\u00e1ticos o de da\u00f1ar, interferir o interceptar total o parcialmente la presente web.<\/p>\n<p style=\"font-weight: 400;\">En ning\u00fan caso radar-shop.EU ser\u00e1 responsable del uso inadecuado de este sitio web o de sus contenidos, o de las consecuencias que dicho uso pueda originar.<\/p>\n<ol start=\"2\">\n<li style=\"font-weight: 400;\"><b><strong> Limitaci\u00f3n de responsabilidad<\/strong><\/b><\/li>\n<\/ol>\n<p style=\"font-weight: 400;\">Radar-shop.EU no garantiza que sus p\u00e1ginas se encuentren operativas, ni que sus contenidos sean completos, exactos o fiables en todo momento. Radar-shop.EU se reserva el derecho a modificar en cualquier momento, sin previo aviso, los contenidos de este sitio web y las Condiciones Generales de Acceso.<\/p>\n<p style=\"font-weight: 400;\">En caso de efectuar operaciones de mantenimiento, reparaci\u00f3n, actualizaci\u00f3n o mejora de los servicios, radar-shop.EU tiene el derecho a suspender temporalmente y sin necesidad de preaviso el acceso al presente sitio web, as\u00ed como a reservarse el derecho de prestaci\u00f3n o cancelaci\u00f3n de los servicios, sin perjuicio de lo cual procurar\u00e1 ponerlo en conocimiento de los usuarios, siempre que las circunstancias as\u00ed se lo permitan.<\/p>\n<p style=\"font-weight: 400;\">De esta forma, se excluye cualquier responsabilidad por los da\u00f1os y perjuicios de cualquier naturaleza que puedan derivarse de la falta de disponibilidad o de continuidad del funcionamiento del sitio y de sus servicios y la utilidad que los usuarios hubieran podido atribuir al presente sitio web.<\/p>\n<ol start=\"3\">\n<li style=\"font-weight: 400;\"><b><strong> Propiedad Intelectual &#8211; Copyright<\/strong><\/b><\/li>\n<\/ol>\n<p style=\"font-weight: 400;\">La totalidad de este sitio web y las partes que lo componen se encuentran protegidas por las leyes espa\u00f1olas e internacionales sobre propiedad Intelectual e Industrial. Los derechos de propiedad intelectual sobre los contenidos de este sitio web pertenecen a radar-shop.EU, salvo aqu\u00e9llos de empresas con las que haya firmado el correspondiente contrato para la provisi\u00f3n de contenidos y est\u00e1n protegidos por las normas nacionales e internacionales de propiedad intelectual e industrial.<\/p>\n<p style=\"font-weight: 400;\">El ejercicio de los derechos de reproducci\u00f3n, distribuci\u00f3n, comunicaci\u00f3n p\u00fablica y transformaci\u00f3n de los contenidos es exclusivo de radar-shop.EU, sin perjuicio del ejercicio por parte de terceros del derecho a cita.<\/p>\n<p style=\"font-weight: 400;\">El usuario que acceda a esta web no puede copiar, modificar, distribuir, transmitir, reproducir, publicar, ceder, vender los elementos anteriormente mencionados o crear nuevos productos o servicios derivados de la informaci\u00f3n obtenida sin citar expresamente su procedencia.<\/p>\n<p style=\"font-weight: 400;\">\u00danicamente queda autorizada la visualizaci\u00f3n y carga para el uso personal y no comercial del usuario, sin que pueda hacerlo extensivo a terceras personas o entidades. Queda expresamente prohibida la alteraci\u00f3n del contenido o estructura de este sitio web por parte del usuario sin el permiso expreso y por escrito de radar-shop.EU. Cualquier utilizaci\u00f3n de este sitio web o de sus contenidos contraria a la normativa vigente podr\u00e1 ser perseguida.<\/p>\n<ol start=\"4\">\n<li style=\"font-weight: 400;\"><b><strong> Protecci\u00f3n de datos personales<\/strong><\/b><\/li>\n<\/ol>\n<p style=\"font-weight: 400;\">La cumplimentaci\u00f3n de datos personales no es obligatoria. El usuario que facilite sus datos personales es el \u00fanico responsable de la veracidad y correcci\u00f3n de los datos incluidos, quedando radar-shop.EU exonerada de cualquier responsabilidad al respecto. Los datos personales que suministre el usuario pasar\u00e1n a formar parte de un fichero automatizado propiedad de radar-shop.EU que ser\u00e1 tratado de forma confidencial conforme a la Ley Org\u00e1nica 15\/1999, de 13 de diciembre de Protecci\u00f3n de Datos Personales.<\/p>\n<p style=\"font-weight: 400;\">En virtud de lo dispuesto en los art\u00edculos 4, 5 y 6 de la Ley Org\u00e1nica 15\/1999 de 13 de diciembre radar-shop.EU pone en su conocimiento que dispone de un fichero con datos de car\u00e1cter personal denominado people radar-shop.EU.<\/p>\n<p style=\"font-weight: 400;\">Mediante el suministro de sus datos, el usuario autoriza el tratamiento automatizado de los mismos con los fines indicados por el sitio web. El usuario podr\u00e1 ejercer en cualquier momento su derecho de acceso, rectificaci\u00f3n, cancelaci\u00f3n y oposici\u00f3n de sus datos dirigi\u00e9ndose a radar-shop.EU.<\/p>\n<ol start=\"5\">\n<li style=\"font-weight: 400;\"><b><strong> V\u00ednculos o enlaces hipertextuales<\/strong><\/b><\/li>\n<\/ol>\n<p style=\"font-weight: 400;\">Ning\u00fan tercero podr\u00e1 establecer relaci\u00f3n de &#8216;framing&#8217; entre sus p\u00e1ginas web y el presente sitio web. En relaci\u00f3n con los enlaces incluidos en el presente sitio web dirigidos a otros sitios no gestionados por radar-shop.EU, esta instituci\u00f3n manifiesta que no ejerce control alguno sobre dichos sitios, ni es responsable del contenido de los mismos.<\/p>\n<p style=\"font-weight: 400;\">Los v\u00ednculos que este sitio web pueda contener se ofrecen, \u00fanicamente, a modo de referencias informativas, sin ning\u00fan tipo de valoraci\u00f3n sobre los contenidos, propietarios, servicios o productos ofrecidos desde los mismos.<\/p>\n","protected":false},"excerpt":{"rendered":"<p>Condiciones de compra Lista de precios El precio de los productos es el que figura en la p\u00e1gina al que habr\u00e1 que a\u00f1adir el coste de porte y seguro indicado en las tarifas de portes seg\u00fan el destino de la mercanc\u00eda. La suma de ambos importes ser\u00e1 el coste total del env\u00edo que el cliente [&hellip;]<\/p>\n","protected":false},"author":1,"featured_media":0,"parent":0,"menu_order":0,"comment_status":"closed","ping_status":"closed","template":"","meta":{"footnotes":""},"yst_prominent_words":[1911,929,841,903,845,850,849,846],"class_list":["post-470","page","type-page","status-publish","hentry"],"jetpack_sharing_enabled":true,"_links":{"self":[{"href":"https:\/\/www.radar-shop.eu\/es\/wp-json\/wp\/v2\/pages\/470","targetHints":{"allow":["GET"]}}],"collection":[{"href":"https:\/\/www.radar-shop.eu\/es\/wp-json\/wp\/v2\/pages"}],"about":[{"href":"https:\/\/www.radar-shop.eu\/es\/wp-json\/wp\/v2\/types\/page"}],"author":[{"embeddable":true,"href":"https:\/\/www.radar-shop.eu\/es\/wp-json\/wp\/v2\/users\/1"}],"replies":[{"embeddable":true,"href":"https:\/\/www.radar-shop.eu\/es\/wp-json\/wp\/v2\/comments?post=470"}],"version-history":[{"count":2,"href":"https:\/\/www.radar-shop.eu\/es\/wp-json\/wp\/v2\/pages\/470\/revisions"}],"predecessor-version":[{"id":14770,"href":"https:\/\/www.radar-shop.eu\/es\/wp-json\/wp\/v2\/pages\/470\/revisions\/14770"}],"wp:attachment":[{"href":"https:\/\/www.radar-shop.eu\/es\/wp-json\/wp\/v2\/media?parent=470"}],"wp:term":[{"taxonomy":"yst_prominent_words","embeddable":true,"href":"https:\/\/www.radar-shop.eu\/es\/wp-json\/wp\/v2\/yst_prominent_words?post=470"}],"curies":[{"name":"wp","href":"https:\/\/api.w.org\/{rel}","templated":true}]}}