{"id":903,"date":"2019-10-19T17:38:37","date_gmt":"2019-10-19T15:38:37","guid":{"rendered":"https:\/\/www.radar-shop.eu\/?post_type=product&#038;p=903\/"},"modified":"2025-09-18T14:04:18","modified_gmt":"2025-09-18T12:04:18","slug":"genevo-assist-radar-laser-eso3","status":"publish","type":"product","link":"https:\/\/www.radar-shop.eu\/de\/produkt\/genevo-assist-radar-laser-eso3\/","title":{"rendered":"PROFESSIONAL PAKET (GENEVO\u00a0ASSIST)"},"content":{"rendered":"<h2><strong><span style=\"color: #000080;\">PROFESSIONAL PAKET (GENEVO ASSIST)<br \/>\n<\/span><\/strong><strong>GENEVO ASSIST<\/strong><strong>\u00a0+HDM RADAR<\/strong><strong> + ALP<\/strong><strong> + ESO BLOCKER<span style=\"color: #000080;\">\u00a0<\/span><\/strong><\/h2>\n<ul>\n<li>Sie suchen f\u00fcr Deutschland\/Europa ein absolut unsichtbares integriertes und nicht anpeilbares Radarwarnkomplettsystem?<\/li>\n<li>Sie w\u00fcnschen eine versteckte Installation s\u00e4mtlicher Komponenten in der Fahrzeugfront sowie auch im Fahrzeuginneren?<\/li>\n<\/ul>\n<h3><strong>Das brandneue Vollsystem Genevo Assist<\/strong><\/h3>\n<p align=\"justify\">Genevo Assist besteht aus der hochwertigen Radarantenne, einem dazugeh\u00f6rigen GPS-Empf\u00e4nger zur Warnung vor festen Blitzern (Starenk\u00e4sten), zwei high-end Laserst\u00f6rern sowie einem Lautsprecher. Einzigartig ist dazu die Zentraleinheit, die alle Komponenten zentral \u00fcber eine Software steuert. Diese wird einfach \u00fcber ein USB-Stick mit dem darauf installierten Konfigurationsprogramm betrieben, welches mit dem PC einfach aktualisiert werden kann.<\/p>\n<p align=\"justify\">Der Vorteil des Genevo Assist Systems liegt auf der Hand: alle Komponenten werden komplett versteckt im Fahrzeug verbaut \u2013 im Cockpit ist eine diskrete Installation m\u00f6glich, lediglich ein Minicontroler mit Display zum Bedienen des Gesamtsystems sollte f\u00fcr den Fahrer zug\u00e4nglich positioniert werden.<\/p>\n<p align=\"justify\">Dies kann z.B. unterhalb des Lenkrades erfolgen. Dadurch wird die ansprechende Optik im Inneren Ihres hochwertigen Fahrzeugs nicht gest\u00f6rt, zudem erm\u00f6glicht dies ein absolut diskretes Betreiben des Systems w\u00e4hrend der Fahrt. Der versteckte Lautsprecher warnt Sie dann selbstverst\u00e4ndlich in deutscher Sprache bei Ann\u00e4herung an eine Radarfalle.<\/p>\n<p style=\"text-align: left;\" align=\"justify\">Die integrierten Laserst\u00f6rer bieten Komplettschutz, auch diese k\u00f6nnen komfortabel \u00fcber das Konfigurationsprogramm in deutscher Sprache nach Ihren W\u00fcnschen eingestellt werden. Vielf\u00e4ltige Einstellm\u00f6glichkeiten wie z.B. das Unterdr\u00fccken von Alarmen unterhalb einer einstellbaren Schwellgeschwindigkeit sind selbstverst\u00e4ndlich ebenfalls m\u00f6glich.<\/p>\n<p align=\"justify\">Das System erkennt auch die zunehmend Verbreitung findenden Poliscan-Kameras, gegen die in Deutschland gelegentlich zum Einsatz kommende Einseitensensor-Messung eso 3.0 ist in diesem Paket noch der\u00a0eso 3.0 Dual Blocker\u00a0enthalten, dieser wird versteckt im Nummernschildhalter montiert.<\/p>\n<h3><strong>Genevo Assist Vorteile auf einen Blick:<\/strong><\/h3>\n<ul>\n<li>Integriertes Komplettsystem mit hochwertigen Einzelkomponenten<\/li>\n<li>gegen Radar, Laser, feste Blitzer, Section Control uvm., daher problemlos einsetzbar f\u00fcr ganz Europa<\/li>\n<li>magnetisch abnehmbares Mini Display im Cockpit<\/li>\n<li>Warnungen akustisch in deutscher Sprache<\/li>\n<li>sehr klein und unauff\u00e4llig positionierbar<\/li>\n<li>Komfortable Konfiguration in deutscher Sprache \u00fcber Programm am PC<\/li>\n<li>einmal eingestellt \u2013 kein weiteres Anpassen im Fahrzeug<\/li>\n<li>Datenbankupdate lebenslang und kostenlos via USB<\/li>\n<li>Zentrale Steuerung aller Komponenten durch intelligente Software<\/li>\n<\/ul>\n<p align=\"justify\"><strong><span style=\"color: #000000;\">Sie sind unsicher, wie eine versteckte Installation in Ihrem Fahrzeug aussehen wird?<br \/>\nSchauen Sie die Videos an:<\/span><\/strong><\/p>\n<p><a href=\"\/de\/radarwarner-einbau-videos-tipps\/\"><img loading=\"lazy\" decoding=\"async\" class=\"alignnone wp-image-4352 size-full\" src=\"\/wp-content\/uploads\/Video-Radarwarner-Radar-detector-Detecteur-Rivelatori.jpg\" alt=\"Video Radarwarner Radar detector Detecteur Rivelatori\" width=\"500\" height=\"80\" srcset=\"https:\/\/www.radar-shop.eu\/wp-content\/uploads\/Video-Radarwarner-Radar-detector-Detecteur-Rivelatori.jpg 500w, https:\/\/www.radar-shop.eu\/wp-content\/uploads\/Video-Radarwarner-Radar-detector-Detecteur-Rivelatori-300x48.jpg 300w\" sizes=\"auto, (max-width: 500px) 100vw, 500px\" \/><\/a><\/p>\n<p align=\"justify\">Bei Interesse ist der Einbau des Genevo Assist Komplettsystems durch erfahrene professionelle Auto-Mechaniker\/Elektriker z.B. in Heidelberg zeitlich sehr flexibel und diskret m\u00f6glich (in der Regel Freitag nachmittag, Wochenende). Die Einbauzeit betr\u00e4gt \u00fcblicherweise 2-5 Stunden je nach System, kann bei exotischen Autos auch etwas l\u00e4nger sein. Die Techniker sprechen mit Ihnen selbstverst\u00e4ndlich zuvor die Einbaum\u00f6glichkeiten pers\u00f6nlich ab. Sie erhalten vorher einen Einblick, wie die L\u00f6sung anschlie\u00dfend aussieht. Sie k\u00f6nnten w\u00e4hrend des Einbaus die Zeit f\u00fcr eine Stadtbesichtigung nutzen. Viele Kunden freuen sich sehr \u00fcber diese M\u00f6glichkeit. Schwierigkeiten kann es nur in seltenen F\u00e4llen geben, wenn z.B. in der Fahrzeugfront nicht hinreichend Platz f\u00fcr\u00a0ist oder allein die Demontage von Karosserieteilen Stunden dauern w\u00fcrde und Spezialwerkzeug notwendig ist. Bitte f\u00fcgen Sie bei Interesse f\u00fcr die Vermittlung f\u00fcr einen Einbau der von Ihnen bestellten Ger\u00e4te diesen Punkt mit in Ihren Warenkorb ein.<\/p>\n","protected":false},"excerpt":{"rendered":"<p><span style=\"color: #000080;\"><strong>RADAR-SHOP.EU EMPFEHLUNG!<\/strong><\/span><\/p>\n<div><strong>\u00a0<\/strong><\/div>\n<div><strong>Mehr Schutz geht nicht:<\/strong>\u00a0Der Radarwarner Genevo Assist HDM mit FF2 Doppel Laserschutz sowie Esoguard 3.0 Dual ist ein High-end Festeinbauradarwarner incl. Laserwarnung \/ -st\u00f6rung sowie eso Blocker.<\/div>\n<div><\/div>\n<div>Genevo Assist bietet ein extrem kleines magnetisches LED Display und neben dem Radar&amp; Laserwarner auch eine integrierte GPS Blitzer-Datenbank gegen Radarfallen, (inkl. HDM nun auch gegen Multaradar!) Starenk\u00e4sten, Laser sowie Eso3.0 und Autovelox bietet dieses Paket Schutz f\u00fcr ganz Europa &#8211; sofort lieferbar zum Paketpreis mit\u00a0<strong>Preisvorteil von 150\u20ac<\/strong>.<\/div>\n","protected":false},"featured_media":1006,"comment_status":"open","ping_status":"closed","template":"","meta":[],"product_brand":[],"product_cat":[33,48],"product_tag":[],"class_list":{"0":"post-903","1":"product","2":"type-product","3":"status-publish","4":"has-post-thumbnail","6":"product_cat-genevo","7":"product_cat-highend-radarwarner-pakete","9":"first","10":"instock","11":"sale","12":"taxable","13":"shipping-taxable","14":"purchasable","15":"product-type-simple"},"jetpack_sharing_enabled":true,"_links":{"self":[{"href":"https:\/\/www.radar-shop.eu\/de\/wp-json\/wp\/v2\/product\/903","targetHints":{"allow":["GET"]}}],"collection":[{"href":"https:\/\/www.radar-shop.eu\/de\/wp-json\/wp\/v2\/product"}],"about":[{"href":"https:\/\/www.radar-shop.eu\/de\/wp-json\/wp\/v2\/types\/product"}],"replies":[{"embeddable":true,"href":"https:\/\/www.radar-shop.eu\/de\/wp-json\/wp\/v2\/comments?post=903"}],"wp:featuredmedia":[{"embeddable":true,"href":"https:\/\/www.radar-shop.eu\/de\/wp-json\/wp\/v2\/media\/1006"}],"wp:attachment":[{"href":"https:\/\/www.radar-shop.eu\/de\/wp-json\/wp\/v2\/media?parent=903"}],"wp:term":[{"taxonomy":"product_brand","embeddable":true,"href":"https:\/\/www.radar-shop.eu\/de\/wp-json\/wp\/v2\/product_brand?post=903"},{"taxonomy":"product_cat","embeddable":true,"href":"https:\/\/www.radar-shop.eu\/de\/wp-json\/wp\/v2\/product_cat?post=903"},{"taxonomy":"product_tag","embeddable":true,"href":"https:\/\/www.radar-shop.eu\/de\/wp-json\/wp\/v2\/product_tag?post=903"}],"curies":[{"name":"wp","href":"https:\/\/api.w.org\/{rel}","templated":true}]}}