{"id":8758,"date":"2019-07-07T13:10:48","date_gmt":"2019-07-07T11:10:48","guid":{"rendered":"https:\/\/www.radar-shop.eu\/product\/neoline-x-cop-8700s\/"},"modified":"2020-10-03T22:43:04","modified_gmt":"2020-10-03T20:43:04","slug":"neoline-x-cop-8700s","status":"publish","type":"product","link":"https:\/\/www.radar-shop.eu\/de\/produkt\/neoline-x-cop-8700s\/","title":{"rendered":"NEOLINE X-COP 8700s"},"content":{"rendered":"<p>MOTION CONTROL &#8211; Die Motion Control-Technologie des Neoline X-COP 8700s erm\u00f6glicht es Ihnen, Audio- und Sprachwarnungen mit einer einzigen Handbewegung auszuschalten. Halten Sie einfach Ihre Hand vor das GPS-Informations-Display und der Alarmton wird ausgeschaltet.<\/p>\n<p>LED-BELEUCHTUNGSMODUS &#8211; Mit dieser Funktion ist es m\u00f6glich, auf dem Diodenstreifen die St\u00e4rke des empfangenen Signals oder eine Warnung \u00fcber die Ann\u00e4herung an den GPS-Punkt anzuzeigen.<\/p>\n<p>MEHRSPRACHIG &#8211; Die Neoline X-COP 8700s GT bietet eine erweiterte Anzahl von Sprachen. Derzeit verf\u00fcgbar: Englisch, Spanisch, Litauisch, Russisch, Tschechisch. Das Sprachpaket wird st\u00e4ndig mit dem Men\u00fc der neuen Sprache aktualisiert.<\/p>\n<p>KOSTENLOSE FIRMWARE-UPDATES\u00a0 &#8211; Laden Sie einfach die Firmware und die Datenbank von neoline, kopieren Sie sie auf die Flash-Karte und verbinden Sie sie mit einem speziellen Adapter (im Lieferumfang enthalten) mit der X-COP 8700s GT-Basis, und die Firmware wird automatisch aktualisiert. Jede Woche werden neue Updates auf der Website neoline.com verf\u00fcgbar sein.<\/p>\n<p>OLED-DISPLAY\u00a0 &#8211; Der neue GPS-X COP 8700s hat ein helles mehrfarbiges OLED-Display, das aus jedem Sichtwinkel perfekt lesbar ist. Der Benutzer kann 6 Farbvarianten w\u00e4hlen: wei\u00df, blau, blau, gr\u00fcn, rot, gelb. Die Farbe des Diodenstreifens, der sich unter den Steuertasten des Warners befindet, kann separat eingestellt werden. Dar\u00fcber hinaus verf\u00fcgt das Ger\u00e4t \u00fcber einen Helligkeitssensor, der die Helligkeit der Anzeige automatisch auf der Grundlage der Beleuchtung anpasst.<\/p>\n<p><iframe loading=\"lazy\" src=\"https:\/\/www.youtube.com\/embed\/q7GrowMq9eM\" width=\"1131\" height=\"636\" frameborder=\"0\" allowfullscreen=\"allowfullscreen\"><\/iframe><\/p>\n<p><iframe loading=\"lazy\" src=\"https:\/\/www.youtube.com\/embed\/DNhnD6-hlWg\" width=\"1131\" height=\"636\" frameborder=\"0\" allowfullscreen=\"allowfullscreen\"><\/iframe><\/p>\n<p>INSTALLATION IM INNEREN DES FAHRZEUGES &#8211; Der Benutzer kann das Ger\u00e4t in mehreren Varianten platzieren:<\/p>\n<ul>\n<li>Standard-Installation an der Basis der Windschutzscheibe<\/li>\n<li>auf der Halterung mit Saugn\u00e4pfen oder 3M-Klebeband<\/li>\n<li>Montage auf Saugn\u00e4pfen oder 3M-Klebeband kopf\u00fcber am R\u00fcckspiegel.<\/li>\n<li>Verwenden Sie dazu die 2. Bohrung f\u00fcr die Montage.<\/li>\n<\/ul>\n<p>GEFAHRENZONEN &#8211; Mit nur einem Klick kann der Benutzer dem Speicher des Ger\u00e4ts eine Gefahrenzone hinzuf\u00fcgen. Dies ist ein Bereich, der die Aufmerksamkeit des Fahrers erfordert, z.B. Gefahrenstellen, eine Schule, eine belebte Kreuzung, ein mobiler Blitzer usw. Und ebenfalls mit nur einer Taste kann der Benutzer eine Ruhezone hinzuf\u00fcgen, um falsche Signale zu blockieren.<\/p>\n<p>X-LOGIC &#8211; Mit dieser Funktion kann der Benutzer eine genaue Messung der Beschleunigung Ihres Autos vornehmen. Im X-LOGIC-Modus ist es m\u00f6glich, die Geschwindigkeit bis zu 60 km\/h, 100 km\/h, 100 bis 150 km\/h, 100 bis 200 km\/h und die Zeit zu messen, w\u00e4hrend der das Fahrzeug 402 m zur\u00fccklegt.<\/p>\n<p>INHALT<\/p>\n<ul>\n<li>Neoline X-COP 8700s GT enth\u00e4lt in seiner Konfiguration das folgende Zubeh\u00f6r:<\/li>\n<li>GPS-Empf\u00e4nger Neoline X-COP 8700s GT<\/li>\n<li>Befestigung f\u00fcr Windschutzscheibe<\/li>\n<li>3M-Klebeband zum Anbringen an der Windschutzscheibe<\/li>\n<li>Magnetische Befestigung<\/li>\n<li>Stromkabel zur Kfz-Steckdose mit Ein\/Aus-Taster (DC12V ~ 24V)<\/li>\n<li>USB-OTG-Kabel<\/li>\n<li>Ger\u00e4te-Aufbewahrungsbeh\u00e4lter<\/li>\n<li>Blendschutz-Visier<\/li>\n<\/ul>\n","protected":false},"excerpt":{"rendered":"<p>3 in 1: Radar, Laser, GPS POI Radar &amp; Blitzer Melder<\/p>\n<ul>\n<li>Radar (\u041a, \u041cTR, \u041a\u0430, Laser)<\/li>\n<li>Multa Radar: MRCD MRCT<\/li>\n<li>Z-Signatur-Filter<\/li>\n<li>Auto Turbo-Modus<\/li>\n<li>OLED-Bildschirm 6 Farben<\/li>\n<li>Automatische Sensoranpassung der Anzeigehelligkeit<\/li>\n<li>Gef\u00e4hrliche und Stille Zonen hinzuf\u00fcgen<\/li>\n<li>Bildschirmschoner mit Tachometer<\/li>\n<li>OTG-Firmware-Update \u00fcber USB bis zu 32 GB<\/li>\n<li>X-Logic misst Fahrzeug Beschleunigung<\/li>\n<\/ul>\n","protected":false},"featured_media":7352,"comment_status":"open","ping_status":"closed","template":"","meta":[],"product_brand":[],"product_cat":[1113,6],"product_tag":[2673],"class_list":{"0":"post-8758","1":"product","2":"type-product","3":"status-publish","4":"has-post-thumbnail","6":"product_cat-neoline-de","7":"product_cat-radarwarner-mobil","8":"product_tag-neoline-x-cop-8700s-de","10":"first","11":"instock","12":"sale","13":"taxable","14":"shipping-taxable","15":"purchasable","16":"product-type-simple"},"jetpack_sharing_enabled":true,"_links":{"self":[{"href":"https:\/\/www.radar-shop.eu\/de\/wp-json\/wp\/v2\/product\/8758","targetHints":{"allow":["GET"]}}],"collection":[{"href":"https:\/\/www.radar-shop.eu\/de\/wp-json\/wp\/v2\/product"}],"about":[{"href":"https:\/\/www.radar-shop.eu\/de\/wp-json\/wp\/v2\/types\/product"}],"replies":[{"embeddable":true,"href":"https:\/\/www.radar-shop.eu\/de\/wp-json\/wp\/v2\/comments?post=8758"}],"wp:featuredmedia":[{"embeddable":true,"href":"https:\/\/www.radar-shop.eu\/de\/wp-json\/wp\/v2\/media\/7352"}],"wp:attachment":[{"href":"https:\/\/www.radar-shop.eu\/de\/wp-json\/wp\/v2\/media?parent=8758"}],"wp:term":[{"taxonomy":"product_brand","embeddable":true,"href":"https:\/\/www.radar-shop.eu\/de\/wp-json\/wp\/v2\/product_brand?post=8758"},{"taxonomy":"product_cat","embeddable":true,"href":"https:\/\/www.radar-shop.eu\/de\/wp-json\/wp\/v2\/product_cat?post=8758"},{"taxonomy":"product_tag","embeddable":true,"href":"https:\/\/www.radar-shop.eu\/de\/wp-json\/wp\/v2\/product_tag?post=8758"}],"curies":[{"name":"wp","href":"https:\/\/api.w.org\/{rel}","templated":true}]}}