{"id":748,"date":"2018-03-10T23:25:49","date_gmt":"2018-03-10T23:25:49","guid":{"rendered":"https:\/\/www.radar-shop.eu\/?post_type=product&#038;p=748\/"},"modified":"2023-01-24T06:08:49","modified_gmt":"2023-01-24T04:08:49","slug":"genevo-assist","status":"publish","type":"product","link":"https:\/\/www.radar-shop.eu\/de\/produkt\/genevo-assist\/","title":{"rendered":"Genevo Assist HDM"},"content":{"rendered":"<h2>HIGH END RADARWARNER GENEVO ASSIST MIT HDM RADARANTENNE ZUM FESTEINBAU<\/h2>\n<p><strong>Der neue Genevo Assist HDM High-End Radarwarner<\/strong>\u00a0verf\u00fcgt \u00fcber ein neues kompaktes magnetisches Bedien Panel. Aktuelle Europa POI Datenbank f\u00fcr fester Blitzer sowie mit deutscher Sprachausgabe. Somit werden Sie akustisch via Stimme sowie am Matrix Display \u00fcber Gefahren bestens informiert. (Lifetime POI Updates Europa sind im unserem Paket mit HDM+ inklusive). Ergonomie war Genevo auch beim neuen Assist sehr wichtig. Da er meist in Ablagen verstaut wird, ist das Matrix Display extrem kompakt und bequem abzulesen. Die Tasten sind so platziert, dass auch in einer Ablage schnelle Bedienung m\u00f6glich ist.<\/p>\n<p>Auf diese Weise haben Sie europaweit eine 100% sichere und zudem aufgrund der geringen Ger\u00e4teabmessungen diskrete Art, sich vor den festinstallierten Me\u00dfanlagen warnen zu lassen.<br \/>\nDer Genevo enth\u00e4lt im Speicher die GPS Positionen dieser Blitzeinrichtungen. Er warnt mit einer Stimme und einem Blinken rechtzeitig vor dem Erreichen dieser Blitzer. Durch die HD-Radar-\/Laserantenne haben Sie Schutz auch vor mobilen Radarfallen und Laserpistolen. Sie k\u00f6nnen den Speicher des Genevo beliebig oft mit Unterst\u00fctzung eines USB Sticks aktualisieren. Diese Datenbank kann einfach aktualisiert werden. \u00dcber eine USB-Schnittstelle wird das Ger\u00e4t sehr schnell und zuverl\u00e4ssig mit den neuesten Daten aktualisiert.\u00a0Sie werden begeistert sein.<\/p>\n<p style=\"font-weight: 400;\"><b><strong>\u00dcbersicht GENEVO ASSIST HDM<\/strong><\/b><\/p>\n<p style=\"font-weight: 400;\"><b><\/b>+ meldet mobile+feste Geschwindigkeitsmessysteme Europas<br \/>\n+ Neueste Europa Datenbank ist bereits vorinstalliert<br \/>\n+ inklusive lebenslang Europa POI Updates gratis<br \/>\n+ helles kompakt-Matrixdisplay f\u00fcr optimale Warnungen<br \/>\n+ starkes GPS Modul f\u00fcr den versteckten Betrieb in Ablagen<br \/>\n+ Warnung bei Section Control Messungen<br \/>\n+ Warnung vor station\u00e4ren Radarger\u00e4ten<br \/>\n+ Warnung vor Rotlicht Kameras und Ampelblitzern<br \/>\n+ Alle Alarme sowie Bedienung erfolgen auf Deutsch<br \/>\n+ wetterfeste High-End Radarwarner Antenne<br \/>\n+ 360\u00b0 Grad Erfassung mobiles Radar in Europa (X\/K\/Ka\/Multaradar Band)<br \/>\n+ Warnung vor Lasermessungen (auch Poliscan Speed!)<br \/>\n+ Radarempfang Filter- \/St\u00e4rke frei einstellbar<\/p>\n<p style=\"font-weight: 400;\">+ Laserabwehr jederzeit einfach nachr\u00fcstbar!<\/p>\n","protected":false},"excerpt":{"rendered":"<p><span style=\"color: #000080;\"><strong>RADAR-SHOP.EU EMPFEHLUNG! <\/strong><\/span><\/p>\n<p><strong>Der neue Genevo Assist HDM<\/strong> <strong>Radarwarner\u00a0<\/strong>ist ein brandneuer Festeinbau Radarwarner und bietet neben mobiler Radar- und Laserwarnung auch eine integrierte GPS Blitzer-Datenbank mit deutscher Sprachausgabe gegen Radarfallen f\u00fcr ganz Europa &#8211; inkl. der neuen Multaradar CD\/CT\/GATSO &#8211; jetzt bestellen und Bussgelder und Punkte vermeiden.<\/p>\n<p><strong>Einbau Radarwarnger\u00e4te bieten besten diskreten Schutz gegen Radarfallen und Starenk\u00e4sten.<\/strong> Optional ist bei diesem System eine Laserabwehr sowie zweite Radarantenne erh\u00e4ltlich! Fragen Sie uns.<\/p>\n","protected":false},"featured_media":726,"comment_status":"open","ping_status":"closed","template":"","meta":[],"product_brand":[],"product_cat":[33,29],"product_tag":[],"class_list":{"0":"post-748","1":"product","2":"type-product","3":"status-publish","4":"has-post-thumbnail","6":"product_cat-genevo","7":"product_cat-radarwarner-einbau","9":"first","10":"instock","11":"sale","12":"taxable","13":"shipping-taxable","14":"purchasable","15":"product-type-simple"},"jetpack_sharing_enabled":true,"_links":{"self":[{"href":"https:\/\/www.radar-shop.eu\/de\/wp-json\/wp\/v2\/product\/748","targetHints":{"allow":["GET"]}}],"collection":[{"href":"https:\/\/www.radar-shop.eu\/de\/wp-json\/wp\/v2\/product"}],"about":[{"href":"https:\/\/www.radar-shop.eu\/de\/wp-json\/wp\/v2\/types\/product"}],"replies":[{"embeddable":true,"href":"https:\/\/www.radar-shop.eu\/de\/wp-json\/wp\/v2\/comments?post=748"}],"wp:featuredmedia":[{"embeddable":true,"href":"https:\/\/www.radar-shop.eu\/de\/wp-json\/wp\/v2\/media\/726"}],"wp:attachment":[{"href":"https:\/\/www.radar-shop.eu\/de\/wp-json\/wp\/v2\/media?parent=748"}],"wp:term":[{"taxonomy":"product_brand","embeddable":true,"href":"https:\/\/www.radar-shop.eu\/de\/wp-json\/wp\/v2\/product_brand?post=748"},{"taxonomy":"product_cat","embeddable":true,"href":"https:\/\/www.radar-shop.eu\/de\/wp-json\/wp\/v2\/product_cat?post=748"},{"taxonomy":"product_tag","embeddable":true,"href":"https:\/\/www.radar-shop.eu\/de\/wp-json\/wp\/v2\/product_tag?post=748"}],"curies":[{"name":"wp","href":"https:\/\/api.w.org\/{rel}","templated":true}]}}