{"id":692,"date":"2017-03-01T22:05:36","date_gmt":"2017-03-01T22:05:36","guid":{"rendered":"https:\/\/www.radar-shop.eu\/?post_type=product&#038;p=692\/"},"modified":"2022-05-20T11:03:33","modified_gmt":"2022-05-20T09:03:33","slug":"genevo-gps","status":"publish","type":"product","link":"https:\/\/www.radar-shop.eu\/de\/produkt\/genevo-gps\/","title":{"rendered":"Genevo GPS+"},"content":{"rendered":"<p style=\"font-weight: 400;\"><strong>Genevo GPS+ POI Warner<\/strong> l\u00e4sst sich ohne Montage sofort mobil einsetzen und verf\u00fcgt \u00fcber aktuelle Europa POI Datenbank fester Blitzer als eigenst\u00e4ndig vollwertiger POI-Warner mit deutscher Sprachausgabe. Somit werden Sie akustisch via Stimme sowie am Matrix Display \u00fcber Gefahren bestens informiert. (POI Updates Europa f\u00fcr 1 Jahr sind inklusive)<\/p>\n<p style=\"font-weight: 400;\">Da der Genevo GPS+ meist in Ablagen verstaut wird, ist das Matrix Display bequem von oben ablesbar. Die einzigen 2 Tasten sind so platziert, dass auch in einer Ablage schnelle Bedienung m\u00f6glich wird.<\/p>\n<p><strong>Zus\u00e4tzlich bietet der Genevo GPS+ \u00fcber eine drahtlose Verbindungsm\u00f6glichkeit<\/strong> zur ebenfalls neuen optional verf\u00fcgbaren Genevo HD+ Radarantenne. In dieser Kombination entsteht ein vollwertiges Radarwarnsystem incl. GPS, welches elegant ohne eine komplexe Verkabelung auskommt. Die Installation wird wesentlich erleichtert. Alle relevante Komponenten diskret und einfach verbaut.<\/p>\n<p style=\"font-weight: 400;\"><strong>Sie befestigen den GPS Genevo GPS+ einfach innerhalb weniger Sekunden<\/strong> mittels Saugn\u00e4pfen an der Windschutzscheibe oder Ablage und verbinden das Anschlu\u00dfkabel mit dem Zigarettenanz\u00fcnder. Dann einfach nur noch anschalten und fertig. Auf diese Weise haben Sie europaweit eine 100% sichere und zudem aufgrund der geringen Ger\u00e4teabmessungen diskrete Art, sich vor den festinstallierten Me\u00dfanlagen warnen zu lassen.<\/p>\n<p style=\"font-weight: 400;\"><strong>Der Genevo GPS+\u00a0 enth\u00e4lt im Speicher die GPS Positionen dieser Blitzeinrichtungen.<\/strong> Er warnt mit einer Stimme und einem Blinken rechtzeitig vor dem Erreichen dieser Blitzer. Zus\u00e4tzlich kann Sie der Genevo GPS+ auch vor mobilen Radarfallen und Laserpistolen warnen. Kaufen Sie einfach die kompatiblen kabellose Radarwarnantenne hinzu mit integriertem Funkadapter. Dann ist der Schutz nahezu perfekt.\u00a0 Sie k\u00f6nnen den Speicher des Genevo GPS+ beliebig oft mit Unterst\u00fctzung eines PC aktualisieren. Diese Datenbank kann einfach aktualisiert werden. \u00dcber eine USB-Schnittstelle uwird das Ger\u00e4t sehr schnell und zuverl\u00e4ssig mit den neuesten Daten aktualisiert. Sie werden begeistert sein.<\/p>\n<p style=\"font-weight: 400;\"><b><strong>\u00a0<\/strong><\/b><\/p>\n<p style=\"font-weight: 400;\"><b><strong>Kurz\u00fcbersicht<\/strong><\/b><br \/>\n+ meldet festeinstallierte Geschwindigkeitsmessysteme Europas (POI-Warnung)<br \/>\n+ Neueste Europa Datenbank ist bereits vorinstalliert<br \/>\n+ inklusive 1 Jahr Europa POI Updates gratis (\u00fcber genevo.de)<br \/>\n+ helles kompakt-Matrixdisplay f\u00fcr optimale Warnungen<br \/>\n+ starkes GPS Modul f\u00fcr den versteckten Betrieb in Ablagen<br \/>\n+ Warnung bei Section Control Messungen<br \/>\n+ Warnung vor station\u00e4ren Radarger\u00e4ten<br \/>\n+ Warnung vor Rotlicht Kameras und Ampelblitzern<br \/>\n+ Alle Alarme sowie Bedienung erfolgen auf Deutsch<br \/>\n<b><strong><br \/>\nOptional mit Genevo HD+: (separat oder im Paket erwerbbar)\u00a0<\/strong><\/b><br \/>\n+ wetterfeste High-End Radarwarner Antenne<br \/>\n+ mit vollautmatischer kabellosen Anbindung zum GPS+ POI Warner<br \/>\n+ 360\u00b0 Grad Erfassung mobiles Radar in Europa (X\/K\/Ka Band)<br \/>\n+ Warnung vor Lasermessungen (auch Poliscan Speed!)<br \/>\n+ Radarempfangsfilter- \/St\u00e4rke frei einstellbar<br \/>\n+ Genevo HD+ Lieferung inkl. lebenslangen Europa POI Updates!<\/p>\n<p>&nbsp;<\/p>\n<p><iframe loading=\"lazy\" src=\"https:\/\/www.youtube.com\/embed\/3PuaKz4K-Cs?ecver=1\" width=\"800\" height=\"380\" frameborder=\"0\" allowfullscreen=\"allowfullscreen\"><span data-mce-type=\"bookmark\" style=\"display: inline-block; width: 0px; overflow: hidden; line-height: 0;\" class=\"mce_SELRES_start\">\ufeff<\/span><\/iframe><\/p>\n","protected":false},"excerpt":{"rendered":"<p><strong>Der GPS Blitzerwarner Genevo GPS+<\/strong> ist ein kleines Ger\u00e4t mit sehr hochaufl\u00f6sendem Display und bietet eine integrierte GPS-Blitzerdatenbank f\u00fcr den Einsatz gegen feste Blitzer in Deutschland, \u00d6sterreich, Schweiz und ganz Europa mit deutscher Sprachausgabe &#8211; jetzt hier bestellen und Bussgelder und Punkte vermeiden.<\/p>\n<ul>\n<li>Kompakt mit Dislplay<\/li>\n<li>Sprachausgabe Deutsch &amp; Englisch<\/li>\n<li>GPS Empf\u00e4nger intern (&amp; extern falls n\u00f6tig)<\/li>\n<li>Optional verf\u00fcgbar: Externe Genevo HD bzw. HDM Radarantenne<\/li>\n<li>(drahtlose Kommunikation mit GPS+ &gt; Geringster Einbauaufwand)<\/li>\n<\/ul>\n","protected":false},"featured_media":693,"comment_status":"open","ping_status":"closed","template":"","meta":[],"product_brand":[],"product_cat":[33,47],"product_tag":[188,190,189],"class_list":{"0":"post-692","1":"product","2":"type-product","3":"status-publish","4":"has-post-thumbnail","6":"product_cat-genevo","7":"product_cat-gps-poi-warner","8":"product_tag-genevo","9":"product_tag-poi-warner","10":"product_tag-radarwarner","12":"first","13":"instock","14":"taxable","15":"shipping-taxable","16":"purchasable","17":"product-type-simple"},"jetpack_sharing_enabled":true,"_links":{"self":[{"href":"https:\/\/www.radar-shop.eu\/de\/wp-json\/wp\/v2\/product\/692","targetHints":{"allow":["GET"]}}],"collection":[{"href":"https:\/\/www.radar-shop.eu\/de\/wp-json\/wp\/v2\/product"}],"about":[{"href":"https:\/\/www.radar-shop.eu\/de\/wp-json\/wp\/v2\/types\/product"}],"replies":[{"embeddable":true,"href":"https:\/\/www.radar-shop.eu\/de\/wp-json\/wp\/v2\/comments?post=692"}],"wp:featuredmedia":[{"embeddable":true,"href":"https:\/\/www.radar-shop.eu\/de\/wp-json\/wp\/v2\/media\/693"}],"wp:attachment":[{"href":"https:\/\/www.radar-shop.eu\/de\/wp-json\/wp\/v2\/media?parent=692"}],"wp:term":[{"taxonomy":"product_brand","embeddable":true,"href":"https:\/\/www.radar-shop.eu\/de\/wp-json\/wp\/v2\/product_brand?post=692"},{"taxonomy":"product_cat","embeddable":true,"href":"https:\/\/www.radar-shop.eu\/de\/wp-json\/wp\/v2\/product_cat?post=692"},{"taxonomy":"product_tag","embeddable":true,"href":"https:\/\/www.radar-shop.eu\/de\/wp-json\/wp\/v2\/product_tag?post=692"}],"curies":[{"name":"wp","href":"https:\/\/api.w.org\/{rel}","templated":true}]}}