{"id":4565,"date":"2025-11-14T00:00:00","date_gmt":"2025-11-13T22:00:00","guid":{"rendered":"https:\/\/www.radar-shop.eu\/?post_type=product&#038;p=4565"},"modified":"2025-11-14T11:31:54","modified_gmt":"2025-11-14T09:31:54","slug":"valentine-v1-gen2-radarwarner","status":"publish","type":"product","link":"https:\/\/www.radar-shop.eu\/de\/produkt\/valentine-v1-gen2-radarwarner\/","title":{"rendered":"Valentine One V1 Gen2"},"content":{"rendered":"<p><strong><img loading=\"lazy\" decoding=\"async\" class=\"size-full wp-image-4452 aligncenter\" src=\"https:\/\/www.radar-shop.eu\/wp-content\/uploads\/Valentine-One-V1-Gen2.jpg\" alt=\"Valentine One V1 Gen2\" width=\"1000\" height=\"668\" srcset=\"https:\/\/www.radar-shop.eu\/wp-content\/uploads\/Valentine-One-V1-Gen2.jpg 1000w, https:\/\/www.radar-shop.eu\/wp-content\/uploads\/Valentine-One-V1-Gen2-300x200.jpg 300w, https:\/\/www.radar-shop.eu\/wp-content\/uploads\/Valentine-One-V1-Gen2-768x513.jpg 768w, https:\/\/www.radar-shop.eu\/wp-content\/uploads\/Valentine-One-V1-Gen2-750x500.jpg 750w, https:\/\/www.radar-shop.eu\/wp-content\/uploads\/Valentine-One-V1-Gen2-555x371.jpg 555w\" sizes=\"auto, (max-width: 1000px) 100vw, 1000px\" \/><\/strong><\/p>\n<p><strong>Valentine One V1 Gen2<\/strong> ist ein v\u00f6llig neues Sicherheitsinstrument, das selbst die am weitesten entwickelte Version des V1 deutlich \u00fcbertrifft. Im Inneren des brandneuen Magnesiumgeh\u00e4uses befindet sich ein v\u00f6llig neuer und patentierter Radarwarner, der einem Konzept nachempfunden ist, das von milit\u00e4rischen CHIRP-Radarger\u00e4ten verwendet wird, um schw\u00e4chere, weiter entfernte Radarfallen mit h\u00f6herer Pr\u00e4zision zu finden. Die Ka-Band-Reichweite ist im Valentine One V1 Gen2 beeindruckend besser. Die K-Band-Reichweite ist ebenfalls verbessert. Neue SAW-D2L- und LNA-Technologien erm\u00f6glichen diese erhebliche Reichweitenerh\u00f6hung gegen\u00fcber dem traditionellen V1 und stellen gleichzeitig einen Durchbruch bei der Tarnung dar.<\/p>\n<h2><img loading=\"lazy\" decoding=\"async\" class=\"wp-image-4462 alignright\" src=\"https:\/\/www.radar-shop.eu\/wp-content\/uploads\/V1-GEN2-1-e1597059504281.png\" alt=\"V1 Gen2 2\" width=\"498\" height=\"506\" srcset=\"https:\/\/www.radar-shop.eu\/wp-content\/uploads\/V1-GEN2-1-e1597059504281.png 399w, https:\/\/www.radar-shop.eu\/wp-content\/uploads\/V1-GEN2-1-e1597059504281-296x300.png 296w\" sizes=\"auto, (max-width: 498px) 100vw, 498px\" \/>Valentine One V1 Gen2 Radarwarner<br \/>\nWas ist inbegriffen?<\/h2>\n<ul>\n<li>Valentine One Gen2 Radarwarner<\/li>\n<li>Schnellstart-Anleitung<\/li>\n<li>Windschutzscheiben-Halterung<\/li>\n<li>Visier-Halterung<\/li>\n<li>Stromkabel, gewendelt &#8211; 30cm erstreckt sich auf 2,4m<\/li>\n<li>Netzkabel, gerade &#8211; 2,4m<\/li>\n<li>Leichterer Adapter<\/li>\n<li>Direkt-Draht-Adapter<\/li>\n<li>Kabelbaum-Stecker<\/li>\n<li>Ersatz-Sicherung<\/li>\n<li>Ersatz-Saugn\u00e4pfe<\/li>\n<\/ul>\n<div><\/div>\n<div>\n<p><strong>Valentine<\/strong>\u00a0f\u00fchrt die K-Verifier-Radarwarner-Technologie ein, um die Widerstandsf\u00e4higkeit gegen Toter-Winkel-Erkennungssysteme in Neuwagen zu verbessern und Fehlalarme durch automatische Ladent\u00fcr\u00f6ffner zu reduzieren. Das integrierte Bluetooth 5.0 erm\u00f6glicht eine drahtlose Verbindung zu Ihren Apple- oder Android-Smartphones und Tablets. Die kostenlose App-V1Connection, die App, wird auf Ihrem Ger\u00e4t ausgef\u00fchrt und bietet Ihnen eine revolution\u00e4re neue Art der Analyse des Live-Streams von Bedrohungsinformationen, die von der V1 Gen2 flie\u00dfen. Sie haben auch Zugang zu zuk\u00fcnftigen Firmware-Upgrades.<\/p>\n<p><strong><img loading=\"lazy\" decoding=\"async\" class=\"alignright wp-image-4467\" src=\"https:\/\/www.radar-shop.eu\/wp-content\/uploads\/V1-GEN2-app.png\" alt=\"V1 GEN2 app\" width=\"502\" height=\"545\" srcset=\"https:\/\/www.radar-shop.eu\/wp-content\/uploads\/V1-GEN2-app.png 635w, https:\/\/www.radar-shop.eu\/wp-content\/uploads\/V1-GEN2-app-276x300.png 276w, https:\/\/www.radar-shop.eu\/wp-content\/uploads\/V1-GEN2-app-555x603.png 555w\" sizes=\"auto, (max-width: 502px) 100vw, 502px\" \/>Neue LNA-Technologie des V1 Gen2:<\/strong>\u00a0Die einzige M\u00f6glichkeit, die Reichweite zu erh\u00f6hen, besteht darin, immer schw\u00e4chere Signale zu erkennen. Stellen Sie sich LNA als eine Signalvergr\u00f6\u00dferung vor.<\/p>\n<p><strong>LNA hat noch einen weiteren Vorteil:<\/strong>\u00a0Es fungiert als Einwegventil und f\u00e4ngt den LO-Ausgang ab, bevor er aus dem Magnesiumgeh\u00e4use der V1 Gen2 entweicht. Das ist der Schl\u00fcssel zur Tarnung. V1 Gen2 ist praktisch nicht nachweisbar.<\/p>\n<p>Das neue und patentierte SAWD2L tr\u00e4gt exponentiell zum Datenfluss bei. SAWD2L erh\u00f6ht die Verarbeitungsrate um mehr als das Hundertfache und erm\u00f6glicht es V1 Gen2, die Radarsignale von Radarger\u00e4ten mit Geschwindigkeitsfallen aus der heutigen Flut von Spurwechsel- und Crashpr\u00e4ventionsradarger\u00e4ten schnell zu sortieren.<\/p>\n<h3>\u00dcberlegene Reichweite des <strong>Valentine One V1 Gen2<\/strong><\/h3>\n<p>Die Erfassung schwacher Signale durch die LNA, die die Hochratenanalyse von SAWD2L speist, stellt einen Durchbruch in der Radar-Fr\u00fchwarnung dar. Die Reichweitenerh\u00f6hung im Ka-Band ist besonders dramatisch. Unser neuer K-Verifier eliminiert unerw\u00fcnschte K-Warnungen.<\/p>\n<p>Die kostenlose V1 Apps erm\u00f6glichen eine fortschrittliche Bedrohungsanalyse, eine einfache Programmierung und sofortige Upgrades von V1 Gen2. Eine Smartphone-Verbindung \u00fcber Bluetooth ist integriert.<\/p>\n<\/div>\n","protected":false},"excerpt":{"rendered":"<p><strong><span class=\"dotted-product-details\"><a href=\"https:\/\/www.radar-shop.eu\/de\/radarwarner-vergleich-deutschland\/\">RADARWARNER VERGLEICH<\/a><\/span><br \/>\n<span style=\"color: #000080;\">RADAR-SHOP.EU EMPFEHLUNG!<br \/>\n<\/span><br \/>\n<\/strong><\/p>\n<ul>\n<li>Mit dem Radarwarner Valentine V1 Gen2 wird die K-Verifier-Technologie eingef\u00fchrt, um die Widerstandsf\u00e4higkeit gegen Systeme zur Erkennung des toten Winkels in Neuwagen zu verbessern und Fehlalarme durch automatische Ladent\u00fcr\u00f6ffner zu reduzieren.<\/li>\n<li>Das integrierte Bluetooth 5.0 erm\u00f6glicht eine drahtlose Verbindung zu Ihren Apple- oder Android-Smartphones und Tablets.<\/li>\n<li>Die App Valentine V1Connection l\u00e4uft auf Ihrem Ger\u00e4t und bietet Ihnen eine revolution\u00e4re neue Methode zur Analyse des Live-Streams von Bedrohungsinformationen, die von der V1 Gen2 flie\u00dfen. Sie werden auch Zugang zu zuk\u00fcnftigen Firmware-Upgrades haben.<\/li>\n<li>Sofort lieferbar!<\/li>\n<\/ul>\n","protected":false},"featured_media":4585,"comment_status":"closed","ping_status":"closed","template":"","meta":[],"product_brand":[],"product_cat":[711],"product_tag":[],"class_list":{"0":"post-4565","1":"product","2":"type-product","3":"status-publish","4":"has-post-thumbnail","6":"product_cat-uncategorized-de","8":"first","9":"onbackorder","10":"sale","11":"taxable","12":"shipping-taxable","13":"purchasable","14":"product-type-simple"},"jetpack_sharing_enabled":true,"_links":{"self":[{"href":"https:\/\/www.radar-shop.eu\/de\/wp-json\/wp\/v2\/product\/4565","targetHints":{"allow":["GET"]}}],"collection":[{"href":"https:\/\/www.radar-shop.eu\/de\/wp-json\/wp\/v2\/product"}],"about":[{"href":"https:\/\/www.radar-shop.eu\/de\/wp-json\/wp\/v2\/types\/product"}],"replies":[{"embeddable":true,"href":"https:\/\/www.radar-shop.eu\/de\/wp-json\/wp\/v2\/comments?post=4565"}],"wp:featuredmedia":[{"embeddable":true,"href":"https:\/\/www.radar-shop.eu\/de\/wp-json\/wp\/v2\/media\/4585"}],"wp:attachment":[{"href":"https:\/\/www.radar-shop.eu\/de\/wp-json\/wp\/v2\/media?parent=4565"}],"wp:term":[{"taxonomy":"product_brand","embeddable":true,"href":"https:\/\/www.radar-shop.eu\/de\/wp-json\/wp\/v2\/product_brand?post=4565"},{"taxonomy":"product_cat","embeddable":true,"href":"https:\/\/www.radar-shop.eu\/de\/wp-json\/wp\/v2\/product_cat?post=4565"},{"taxonomy":"product_tag","embeddable":true,"href":"https:\/\/www.radar-shop.eu\/de\/wp-json\/wp\/v2\/product_tag?post=4565"}],"curies":[{"name":"wp","href":"https:\/\/api.w.org\/{rel}","templated":true}]}}