{"id":313,"date":"2022-10-12T12:02:32","date_gmt":"2022-10-12T10:02:32","guid":{"rendered":"https:\/\/www.radar-shop.eu\/?post_type=product&#038;p=313\/"},"modified":"2026-02-01T06:06:54","modified_gmt":"2026-02-01T04:06:54","slug":"antilaser-priority","status":"publish","type":"product","link":"https:\/\/www.radar-shop.eu\/de\/produkt\/antilaser-priority\/","title":{"rendered":"Antilaser Priority"},"content":{"rendered":"<h2>Der AntiLaser Priority (Nachfolger des AL G9 RX)<\/h2>\n<p><strong>Der AntiLaser PRIORITY<\/strong> ist mit den kleinsten Sensoren seiner Leistungsklasse ausgestattet. Herausragender Laserempfang wurde durch sorgf\u00e4ltig entwickelte Hardware und Software des Empfangssystems erreicht, basierend auf patentgesch\u00fctzten Innovationen des herstellers. W\u00e4hrend der Entwicklung des AL Priority lag die oberste Priorit\u00e4t bei perfekter Funktionalit\u00e4t gepaart mit ultimativer Effizienz in allen Gegebenheiten, verbesserte Filterung von Sonneninterferenzen und Laserquellen, verbesserte Widerstandsf\u00e4higkeit gegen Temperaturschwankungen und elektromagnetische St\u00f6rungen. Obwohl die Sensoren kleiner wurden, vergr\u00f6\u00dferte sich die Steuereinheit und bietet neue Funktionen und Erweiterungen. Das AL Priority System kann aus bis zu f\u00fcnf Sensoren bestehen und unterscheidet zwischen Front und Hecksensoren.<\/p>\n<p>AL PRIORITY ist branchenweit das erste Produkt, das updatef\u00e4hige Software und Systemeinstellungen per USB-Stick bietet.<\/p>\n<p><strong>Die neueste Hardwareversion bietet folgende Verbesserungen:<\/strong><br \/>\n&#8211; Dual Prozessor Design mit Taktfrequenz von 100 MHz<br \/>\n&#8211; Neue kleinere Sensoren bieten eine verbesserte Lasererfassung (+20%)<br \/>\n&#8211; Bietet noch immer den gr\u00f6\u00dften Abdeckungswinkel (bis zu \u00b115\u00b0H \u00b115\u00b0V)<br \/>\n&#8211; Einf\u00fchrung von innovativen r\u00fcck&amp;seitlichen Sensorkabelausg\u00e4ngen<\/p>\n<p><strong>AL Priority bringt branchenweit erste:<\/strong><br \/>\n&#8211; benutzerfreundliche Internet Upgrades und Systemeinstellungen per USB-Stick<br \/>\n&#8211; USB-Stick Diebstahlschutz<br \/>\n&#8211; bis zu 5 Sensoren Anschluss mit Unterscheidung zwischen Front und Heck<br \/>\n&#8211; Sensor f\u00fcr Signalfilterung von LCC ausgestatteten Fahrzeugen<br \/>\n&#8211; Erweiterte Selbsttest-Funktion zur Erkennung von Unterbrechungen oder Funktionsst\u00f6rungen<\/p>\n<p><strong>AL Priority Montage<\/strong><\/p>\n<p>Die Sensoren werden in der Front des Fahrzeuges eingebaut und sch\u00fctzen vor Lasermessungen. Je nach Fahrzeug werden 1, 2 oder ggfs. mehr Sensoren ben\u00f6tigt. F\u00fcr einen normalen PKW reichen 1-2 Sensoren. F\u00fcr ein Fahrzeug mit gro\u00dfer Front, wie einen SUV oder einen VW Bus sind 2-3 Sensoren notwendig, f\u00fcr einen LKW 4 Sensoren. Wenn eine Laserpistole auf das Fahrzeug zielt, erkennt das System den Typ der Lasermessung und reagiert so, dass das Messger\u00e4t Ihre Laserreflexionen nicht auswerten kann. Auf dem Lasermessger\u00e4t wird eine Fehlmessung angezeigt. Der Bediener wird daraufhin versuchen, noch einmal zu messen. Er nimmt an, er hat nicht korrekt gezielt oder das Fahrzeug reflektiert schlecht. Man hat so Zeit, die Geschwindigkeit anzupassen. Nachdem dies erfolgt ist, sollte man das System abschalten. Eine automatische Abschaltung das AntiLaser Systems erfolgt zus\u00e4tzlich sicherheitshalber nach 4 Sekunden, falls man dies vergessen sollte. Zur optimalen Funktion sollte der Empf\u00e4nger in der N\u00e4he des Nummernschilds montiert werden, da die Pistole in fast allen F\u00e4llen auf das senkrechte Nummenschild gerichtet wird. Ein empfehlenswerter Platz ist im oder hinter dem K\u00fchlergrill. Die Sensoren sollten horizontal ausgerichtet sein und von Zeit zu Zeit gereinigt werden.<\/p>\n<p>Bei der Montage der Anzeige im Innenraum sollte man darauf achten, da\u00df man die Warnt\u00f6ne des Lautsprechers problemlos h\u00f6ren kann. Die LED sollte zudem sichtbar angebracht werden und der Schalter so montiert werden, das man das System manuell w\u00e4hrend des Bremsens leicht deaktivieren kann.<\/p>\n<p><b><strong>AntiLaser Priority wurde erfolgreich mit folgenden Lasermessger\u00e4ten getestet:<\/strong><\/b><\/p>\n<p>LTI \u2013 Marksman 20.20, Multalaser<br \/>\nLTI \u2013 UltraLyte, LR, 100, 100LR, 200, 200LR, Compact, LRB<br \/>\nRedflex \u2013 Lasercam, Lasercam NT<br \/>\nJenoptik \u2013 LaserPatrol<br \/>\nJenoptik \u2013 Laveg, Video-Laveg<br \/>\nMultanova \u2013 StarLaser<br \/>\nRobot \u2013 TraffiPatrol, V<br \/>\nSagem \u2013 MestaLaser<br \/>\nSagem \u2013 EUROLaser<br \/>\nTruvelo \u2013 Lidar, D-Cam<br \/>\nKustom \u2013 ProLaser I<br \/>\nKustom \u2013 ProLaser II<br \/>\nKustom \u2013 ProLaser III<br \/>\nKustom \u2013 Pro-Lite<br \/>\nKustom \u2013 LaserCam II<br \/>\nRiegl \u2013 LR90-235<br \/>\nStalker \u2013 LZ-1<br \/>\nLaser Atlanta \u2013 SpeedLaser, S, R, Stealth Mode<br \/>\nCleartone \u2013 Stealth SpeedLaser<br \/>\nFama \u2013 famaLaser II<br \/>\nFama \u2013 famaShot III<br \/>\nTraffic Observer \u2013 LMS 291\/221\/04\/05<br \/>\nNJL Kft \u2013 SCS-101\/SCS-102<br \/>\nRobot \u2013 TraffiPatrol XR<br \/>\nRiegl \u2013 FG21-P<br \/>\nLTI \u2013 TruSpeed<br \/>\nLTI \u2013 TruSpeed 2<br \/>\nLTI \u2013 TruCam<br \/>\nVitronic \u2013 PoliscanSpeed<br \/>\nCamea \u2013 Unicam section control<br \/>\nUnipar \u2013 SL700<br \/>\nRedSpeed \u2013 SpeedGuard<\/p>\n<h2><\/h2>\n<p><b><strong><br \/>\nSie sind unsicher, wie eine versteckte Installation in Ihrem Fahrzeug aussehen wird? Schauen Sie unsere Videos an!<\/strong><\/b><\/p>\n","protected":false},"excerpt":{"rendered":"<p><span style=\"color: #000080;\"><strong>RADAR-SHOP.EU EMPFEHLUNG LASER!<\/strong><\/span><\/p>\n<p>Laserst\u00f6rer der Extraklasse Antilaser Priority bietet als Festeinbau umfassende Laserwarnung \/ -st\u00f6rung f\u00fcr ganz Europa mit der umfassendsten Laserpistolen Abdeckung<\/p>\n","protected":false},"featured_media":314,"comment_status":"open","ping_status":"closed","template":"","meta":[],"product_brand":[],"product_cat":[40,45,30],"product_tag":[],"class_list":{"0":"post-313","1":"product","2":"type-product","3":"status-publish","4":"has-post-thumbnail","6":"product_cat-antilaser","7":"product_cat-laserblocker-lichtschranke","8":"product_cat-marken","10":"first","11":"instock","12":"taxable","13":"shipping-taxable","14":"purchasable","15":"product-type-simple"},"jetpack_sharing_enabled":true,"_links":{"self":[{"href":"https:\/\/www.radar-shop.eu\/de\/wp-json\/wp\/v2\/product\/313","targetHints":{"allow":["GET"]}}],"collection":[{"href":"https:\/\/www.radar-shop.eu\/de\/wp-json\/wp\/v2\/product"}],"about":[{"href":"https:\/\/www.radar-shop.eu\/de\/wp-json\/wp\/v2\/types\/product"}],"replies":[{"embeddable":true,"href":"https:\/\/www.radar-shop.eu\/de\/wp-json\/wp\/v2\/comments?post=313"}],"wp:featuredmedia":[{"embeddable":true,"href":"https:\/\/www.radar-shop.eu\/de\/wp-json\/wp\/v2\/media\/314"}],"wp:attachment":[{"href":"https:\/\/www.radar-shop.eu\/de\/wp-json\/wp\/v2\/media?parent=313"}],"wp:term":[{"taxonomy":"product_brand","embeddable":true,"href":"https:\/\/www.radar-shop.eu\/de\/wp-json\/wp\/v2\/product_brand?post=313"},{"taxonomy":"product_cat","embeddable":true,"href":"https:\/\/www.radar-shop.eu\/de\/wp-json\/wp\/v2\/product_cat?post=313"},{"taxonomy":"product_tag","embeddable":true,"href":"https:\/\/www.radar-shop.eu\/de\/wp-json\/wp\/v2\/product_tag?post=313"}],"curies":[{"name":"wp","href":"https:\/\/api.w.org\/{rel}","templated":true}]}}