{"id":2597,"date":"2018-02-26T13:21:50","date_gmt":"2018-02-26T13:21:50","guid":{"rendered":"https:\/\/www.radar-shop.eu\/?post_type=product&#038;p=2597"},"modified":"2026-03-13T06:06:28","modified_gmt":"2026-03-13T04:06:28","slug":"valentine-one-europa-radarwarner","status":"publish","type":"product","link":"https:\/\/www.radar-shop.eu\/de\/produkt\/valentine-one-europa-radarwarner\/","title":{"rendered":"Valentine One &#8211; Europa Radarwarner"},"content":{"rendered":"<p><strong>Der Radarwarner Valentine One<\/strong> &#8211; Der V1 ist der Radarwarner Klassiker und bietet mobile Radar- und Laserwarnung mit gr\u00f6\u00dfter Reichweite f\u00fcr den Einsatz gegen Blitzer und Bu\u00dfgeld in Deutschland, \u00d6sterreich und der Schweiz. Der Valentine One von Valentine Research hilft gegen mobile Blitzer, Radarfallen und Laser.<\/p>\n<h3>Valentine One Vorteile<\/h3>\n<ul>\n<li>ultimativer High-end Radarwarner mit Laserwarnung f\u00fcr den europaweiten Einsatz<\/li>\n<li>viele Erweiterungsm\u00f6glichkeiten<\/li>\n<li>Referenz Radarwarnger\u00e4t seit vielen Jahren<\/li>\n<li>Mehrfacher wiederholter Testsieger vergangener Jahre<\/li>\n<li>gr\u00f6\u00dfte Reichweite (bis zu 1000 m unter Idealbedingungen)<\/li>\n<li>Gr\u00f6\u00dftm\u00f6gliche Leistung in ganz Europa<\/li>\n<li>Front und r\u00fcckseitige Radar und Laser Antenne<\/li>\n<li>Brilliante Tonausgabe<\/li>\n<li>wertiges Metallgeh\u00e4use<\/li>\n<li>Richtungsanzeige der empfangenen Signale mittels LED-Pfeilen<\/li>\n<li>Selbsttestfunktion beim Start<\/li>\n<li>LED graph (zeigt das Frequenzband und die Signalst\u00e4rke an)<\/li>\n<li>Stadt-\/Autobahn Filter-Modus (reduziert die St\u00f6rung durch Fehlalarme)<\/li>\n<li>Lautst\u00e4rke Regelung<\/li>\n<li>Komplettes Zubeh\u00f6r zur Montage an der Windschutzscheibe (Saugn\u00e4pfe)<\/li>\n<li>Ortungssicher &#8211; nicht elektronisch anpeilbar!<\/li>\n<li>Anschlu\u00df: einfach am Zigarettenanz\u00fcnder und Montage an der Windschutzscheibe\u00a0(12 V)<\/li>\n<\/ul>\n<p>&nbsp;<\/p>\n<h3>Valentine One Nachteile &#8211; aktuelle Bewertung im Radarwarner Vergleich 2019 :<\/h3>\n<ul>\n<li>Einstellungen sind nicht intuitiv (ohne Anleitung geht nix)<\/li>\n<li>kein Matrix &amp; Text Display<\/li>\n<li>Kein GPS an Bord<\/li>\n<li>keine POI Radarwarner Datenbank Funktion<\/li>\n<li>kein ausreichender Schutz bei festinstallierten Blitzern<\/li>\n<li>keine Sprachausgabe<\/li>\n<li>keine ausreichende MRCD\/CT Multaradar Erkennung<\/li>\n<li>relativ gro\u00df im heutigen Vergleich<\/li>\n<li>Updates nur \u00fcber Valentine Research USA m\u00f6glich<\/li>\n<\/ul>\n<h3>Aktuelle Radarwarner Empfehlungen speziell f\u00fcr Deutschland und \u00d6sterreich<\/h3>\n<ul>\n<li><strong><a href=\"https:\/\/www.radar-shop.eu\/de\/produkt\/radarwarner-mobil\/navty-p1-performance-tracker\/\">NAVTY P1 Premium Edition<\/a><\/strong> (<a href=\"https:\/\/navty.com\/de\/support\/\">NAVTY P1R Firmware<\/a>) &#8211; inkl. GPS und besserer 3D Radar und Multaradar (MRCD\/MRCT\/GATSO) Antenne<\/li>\n<li><a href=\"https:\/\/www.radar-shop.eu\/de\/produkt\/radarwarner-mobil\/genevo-one-m-edition\/\"><strong>Genevo One M<\/strong><\/a> &#8211; inkl. GPS und Multaradar Erkennung (MRCD\/MRCT\/GATSO)<\/li>\n<\/ul>\n<p>Beide Radarwarner Alternativen bieten einfachere Bedienung mittels Textmen\u00fc und Sprachausgabe in Deutsch sowie hervorragende Multaradar Erkennung.<\/p>\n<p><iframe loading=\"lazy\" src=\"https:\/\/www.youtube.com\/embed\/klGZHmUdIPg\" width=\"640\" height=\"480\" frameborder=\"0\" allowfullscreen=\"allowfullscreen\"><\/iframe><\/p>\n","protected":false},"excerpt":{"rendered":"<p><strong>Der Valentine One Radarwarner<\/strong> &#8211; Der V1 ist der Radarwarner Klassiker und bietet mobile Radar- und Laserwarnung mit gr\u00f6\u00dfter Reichweite f\u00fcr den Einsatz gegen Blitzer in Deutschland, \u00d6sterreich und der Schweiz. Der Valentine One von Valentine Research hilft gegen mobile Blitzer, Radarfalle und Laser.<\/p>\n","protected":false},"featured_media":2598,"comment_status":"open","ping_status":"closed","template":"","meta":[],"product_brand":[],"product_cat":[6,35],"product_tag":[1068,1069],"class_list":{"0":"post-2597","1":"product","2":"type-product","3":"status-publish","4":"has-post-thumbnail","6":"product_cat-radarwarner-mobil","7":"product_cat-valentine1","8":"product_tag-v1-radarwarner","9":"product_tag-valentine-one-de","11":"first","12":"onbackorder","13":"sale","14":"taxable","15":"shipping-taxable","16":"purchasable","17":"product-type-simple"},"jetpack_sharing_enabled":true,"_links":{"self":[{"href":"https:\/\/www.radar-shop.eu\/de\/wp-json\/wp\/v2\/product\/2597","targetHints":{"allow":["GET"]}}],"collection":[{"href":"https:\/\/www.radar-shop.eu\/de\/wp-json\/wp\/v2\/product"}],"about":[{"href":"https:\/\/www.radar-shop.eu\/de\/wp-json\/wp\/v2\/types\/product"}],"replies":[{"embeddable":true,"href":"https:\/\/www.radar-shop.eu\/de\/wp-json\/wp\/v2\/comments?post=2597"}],"wp:featuredmedia":[{"embeddable":true,"href":"https:\/\/www.radar-shop.eu\/de\/wp-json\/wp\/v2\/media\/2598"}],"wp:attachment":[{"href":"https:\/\/www.radar-shop.eu\/de\/wp-json\/wp\/v2\/media?parent=2597"}],"wp:term":[{"taxonomy":"product_brand","embeddable":true,"href":"https:\/\/www.radar-shop.eu\/de\/wp-json\/wp\/v2\/product_brand?post=2597"},{"taxonomy":"product_cat","embeddable":true,"href":"https:\/\/www.radar-shop.eu\/de\/wp-json\/wp\/v2\/product_cat?post=2597"},{"taxonomy":"product_tag","embeddable":true,"href":"https:\/\/www.radar-shop.eu\/de\/wp-json\/wp\/v2\/product_tag?post=2597"}],"curies":[{"name":"wp","href":"https:\/\/api.w.org\/{rel}","templated":true}]}}