{"id":2552,"date":"2017-02-25T16:09:38","date_gmt":"2019-02-25T16:09:38","guid":{"rendered":"https:\/\/www.radar-shop.eu\/?post_type=product&#038;p=2552"},"modified":"2020-07-27T14:08:59","modified_gmt":"2020-07-27T12:08:59","slug":"ersatzkabel-fur-escort-radar-kopie","status":"publish","type":"product","link":"https:\/\/www.radar-shop.eu\/de\/produkt\/ersatzkabel-fur-escort-radar-kopie\/","title":{"rendered":"Ersatzkabel f\u00fcr Navty"},"content":{"rendered":"<p>Ersatzkabel f\u00fcr NAVTY P1 &#8211; (kompatible Version mit LED Leuchte sowie USB Ladeanschluss f\u00fcr den Navty P1 zur Verbindung zum Zigarettenanz\u00fcnder. NEU: Eingangsspannung kann nun 12-24V betragen.<\/p>\n<p>Passend zu:<\/p>\n<ul>\n<li>NAVTY P1<\/li>\n<\/ul>\n","protected":false},"excerpt":{"rendered":"<p><strong>Ersatzkabel mit Schalter und USB Ladeger\u00e4t<\/strong><\/p>\n<p>Passend zu:<\/p>\n<ul>\n<li>NAVTY P1<\/li>\n<\/ul>\n","protected":false},"featured_media":4248,"comment_status":"open","ping_status":"closed","template":"","meta":[],"product_brand":[],"product_cat":[46],"product_tag":[],"class_list":{"0":"post-2552","1":"product","2":"type-product","3":"status-publish","4":"has-post-thumbnail","6":"product_cat-radarwarner-zubehoer","8":"first","9":"instock","10":"taxable","11":"shipping-taxable","12":"purchasable","13":"product-type-simple"},"jetpack_sharing_enabled":true,"_links":{"self":[{"href":"https:\/\/www.radar-shop.eu\/de\/wp-json\/wp\/v2\/product\/2552","targetHints":{"allow":["GET"]}}],"collection":[{"href":"https:\/\/www.radar-shop.eu\/de\/wp-json\/wp\/v2\/product"}],"about":[{"href":"https:\/\/www.radar-shop.eu\/de\/wp-json\/wp\/v2\/types\/product"}],"replies":[{"embeddable":true,"href":"https:\/\/www.radar-shop.eu\/de\/wp-json\/wp\/v2\/comments?post=2552"}],"wp:featuredmedia":[{"embeddable":true,"href":"https:\/\/www.radar-shop.eu\/de\/wp-json\/wp\/v2\/media\/4248"}],"wp:attachment":[{"href":"https:\/\/www.radar-shop.eu\/de\/wp-json\/wp\/v2\/media?parent=2552"}],"wp:term":[{"taxonomy":"product_brand","embeddable":true,"href":"https:\/\/www.radar-shop.eu\/de\/wp-json\/wp\/v2\/product_brand?post=2552"},{"taxonomy":"product_cat","embeddable":true,"href":"https:\/\/www.radar-shop.eu\/de\/wp-json\/wp\/v2\/product_cat?post=2552"},{"taxonomy":"product_tag","embeddable":true,"href":"https:\/\/www.radar-shop.eu\/de\/wp-json\/wp\/v2\/product_tag?post=2552"}],"curies":[{"name":"wp","href":"https:\/\/api.w.org\/{rel}","templated":true}]}}