{"id":2513,"date":"2017-02-25T14:18:22","date_gmt":"2017-02-25T14:18:22","guid":{"rendered":"https:\/\/www.radar-shop.eu\/?post_type=product&#038;p=2513"},"modified":"2019-02-25T14:54:08","modified_gmt":"2019-02-25T14:54:08","slug":"ersatzkabel-fuer-whistler","status":"publish","type":"product","link":"https:\/\/www.radar-shop.eu\/de\/produkt\/ersatzkabel-fuer-whistler\/","title":{"rendered":"Ersatzkabel f\u00fcr Whistler"},"content":{"rendered":"<p>Ersatzkabel f\u00fcr Whistler Radarwarner (f\u00fcr 12V Zigarretenanschluss)<\/p>\n","protected":false},"excerpt":{"rendered":"<p><strong>Ersatzkabel f\u00fcr Whistler Radarwarner<\/strong> (12V Zigarettenanschluss)<\/p>\n","protected":false},"featured_media":2514,"comment_status":"open","ping_status":"closed","template":"","meta":[],"product_brand":[],"product_cat":[46,44],"product_tag":[],"class_list":{"0":"post-2513","1":"product","2":"type-product","3":"status-publish","4":"has-post-thumbnail","6":"product_cat-radarwarner-zubehoer","7":"product_cat-whistler","9":"first","10":"instock","11":"taxable","12":"shipping-taxable","13":"purchasable","14":"product-type-simple"},"jetpack_sharing_enabled":true,"_links":{"self":[{"href":"https:\/\/www.radar-shop.eu\/de\/wp-json\/wp\/v2\/product\/2513","targetHints":{"allow":["GET"]}}],"collection":[{"href":"https:\/\/www.radar-shop.eu\/de\/wp-json\/wp\/v2\/product"}],"about":[{"href":"https:\/\/www.radar-shop.eu\/de\/wp-json\/wp\/v2\/types\/product"}],"replies":[{"embeddable":true,"href":"https:\/\/www.radar-shop.eu\/de\/wp-json\/wp\/v2\/comments?post=2513"}],"wp:featuredmedia":[{"embeddable":true,"href":"https:\/\/www.radar-shop.eu\/de\/wp-json\/wp\/v2\/media\/2514"}],"wp:attachment":[{"href":"https:\/\/www.radar-shop.eu\/de\/wp-json\/wp\/v2\/media?parent=2513"}],"wp:term":[{"taxonomy":"product_brand","embeddable":true,"href":"https:\/\/www.radar-shop.eu\/de\/wp-json\/wp\/v2\/product_brand?post=2513"},{"taxonomy":"product_cat","embeddable":true,"href":"https:\/\/www.radar-shop.eu\/de\/wp-json\/wp\/v2\/product_cat?post=2513"},{"taxonomy":"product_tag","embeddable":true,"href":"https:\/\/www.radar-shop.eu\/de\/wp-json\/wp\/v2\/product_tag?post=2513"}],"curies":[{"name":"wp","href":"https:\/\/api.w.org\/{rel}","templated":true}]}}