{"id":2422,"date":"2017-02-15T10:20:48","date_gmt":"2017-02-15T08:20:48","guid":{"rendered":"https:\/\/www.radar-shop.eu\/?post_type=product&#038;p=2422"},"modified":"2026-04-15T11:31:52","modified_gmt":"2026-04-15T09:31:52","slug":"blinder-hp-905-dual-sensor","status":"publish","type":"product","link":"https:\/\/www.radar-shop.eu\/de\/produkt\/blinder-hp-905-dual-sensor\/","title":{"rendered":"BLINDER HP 905 DUAL SENSOR"},"content":{"rendered":"<p><strong>BLINDER HP\u00a0905 DUAL &#8211;\u00a0Blinder bringt das neue Modell HP 905 compact Laser-Jamming-System auf den Markt.<\/strong> Die neuen Sensoren sind sehr klein und werden durch extrem leistungsstarke Laserdioden betrieben. Die neuen Sensoren sind leicht in engsten R\u00e4umen des Autos unterzubringen und gestalten die Montage und Integration in die Fahrzeugfront sehr einfach. Die neuen Sensoren sind st\u00e4rker als alle Modelle zuvor, sowohl High Power LEDs als auch Hochleistungs-Laserdioden wurden in die kleinen Sensoren integriert.<\/p>\n<p><strong>Der neue Blinder HP 905<\/strong> verf\u00fcgt \u00fcber eine variable Lautst\u00e4rkeregelung und eine neue Sprachausgabe als Warnung, welche die Art der Laser-Pistole oder Laser-Speed-Kamera, mit welcher Ihr Fahrzeug angepeilt wird, identifiziert. Die Alarm-T\u00f6ne sind nun leichter zu identifizieren, vor allem bei einem lauten Fahrzeuginnenraum. Der Blinder HP905 compact kann in 3 Modi betrieben werden: Einparkhilfe-Modus, Receiver-Modus (einfache Laser-Erkennung, aber ohne aktive St\u00f6rung) und Defense-Modus (aktiver St\u00f6r-Modus zur Reaktion bei empfangenen Laser-Signalen).<\/p>\n<p><strong>Mit dem Fernwahlschalter k\u00f6nnen Sie zwischen diesen Betriebsarten wechseln.<\/strong> Die Software des Blinder HP 905 kann aktualisiert werden. Mit einem Computer und dem mitgelieferten USB-Kabel kann die CPU-Software aktualisiert werden, um im Falle neu eingef\u00fchrter Lasermessungen f\u00fcr die Zukunft ger\u00fcstet zu sein. Updates sind kostenlos und k\u00f6nnen von der Website des Herstellers heruntergeladen werden. Das empfohlene Standard-Setup sind 2 Sensoren im Dual Sensor System. Wenn Sie einen gro\u00dfen SUV fahren oder Sie Ihr Auto auch von hinten sch\u00fctzen m\u00f6chten, k\u00f6nnen Sie die Quad-Sensor Version des Blinder HP905 compact Systems mit 4 Sensoren erwerben.<\/p>\n<h2>So funktioniert ein Laserblocker &#8211; Blinder HP 905<\/h2>\n<p>Ein Laserger\u00e4t sendet zum Zweck einer Tempomessung einen Infrarot-Strahl in Intervallen aus, der von dem angepeilten Fahrzeug reflektiert wird. Durch die Erkennung dieser Reflexionen auf die einzeln ausgesandten Strahlen wird jetzt die genaue Geschwindigkeit des Fahrzeugs berechnet. Diese Berechnungen basieren also auf der eindeutigen Zuordnung der Lichtreflexionen. Sollten jedoch am angepeilten Ziel zus\u00e4tzliche Lichtimpulse im gleichen Frequenzbereich auftreten, kann keine eindeutige Zuordnung der reflektierten Strahlen und somit keine Berechnung der Geschwindigkeit erfolgen.<\/p>\n<p><strong>Der Laser Blinder HP 905<\/strong> emittiert f\u00fcr das Auge unsichtbares multifrequentes Infrarot-Licht. Nach dem Auftreffen eines Laserstrahls auf die Fahrzeugfront werden nun neben der eigentlichen Lichtreflexion eine Vielzahl weiterer Lichtimpulse in Richtung Laserger\u00e4t reflektiert, so da\u00df dort keine Messung erfolgen kann. Die beiden Emitter werden unscheinbar am vorderen Teil des Fahrzeugs befestigt. Da zwei Emitter eingesetzt werden, ist die vollst\u00e4ndige Fahrzeugfront, auch die gr\u00f6\u00dferer Fahrzeuge, abgeschirmt. Auch die Au\u00dfenspiegel werden entsprechend von den emittierten Lichtfrequenzen eingeschlossen. Der Blinder HP 905 dual sendet die Lichtfrequenzen beim Betrieb des Fahrzeugs sinnvollerweise kontinuierlich aus, denn ein Emittieren der Frequenzen als Reaktion auf ein empfangenes Lasersignal k\u00f6nnte bereits zu sp\u00e4t sein.<\/p>\n<p style=\"font-weight: 400;\"><b><strong>ACHTUNG KEINE RADARWARNUNG:\u00a0<\/strong><\/b>Radarmessungen werden nicht erfa\u00dft! In Erg\u00e4nzung bietet sich zum Schutz vor Radarmessungen die\u00a0parallele Installation eines Radarwarners wie <a href=\"https:\/\/www.radar-shop.eu\/de\/produkt\/radarwarner-einbau\/genevo-assist\/\">Genevo Assist<\/a> oder <a href=\"https:\/\/www.radar-shop.eu\/de\/produkt-kategorie\/marken\/stinger-radar\/\">Stinger<\/a> an. Es wird zudem eine Montage in der Fachwerkstatt empfohlen. Alle Vertragswerkst\u00e4tten k\u00f6nnen die Arbeiten an Ihrem Fahrzeug in kurzer Zeit ausf\u00fchren.<\/p>\n","protected":false},"excerpt":{"rendered":"<p>Der Laserst\u00f6rer Blinder HP 905 Dual bietet als Festeinbau mit zwei Sensoren umfassende Laserwarnung \/ -st\u00f6rung f\u00fcr ganz Europa<\/p>\n","protected":false},"featured_media":2423,"comment_status":"open","ping_status":"closed","template":"","meta":[],"product_brand":[],"product_cat":[42,45],"product_tag":[829,828,827,826],"class_list":{"0":"post-2422","1":"product","2":"type-product","3":"status-publish","4":"has-post-thumbnail","6":"product_cat-blinder","7":"product_cat-laserblocker-lichtschranke","8":"product_tag-blinder","9":"product_tag-laser","10":"product_tag-laserblinder","11":"product_tag-laserblocker","13":"first","14":"onbackorder","15":"sale","16":"taxable","17":"shipping-taxable","18":"purchasable","19":"product-type-simple"},"jetpack_sharing_enabled":true,"_links":{"self":[{"href":"https:\/\/www.radar-shop.eu\/de\/wp-json\/wp\/v2\/product\/2422","targetHints":{"allow":["GET"]}}],"collection":[{"href":"https:\/\/www.radar-shop.eu\/de\/wp-json\/wp\/v2\/product"}],"about":[{"href":"https:\/\/www.radar-shop.eu\/de\/wp-json\/wp\/v2\/types\/product"}],"replies":[{"embeddable":true,"href":"https:\/\/www.radar-shop.eu\/de\/wp-json\/wp\/v2\/comments?post=2422"}],"wp:featuredmedia":[{"embeddable":true,"href":"https:\/\/www.radar-shop.eu\/de\/wp-json\/wp\/v2\/media\/2423"}],"wp:attachment":[{"href":"https:\/\/www.radar-shop.eu\/de\/wp-json\/wp\/v2\/media?parent=2422"}],"wp:term":[{"taxonomy":"product_brand","embeddable":true,"href":"https:\/\/www.radar-shop.eu\/de\/wp-json\/wp\/v2\/product_brand?post=2422"},{"taxonomy":"product_cat","embeddable":true,"href":"https:\/\/www.radar-shop.eu\/de\/wp-json\/wp\/v2\/product_cat?post=2422"},{"taxonomy":"product_tag","embeddable":true,"href":"https:\/\/www.radar-shop.eu\/de\/wp-json\/wp\/v2\/product_tag?post=2422"}],"curies":[{"name":"wp","href":"https:\/\/api.w.org\/{rel}","templated":true}]}}