{"id":147,"date":"2017-03-30T21:10:59","date_gmt":"2017-03-30T21:10:59","guid":{"rendered":"https:\/\/www.radar-shop.eu\/?post_type=product&#038;p=147"},"modified":"2020-07-28T18:00:52","modified_gmt":"2020-07-28T16:00:52","slug":"esoguard-dual-eso3-schutz","status":"publish","type":"product","link":"https:\/\/www.radar-shop.eu\/de\/produkt\/esoguard-dual-eso3-schutz\/","title":{"rendered":"ESOGUARD II DUAL &#8211; ESO3 Schutz"},"content":{"rendered":"<h2><b><strong>WAS IST DIE FUNKTION DIESES PRODUKTES ESO 3.0 BLOCKER?\u00a0<\/strong><\/b><\/h2>\n<p>Nachdem Radarwarner, Laser- und GPS Blitzerwarner\u00a0lange hinreichend waren, fand in der letzten Zeit\u00a0ein neues Me\u00dfger\u00e4tes in Deutschland zunehmend Verbreitung, der sogenannte Einseitensensor eso es 3.0. Sicher erkennen Sie das Me\u00dfger\u00e4t auf den Fotos im Internet. Hier bleiben bew\u00e4hrte Radarwarner und Lasersysteme ohne Wirkung.<\/p>\n<p><iframe loading=\"lazy\" title=\"BMW M Power mit ESO GUARD\" width=\"980\" height=\"551\" src=\"https:\/\/www.youtube.com\/embed\/5_EUQ_ZRzWc?feature=oembed\" frameborder=\"0\" allow=\"accelerometer; autoplay; clipboard-write; encrypted-media; gyroscope; picture-in-picture\" allowfullscreen><\/iframe><\/p>\n<p>Dieses hier angebotene neue ESOGUARD Produkt\u00a0ist f\u00fcr den festen Einbau in der Fahrzeugfront bestimmt. Es kann mit allen angebotenen Komplettl\u00f6sungen erg\u00e4nzend genutzt werden, da es sich um ein separat betriebenes Ger\u00e4t handelt. Das Ger\u00e4t verhindert Lichtschrankenmessungen mit der neuen bekannten &#8222;<a href=\"http:\/\/www.eso-elektronik.de\/web\/NewsDownloads\/Photos.aspx?AlbumID=21\">eso es\u00a03.0 Einseitensensor<\/a>&#8220; &#8211; Lichtschranke.<br \/>\nMobile Lichtschrankenmessungen k\u00f6nnen nicht durch Radar- bzw. Laserwarner angezeigt werden, da hier weder Radar- noch Laserlichtwellen ausgestrahlt werden.\u00a0Nur\u00a0durch den Einsatz dieses Ger\u00e4tes k\u00f6nnen Sie\u00a0Messungen mit\u00a0dem neuen\u00a0optischen Einseitensensor-&#8222;eso e.s.\u00a03.0&#8220;-Me\u00dfsystem verhindern, da keine alternativen Warnm\u00f6glichkeiten existieren. F\u00fcr weitere Informationen zu diesem Ger\u00e4t klicken Sie bitte <u><a href=\"http:\/\/www.radar-shop.com\/out\/pictures\/wysiwigpro\/Informationen%20eso%203.pdf\">hier<\/a><\/u>.<\/p>\n<p><b><strong>Sie sind unsicher, wie eine versteckte Installation in Ihrem Fahrzeug aussehen wird?<br \/>\nSchauen Sie die Videos an:<\/strong><\/b><\/p>\n<p><img loading=\"lazy\" decoding=\"async\" class=\"aligncenter size-full wp-image-139\" src=\"https:\/\/www.radar-shop.eu\/wp-content\/uploads\/2017\/03\/Video_Radarwarner.jpg\" alt=\"\" width=\"500\" height=\"80\" srcset=\"https:\/\/www.radar-shop.eu\/wp-content\/uploads\/2017\/03\/Video_Radarwarner.jpg 500w, https:\/\/www.radar-shop.eu\/wp-content\/uploads\/2017\/03\/Video_Radarwarner-300x48.jpg 300w\" sizes=\"auto, (max-width: 500px) 100vw, 500px\" \/><\/p>\n<p>Bei Interesse ist der Einbau dieser Ger\u00e4te durch erfahrene professionelle Auto-Mechaniker\/Elektriker z.B. in Heidelberg zeitlich sehr flexibel und diskret m\u00f6glich (in der Regel Freitag nachmittag, Wochenende). Die Einbauzeit betr\u00e4gt \u00fcblicherweise 2-5 Stunden je nach System, kann bei exotischen Autos auch etwas l\u00e4nger sein. Die Techniker sprechen mit Ihnen selbstverst\u00e4ndlich zuvor die Einbaum\u00f6glichkeiten pers\u00f6nlich ab, so da\u00df Sie vorher einen Einblick bekommen, wie die L\u00f6sung anschlie\u00dfend aussieht. Sie k\u00f6nnten w\u00e4hrend des Einbaus die Zeit f\u00fcr eine Stadtbesichtigung nutzen. Viele Kunden freuen sich sehr \u00fcber diese M\u00f6glichkeit. Schwierigkeiten kann es nur in seltenen F\u00e4llen geben, wenn z.B. in der Fahrzeugfront nicht hinreichend Platz f\u00fcr\u00a0ist oder allein die Demontage von Karosserieteilen Stunden dauern w\u00fcrde und Spezialwerkzeug notwendig ist. Bitte f\u00fcgen Sie bei Interesse f\u00fcr die Vermittlung f\u00fcr einen Einbau der von Ihnen bestellten Ger\u00e4te diesen Punkt mit in Ihren Warenkorb ein.<\/p>\n","protected":false},"excerpt":{"rendered":"<p>Endlich verf\u00fcgbar und wichtig f\u00fcr deutsche Kunden: Der Esoguard 3.0 Blocker Dual bietet als Festeinbau mit zwei Sensoren umfassende St\u00f6rung f\u00fcr Sensormessungen &#8211; jetzt hier bestellen.<\/p>\n","protected":false},"featured_media":149,"comment_status":"open","ping_status":"closed","template":"","meta":[],"product_brand":[],"product_cat":[39,45],"product_tag":[],"class_list":{"0":"post-147","1":"product","2":"type-product","3":"status-publish","4":"has-post-thumbnail","6":"product_cat-esoguard","7":"product_cat-laserblocker-lichtschranke","9":"first","10":"instock","11":"sale","12":"taxable","13":"shipping-taxable","14":"purchasable","15":"product-type-simple"},"jetpack_sharing_enabled":true,"_links":{"self":[{"href":"https:\/\/www.radar-shop.eu\/de\/wp-json\/wp\/v2\/product\/147","targetHints":{"allow":["GET"]}}],"collection":[{"href":"https:\/\/www.radar-shop.eu\/de\/wp-json\/wp\/v2\/product"}],"about":[{"href":"https:\/\/www.radar-shop.eu\/de\/wp-json\/wp\/v2\/types\/product"}],"replies":[{"embeddable":true,"href":"https:\/\/www.radar-shop.eu\/de\/wp-json\/wp\/v2\/comments?post=147"}],"wp:featuredmedia":[{"embeddable":true,"href":"https:\/\/www.radar-shop.eu\/de\/wp-json\/wp\/v2\/media\/149"}],"wp:attachment":[{"href":"https:\/\/www.radar-shop.eu\/de\/wp-json\/wp\/v2\/media?parent=147"}],"wp:term":[{"taxonomy":"product_brand","embeddable":true,"href":"https:\/\/www.radar-shop.eu\/de\/wp-json\/wp\/v2\/product_brand?post=147"},{"taxonomy":"product_cat","embeddable":true,"href":"https:\/\/www.radar-shop.eu\/de\/wp-json\/wp\/v2\/product_cat?post=147"},{"taxonomy":"product_tag","embeddable":true,"href":"https:\/\/www.radar-shop.eu\/de\/wp-json\/wp\/v2\/product_tag?post=147"}],"curies":[{"name":"wp","href":"https:\/\/api.w.org\/{rel}","templated":true}]}}