{"id":14597,"date":"1980-05-19T15:49:15","date_gmt":"1980-05-19T13:49:15","guid":{"rendered":"https:\/\/www.radar-shop.eu\/?post_type=product&#038;p=14597"},"modified":"2025-06-16T12:37:31","modified_gmt":"2025-06-16T10:37:31","slug":"antilaser-al-priority-rx-sensor","status":"publish","type":"product","link":"https:\/\/www.radar-shop.eu\/de\/produkt\/antilaser-al-priority-rx-sensor\/","title":{"rendered":"Antilaser AL Priority RX Sensor"},"content":{"rendered":"<p>Zus\u00e4tzlicher Standard RX Sensor f\u00fcr Antilaser Priority Set.<\/p>\n<p>Lieferumfang:<br \/>\n* RX Lasersensor<br \/>\n* Anschlusskabel<br \/>\n* Installationszubeh\u00f6r<\/p>\n","protected":false},"excerpt":{"rendered":"<p>Zus\u00e4tzlicher Standard RX Sensor f\u00fcr Antilaser Priority Set. Lieferumfang: * RX Lasersensor * Anschlusskabel * Installationszubeh\u00f6r<\/p>\n","protected":false},"featured_media":1022,"comment_status":"open","ping_status":"closed","template":"","meta":[],"product_brand":[],"product_cat":[40,45],"product_tag":[],"class_list":{"0":"post-14597","1":"product","2":"type-product","3":"status-publish","4":"has-post-thumbnail","6":"product_cat-antilaser","7":"product_cat-laserblocker-lichtschranke","9":"first","10":"instock","11":"taxable","12":"shipping-taxable","13":"purchasable","14":"product-type-simple"},"jetpack_sharing_enabled":true,"_links":{"self":[{"href":"https:\/\/www.radar-shop.eu\/de\/wp-json\/wp\/v2\/product\/14597","targetHints":{"allow":["GET"]}}],"collection":[{"href":"https:\/\/www.radar-shop.eu\/de\/wp-json\/wp\/v2\/product"}],"about":[{"href":"https:\/\/www.radar-shop.eu\/de\/wp-json\/wp\/v2\/types\/product"}],"replies":[{"embeddable":true,"href":"https:\/\/www.radar-shop.eu\/de\/wp-json\/wp\/v2\/comments?post=14597"}],"wp:featuredmedia":[{"embeddable":true,"href":"https:\/\/www.radar-shop.eu\/de\/wp-json\/wp\/v2\/media\/1022"}],"wp:attachment":[{"href":"https:\/\/www.radar-shop.eu\/de\/wp-json\/wp\/v2\/media?parent=14597"}],"wp:term":[{"taxonomy":"product_brand","embeddable":true,"href":"https:\/\/www.radar-shop.eu\/de\/wp-json\/wp\/v2\/product_brand?post=14597"},{"taxonomy":"product_cat","embeddable":true,"href":"https:\/\/www.radar-shop.eu\/de\/wp-json\/wp\/v2\/product_cat?post=14597"},{"taxonomy":"product_tag","embeddable":true,"href":"https:\/\/www.radar-shop.eu\/de\/wp-json\/wp\/v2\/product_tag?post=14597"}],"curies":[{"name":"wp","href":"https:\/\/api.w.org\/{rel}","templated":true}]}}