{"id":1193,"date":"2016-03-16T22:24:47","date_gmt":"2016-03-16T20:24:47","guid":{"rendered":"https:\/\/www.radar-shop.eu\/?post_type=product&#038;p=1193"},"modified":"2025-11-11T14:15:41","modified_gmt":"2025-11-11T12:15:41","slug":"mr-handsfree-spy-gps-solar-blitzerwarner","status":"publish","type":"product","link":"https:\/\/www.radar-shop.eu\/de\/produkt\/mr-handsfree-spy-gps-solar-blitzerwarner\/","title":{"rendered":"MR HANDSFREE SPY+ (GPS\u00a0SOLAR BLITZERWARNER)"},"content":{"rendered":"<h2><span style=\"color: #000080;\">GPS BLITZERWARNER\u00a0QUINTEZZ SPY +\u00a0<\/span><\/h2>\n<ul>\n<li>GPS basiertes Ger\u00e4t zur rechtzeitigen LED- und Tonwarnung vor Starenk\u00e4sten (festinstallierte Kameras)<\/li>\n<li>Solarbetrieben &#8211; keine Kabel<\/li>\n<li>permanentes Aufladen<\/li>\n<li>Sicherheits- und geschwindigkeitsorientiertes GPS-warnsystem<\/li>\n<li>Neueste Generation (SiRF III) GPS Empf\u00e4nger mit eingebauter GPS Antenne<\/li>\n<li>GPS-Datenbank f\u00fcr alle europ\u00e4ischen L\u00e4nder<\/li>\n<li>Windows\u00a0\/ iMAC, MacBook etc\u00a0software zum Datenbankupdate sowie USB Kabel<\/li>\n<li>Update der Datenbank durch das Internet mit neuesten Me\u00dfstellen in ganz Europa<\/li>\n<li>Bis zu to 100.000 Orte \/ Kameras abspeicherbar<\/li>\n<li>Warndistanz vor Starenk\u00e4sten (Kameras) 100m, 300m, 600m<\/li>\n<li>sehr kompakte Gr\u00f6\u00dfe<\/li>\n<li>Einfache Installation (kabellos mit Saugn\u00e4pfen an der Windschutzscheibe)<\/li>\n<li>Bestehend aus Hauptger\u00e4t, Software, USB Kabel,\u00a0Ladestecker f\u00fcr Zigarettenanz\u00fcnder,<\/li>\n<li>Nicht elektronisch anpeilbar!<\/li>\n<li>automatisches Abschalten bei l\u00e4ngerem Stillstand des Fahrzeugs<\/li>\n<li>Datenbank: Andorra, Austria, Belgium, Bosnia and H, Bulgaria, Croatia, Cyprus, Czech Rep, Denmark, Estonia, Finland, France, Germany, Greece, Hungary, Iceland, Ireland, Israel, Italy, Jordania, Kuwait, Liechtenstein, Lithuania, Luxemburg, Malta, Marocco, Netherlands, Norway, Oman, Poland, Portugal, Qatar, Romania, Russia, Saudi Arabia, Serbia, Slovakia, Slovenia, South Africa, Spain, Sweden, Switzerland, Tunisia, Turkey, UK, Ukraine, UAE<\/li>\n<li>Schwarzes Geh\u00e4use<\/li>\n<li>Gr\u00f6sse 32 x 15 x 84 mm<\/li>\n<li>Gewicht 31g<\/li>\n<\/ul>\n<p>&nbsp;<\/p>\n<p><iframe loading=\"lazy\" src=\"https:\/\/www.youtube.com\/embed\/azOTb8zIhaQ?ecver=1\" width=\"425\" height=\"355\" frameborder=\"0\" allowfullscreen=\"allowfullscreen\"><\/iframe><\/p>\n","protected":false},"excerpt":{"rendered":"<p><strong>Der GPS Blitzerwarner Mr Handsfree Spy+<\/strong>\u00a0ist ein kleines akkubetriebenes Ger\u00e4t mit Solaraufladung und bietet eine integrierte GPS-Blitzerdatenbank f\u00fcr den Einsatz gegen feste Blitzer in Deutschland, \u00d6sterreich, Schweiz und ganz Europa und kostenlosen updates. Jetzt bestellen und sofort Bussgelder und Punkte vermeiden.<\/p>\n","protected":false},"featured_media":1229,"comment_status":"open","ping_status":"closed","template":"","meta":[],"product_brand":[],"product_cat":[47,38,43],"product_tag":[],"class_list":{"0":"post-1193","1":"product","2":"type-product","3":"status-publish","4":"has-post-thumbnail","6":"product_cat-gps-poi-warner","7":"product_cat-mr-handsfree","8":"product_cat-quintezz","10":"first","11":"outofstock","12":"sale","13":"taxable","14":"shipping-taxable","15":"purchasable","16":"product-type-simple"},"jetpack_sharing_enabled":true,"_links":{"self":[{"href":"https:\/\/www.radar-shop.eu\/de\/wp-json\/wp\/v2\/product\/1193","targetHints":{"allow":["GET"]}}],"collection":[{"href":"https:\/\/www.radar-shop.eu\/de\/wp-json\/wp\/v2\/product"}],"about":[{"href":"https:\/\/www.radar-shop.eu\/de\/wp-json\/wp\/v2\/types\/product"}],"replies":[{"embeddable":true,"href":"https:\/\/www.radar-shop.eu\/de\/wp-json\/wp\/v2\/comments?post=1193"}],"wp:featuredmedia":[{"embeddable":true,"href":"https:\/\/www.radar-shop.eu\/de\/wp-json\/wp\/v2\/media\/1229"}],"wp:attachment":[{"href":"https:\/\/www.radar-shop.eu\/de\/wp-json\/wp\/v2\/media?parent=1193"}],"wp:term":[{"taxonomy":"product_brand","embeddable":true,"href":"https:\/\/www.radar-shop.eu\/de\/wp-json\/wp\/v2\/product_brand?post=1193"},{"taxonomy":"product_cat","embeddable":true,"href":"https:\/\/www.radar-shop.eu\/de\/wp-json\/wp\/v2\/product_cat?post=1193"},{"taxonomy":"product_tag","embeddable":true,"href":"https:\/\/www.radar-shop.eu\/de\/wp-json\/wp\/v2\/product_tag?post=1193"}],"curies":[{"name":"wp","href":"https:\/\/api.w.org\/{rel}","templated":true}]}}