{"id":11701,"date":"2019-08-03T10:53:17","date_gmt":"2022-08-03T08:53:19","guid":{"rendered":"https:\/\/www.radar-shop.eu\/?post_type=product&#038;p=11701"},"modified":"2023-04-04T10:27:12","modified_gmt":"2023-04-04T08:27:12","slug":"ersatzkabel-12v-rj11-navty-radarwarner","status":"publish","type":"product","link":"https:\/\/www.radar-shop.eu\/de\/produkt\/ersatzkabel-12v-rj11-navty-radarwarner\/","title":{"rendered":"Ersatzkabel f\u00fcr Radarwarner &#038; KFZ USB Ladeger\u00e4t"},"content":{"rendered":"<p>Ersatzkabel f\u00fcr NAVTY P1 &#8211; (kompatible Version mit LED Leuchte sowie USB Ladeanschluss f\u00fcr den Navty P1 zur Verbindung zum Zigarettenanz\u00fcnder. NEU: Eingangsspannung kann nun 12-24V betragen.<\/p>\n<p>Kompatibel auch zu:<\/p>\n<ul>\n<li>NAVTY P1<\/li>\n<li>Genevo MAX<\/li>\n<li>Escort: Alle RJ11 Modelle<\/li>\n<li>Uniden: Alle RJ11 Modelle<\/li>\n<li>Valentine One: V1 Gen1, V1 Gen2<\/li>\n<\/ul>\n","protected":false},"excerpt":{"rendered":"<p><strong>Ersatzkabel mit Schalter und USB Ladeger\u00e4t<\/strong><\/p>\n<p>Passend zu:<\/p>\n<ul>\n<li>NAVTY P1<\/li>\n<\/ul>\n","protected":false},"featured_media":11718,"comment_status":"open","ping_status":"closed","template":"","meta":[],"product_brand":[],"product_cat":[702,46],"product_tag":[],"class_list":{"0":"post-11701","1":"product","2":"type-product","3":"status-publish","4":"has-post-thumbnail","6":"product_cat-navty-performance-radarwarner","7":"product_cat-radarwarner-zubehoer","9":"first","10":"instock","11":"taxable","12":"shipping-taxable","13":"purchasable","14":"product-type-simple"},"jetpack_sharing_enabled":true,"_links":{"self":[{"href":"https:\/\/www.radar-shop.eu\/de\/wp-json\/wp\/v2\/product\/11701","targetHints":{"allow":["GET"]}}],"collection":[{"href":"https:\/\/www.radar-shop.eu\/de\/wp-json\/wp\/v2\/product"}],"about":[{"href":"https:\/\/www.radar-shop.eu\/de\/wp-json\/wp\/v2\/types\/product"}],"replies":[{"embeddable":true,"href":"https:\/\/www.radar-shop.eu\/de\/wp-json\/wp\/v2\/comments?post=11701"}],"wp:featuredmedia":[{"embeddable":true,"href":"https:\/\/www.radar-shop.eu\/de\/wp-json\/wp\/v2\/media\/11718"}],"wp:attachment":[{"href":"https:\/\/www.radar-shop.eu\/de\/wp-json\/wp\/v2\/media?parent=11701"}],"wp:term":[{"taxonomy":"product_brand","embeddable":true,"href":"https:\/\/www.radar-shop.eu\/de\/wp-json\/wp\/v2\/product_brand?post=11701"},{"taxonomy":"product_cat","embeddable":true,"href":"https:\/\/www.radar-shop.eu\/de\/wp-json\/wp\/v2\/product_cat?post=11701"},{"taxonomy":"product_tag","embeddable":true,"href":"https:\/\/www.radar-shop.eu\/de\/wp-json\/wp\/v2\/product_tag?post=11701"}],"curies":[{"name":"wp","href":"https:\/\/api.w.org\/{rel}","templated":true}]}}