{"id":1160,"date":"2017-03-16T20:15:57","date_gmt":"2017-03-16T18:15:57","guid":{"rendered":"https:\/\/www.radar-shop.eu\/?post_type=product&#038;p=1160"},"modified":"2022-12-06T02:52:01","modified_gmt":"2022-12-06T00:52:01","slug":"radarwarner-einbauservice","status":"publish","type":"product","link":"https:\/\/www.radar-shop.eu\/de\/produkt\/radarwarner-einbauservice\/","title":{"rendered":"INDIVIDUELLER RADARWARNER EINBAUSERVICE"},"content":{"rendered":"<h1><span style=\"color: #000080;\">RADARWARNER EINBAU SERVICE\u00a0<\/span><\/h1>\n<p align=\"justify\"><strong>Professioneller Radarwarner Einbau Service<\/strong>: Bei Interesse ist der Einbau durch im Einbau dieser Ger\u00e4te erfahrene professionelle Auto-Mechaniker\/Elektriker in Heidelberg (Weitere Details finden Sie unter auch unter <a href=\"http:\/\/www.radar-auto.de\">radar-auto.de<\/a>) zeitlich sehr flexibel und diskret m\u00f6glich (in der Regel Freitag nachmittag, Wochenende). Die Einbauzeit betr\u00e4gt \u00fcblicherweise 2-5 Stunden je nach System, kann bei exotischen Autos auch etwas l\u00e4nger sein. Entsprechend variiert der Preis f\u00fcr den Einbau. In der Regel liegen die Kosten des Einbaus durch unsere erfahrene Profis zwischen 300-700\u20ac.<\/p>\n<p align=\"justify\"><strong>Der Techniker spricht mit Ihnen zuvor Ihre Einbauw\u00fcnsche und M\u00f6glichkeiten pers\u00f6nlich ab<\/strong>, so da\u00df Sie vorher einen Einblick bekommen, wie die L\u00f6sung anschlie\u00dfend aussieht. Sie k\u00f6nnten w\u00e4hrend des Einbaus die Zeit f\u00fcr eine Stadtbesichtigung nutzen. Viele Kunden freuen sich sehr \u00fcber diese M\u00f6glichkeit. Schwierigkeiten kann es nur in seltenen F\u00e4llen geben, wenn z.B. in der Fahrzeugfront nicht hinreichend Platz f\u00fcr\u00a0ist oder allein die Demontage von Karosserieteilen Stunden dauern w\u00fcrde und Spezialwerkzeug notwendig ist.<\/p>\n<p align=\"justify\">Bitte f\u00fcgen Sie bei Interesse f\u00fcr die Vermittlung f\u00fcr einen Einbau der von Ihnen bestellten Ger\u00e4te diesen Punkt mit in Ihren Warenkorb ein oder schreiben Sie uns einfach mit Angabe des gew\u00fcnschten Systems und Ihren Fahrzeuges mit Modell und Jahrgang. Wir werden Ihnen umgehend ein individuelles Einbau Angebot zu Ihrem Fahrzeug und Ger\u00e4teumfang erstellen.<\/p>\n<h2 align=\"justify\">Radarwarner Einbau Beispiele<\/h2>\n<p><iframe loading=\"lazy\" src=\"https:\/\/www.youtube.com\/embed\/YAhTynQdl8k?ecver=1\" width=\"780\" height=\"439\" frameborder=\"0\" allowfullscreen=\"allowfullscreen\"><\/iframe><\/p>\n<p><iframe loading=\"lazy\" src=\"https:\/\/www.youtube.com\/embed\/_9MutDC3w5c?ecver=1\" width=\"780\" height=\"439\" frameborder=\"0\" allowfullscreen=\"allowfullscreen\"><\/iframe><\/p>\n<p><iframe loading=\"lazy\" src=\"https:\/\/www.youtube.com\/embed\/ydaX_y56suo?ecver=1\" width=\"780\" height=\"439\" frameborder=\"0\" allowfullscreen=\"allowfullscreen\"><\/iframe><\/p>\n<p><iframe loading=\"lazy\" src=\"https:\/\/www.youtube.com\/embed\/NX5yUN2bAd8?ecver=1\" width=\"780\" height=\"439\" frameborder=\"0\" allowfullscreen=\"allowfullscreen\"><\/iframe><\/p>\n<p><iframe loading=\"lazy\" src=\"https:\/\/www.youtube.com\/embed\/l1Uagmjogv0?ecver=1\" width=\"780\" height=\"439\" frameborder=\"0\" allowfullscreen=\"allowfullscreen\"><\/iframe><\/p>\n<p><iframe loading=\"lazy\" src=\"https:\/\/www.youtube.com\/embed\/XDNiYDpsLg4?ecver=1\" width=\"780\" height=\"439\" frameborder=\"0\" allowfullscreen=\"allowfullscreen\"><\/iframe><\/p>\n<p><iframe loading=\"lazy\" src=\"https:\/\/www.youtube.com\/embed\/p_V_sDWp2kk?ecver=1\" width=\"780\" height=\"439\" frameborder=\"0\" allowfullscreen=\"allowfullscreen\"><\/iframe><\/p>\n<p><iframe loading=\"lazy\" src=\"https:\/\/www.youtube.com\/embed\/0U3DSBzId6c?ecver=1\" width=\"780\" height=\"439\" frameborder=\"0\" allowfullscreen=\"allowfullscreen\"><\/iframe><\/p>\n<p><iframe loading=\"lazy\" src=\"https:\/\/www.youtube.com\/embed\/NtM4ooiWB4c?ecver=1\" width=\"780\" height=\"439\" frameborder=\"0\" allowfullscreen=\"allowfullscreen\"><\/iframe><\/p>\n<p><iframe loading=\"lazy\" src=\"https:\/\/www.youtube.com\/embed\/fzuRxbFNzWU?ecver=1\" width=\"780\" height=\"439\" frameborder=\"0\" allowfullscreen=\"allowfullscreen\"><\/iframe><\/p>\n<p><iframe loading=\"lazy\" src=\"https:\/\/www.youtube.com\/embed\/syhjwK5g214?ecver=1\" width=\"780\" height=\"439\" frameborder=\"0\" allowfullscreen=\"allowfullscreen\"><\/iframe><\/p>\n<p><iframe loading=\"lazy\" src=\"https:\/\/www.youtube.com\/embed\/KuuVucwuMjY?ecver=1\" width=\"780\" height=\"439\" frameborder=\"0\" allowfullscreen=\"allowfullscreen\"><\/iframe><\/p>\n<p><iframe loading=\"lazy\" src=\"https:\/\/www.youtube.com\/embed\/v8111oODoDw?ecver=1\" width=\"780\" height=\"439\" frameborder=\"0\" allowfullscreen=\"allowfullscreen\"><\/iframe><\/p>\n<p><iframe loading=\"lazy\" src=\"https:\/\/www.youtube.com\/embed\/3sC3XO2CT_8?ecver=1\" width=\"780\" height=\"439\" frameborder=\"0\" allowfullscreen=\"allowfullscreen\"><\/iframe><\/p>\n<p><iframe loading=\"lazy\" src=\"https:\/\/www.youtube.com\/embed\/wvuloHyRQrQ?ecver=1\" width=\"780\" height=\"439\" frameborder=\"0\" allowfullscreen=\"allowfullscreen\"><\/iframe><\/p>\n<p><iframe loading=\"lazy\" src=\"https:\/\/www.youtube.com\/embed\/RcxnK8w23h0?ecver=1\" width=\"780\" height=\"439\" frameborder=\"0\" allowfullscreen=\"allowfullscreen\"><\/iframe><\/p>\n","protected":false},"excerpt":{"rendered":"<p><strong><span style=\"color: #000080;\">Auf Wunsch:<\/span> Radarwarner Einbau durch professionelle Kfz-Techniker bei uns in Heidelberg.<\/strong> Die Arbeiten erfolgen diskret und flexibel.\u00a0Wir arrangieren f\u00fcr Sie Angebot und\u00a0Termin. Sprechen Sie uns an &#8211; diskreter Einbau von Radarwarner und Laserst\u00f6rer ganz nach Ihren W\u00fcnschen.<\/p>\n<p>Bitte f\u00fcgen Sie bei Interesse f\u00fcr die Vermittlung f\u00fcr einen Einbau der von Ihnen bestellten Ger\u00e4te diesen Punkt mit in Ihren Warenkorb ein. Wir werden Ihnen umgehend einindividuelles Einbau Angebot passend zu Ihrem Fahrzeug und Ger\u00e4teumfang erstellen.<\/p>\n","protected":false},"featured_media":615,"comment_status":"open","ping_status":"closed","template":"","meta":[],"product_brand":[],"product_cat":[48,29],"product_tag":[],"class_list":{"0":"post-1160","1":"product","2":"type-product","3":"status-publish","4":"has-post-thumbnail","6":"product_cat-highend-radarwarner-pakete","7":"product_cat-radarwarner-einbau","9":"first","10":"instock","11":"taxable","12":"shipping-taxable","13":"purchasable","14":"product-type-simple"},"jetpack_sharing_enabled":true,"_links":{"self":[{"href":"https:\/\/www.radar-shop.eu\/de\/wp-json\/wp\/v2\/product\/1160","targetHints":{"allow":["GET"]}}],"collection":[{"href":"https:\/\/www.radar-shop.eu\/de\/wp-json\/wp\/v2\/product"}],"about":[{"href":"https:\/\/www.radar-shop.eu\/de\/wp-json\/wp\/v2\/types\/product"}],"replies":[{"embeddable":true,"href":"https:\/\/www.radar-shop.eu\/de\/wp-json\/wp\/v2\/comments?post=1160"}],"wp:featuredmedia":[{"embeddable":true,"href":"https:\/\/www.radar-shop.eu\/de\/wp-json\/wp\/v2\/media\/615"}],"wp:attachment":[{"href":"https:\/\/www.radar-shop.eu\/de\/wp-json\/wp\/v2\/media?parent=1160"}],"wp:term":[{"taxonomy":"product_brand","embeddable":true,"href":"https:\/\/www.radar-shop.eu\/de\/wp-json\/wp\/v2\/product_brand?post=1160"},{"taxonomy":"product_cat","embeddable":true,"href":"https:\/\/www.radar-shop.eu\/de\/wp-json\/wp\/v2\/product_cat?post=1160"},{"taxonomy":"product_tag","embeddable":true,"href":"https:\/\/www.radar-shop.eu\/de\/wp-json\/wp\/v2\/product_tag?post=1160"}],"curies":[{"name":"wp","href":"https:\/\/api.w.org\/{rel}","templated":true}]}}