{"id":11328,"date":"2020-03-21T16:52:42","date_gmt":"2020-03-21T14:52:42","guid":{"rendered":"https:\/\/www.radar-shop.eu\/?post_type=product&#038;p=11328"},"modified":"2022-04-12T10:37:01","modified_gmt":"2022-04-12T08:37:01","slug":"antilaser-al-priority-tx-sensor","status":"publish","type":"product","link":"https:\/\/www.radar-shop.eu\/de\/produkt\/antilaser-al-priority-tx-sensor\/","title":{"rendered":"Antilaser AL Priority TX Sensor"},"content":{"rendered":"<p>Der TX Black wurde entwickelt, um den Kunden mehr Schutz zu bieten, und verf\u00fcgt \u00fcber einen dreifachen horizontalen Sender.<br \/>\nDie Leistung ist im Vergleich zu normalen Sensoren um mehr als 50 % verbessert und st\u00f6rt auch die DragonEye Laserpistole zuverl\u00e4ssig.<\/p>\n<p>Lieferumfang:<br \/>\n* TX Black Lasersensor<br \/>\n* Anschlusskabel (4m lang)<br \/>\n* Installationszubeh\u00f6r<\/p>\n","protected":false},"excerpt":{"rendered":"<p>Der TX Black wurde entwickelt, um den Kunden mehr Schutz zu bieten, und verf\u00fcgt \u00fcber einen dreifachen horizontalen Sender. Die Leistung ist im Vergleich zu normalen Sensoren um mehr als 50 % verbessert und st\u00f6rt auch die DragonEye Laserpistole zuverl\u00e4ssig. Lieferumfang: * TX Black Lasersensor * Anschlusskabel (4m lang) * Installationszubeh\u00f6r<\/p>\n","protected":false},"featured_media":11336,"comment_status":"open","ping_status":"closed","template":"","meta":[],"product_brand":[],"product_cat":[40,45],"product_tag":[],"class_list":{"0":"post-11328","1":"product","2":"type-product","3":"status-publish","4":"has-post-thumbnail","6":"product_cat-antilaser","7":"product_cat-laserblocker-lichtschranke","9":"first","10":"instock","11":"taxable","12":"shipping-taxable","13":"purchasable","14":"product-type-simple"},"jetpack_sharing_enabled":true,"_links":{"self":[{"href":"https:\/\/www.radar-shop.eu\/de\/wp-json\/wp\/v2\/product\/11328","targetHints":{"allow":["GET"]}}],"collection":[{"href":"https:\/\/www.radar-shop.eu\/de\/wp-json\/wp\/v2\/product"}],"about":[{"href":"https:\/\/www.radar-shop.eu\/de\/wp-json\/wp\/v2\/types\/product"}],"replies":[{"embeddable":true,"href":"https:\/\/www.radar-shop.eu\/de\/wp-json\/wp\/v2\/comments?post=11328"}],"wp:featuredmedia":[{"embeddable":true,"href":"https:\/\/www.radar-shop.eu\/de\/wp-json\/wp\/v2\/media\/11336"}],"wp:attachment":[{"href":"https:\/\/www.radar-shop.eu\/de\/wp-json\/wp\/v2\/media?parent=11328"}],"wp:term":[{"taxonomy":"product_brand","embeddable":true,"href":"https:\/\/www.radar-shop.eu\/de\/wp-json\/wp\/v2\/product_brand?post=11328"},{"taxonomy":"product_cat","embeddable":true,"href":"https:\/\/www.radar-shop.eu\/de\/wp-json\/wp\/v2\/product_cat?post=11328"},{"taxonomy":"product_tag","embeddable":true,"href":"https:\/\/www.radar-shop.eu\/de\/wp-json\/wp\/v2\/product_tag?post=11328"}],"curies":[{"name":"wp","href":"https:\/\/api.w.org\/{rel}","templated":true}]}}