{"id":11153,"date":"2023-01-18T12:01:09","date_gmt":"2022-01-18T15:01:10","guid":{"rendered":"https:\/\/www.radar-shop.eu\/?post_type=product&#038;p=11153"},"modified":"2022-01-19T02:08:08","modified_gmt":"2022-01-19T00:08:08","slug":"neoline-x-cop-9300s-dashcam-radarwarner","status":"publish","type":"product","link":"https:\/\/www.radar-shop.eu\/de\/produkt\/neoline-x-cop-9300s-dashcam-radarwarner\/","title":{"rendered":"Neoline X-COP 9300s Dashcam &#038; Radarwarner"},"content":{"rendered":"<h3>Neoline X-COP 9300s ist die erste Hybrid-Dashcam der Welt, die Multa Radar CD und CT erkennt.<\/h3>\n<p><strong>DER NEUE RADARWARNER <\/strong>Neoline X-COP 9300s &#8211; Neue Multaradar Radarger\u00e4te sind in Europa weit verbreitet. Diese Radarsysteme verf\u00fcgen \u00fcber eine einzigartige Signalstruktur, f\u00fcr deren Erkennung eine bestimmte Plattform erforderlich ist. Das Neoline X-COP 9300s erkennt MultaRadar in einem speziellen M-Band und der Benutzer vor einem solchen Radar gewarnt.<\/p>\n<figure id=\"attachment_2627\" aria-describedby=\"caption-attachment-2627\" style=\"width: 300px\" class=\"wp-caption alignright\"><img loading=\"lazy\" decoding=\"async\" class=\"size-medium wp-image-2629\" src=\"https:\/\/www.radar-shop.eu\/wp-content\/uploads\/\/neoline-9100s-motion_control-300x225.png\" alt=\"neoline-9300s-motion_control\" width=\"300\" height=\"225\" srcset=\"https:\/\/www.radar-shop.eu\/wp-content\/uploads\/neoline-9100s-motion_control-300x225.png 300w, https:\/\/www.radar-shop.eu\/wp-content\/uploads\/neoline-9100s-motion_control.png 400w\" sizes=\"auto, (max-width: 300px) 100vw, 300px\" \/><figcaption id=\"caption-attachment-2627\" class=\"wp-caption-text\"><strong style=\"font-family: -apple-system, BlinkMacSystemFont, 'Segoe UI', Roboto, Oxygen-Sans, Ubuntu, Cantarell, 'Helvetica Neue', sans-serif; font-size: 16px;\">Bei der Erstellung des Neoline X-COP 9300 haben wir die gesetzlichen Beschr\u00e4nkungen verschiedener L\u00e4nder hinsichtlich der Verwendung von Radarwarner ber\u00fccksichtigt. <\/strong>Dadurch kann die Radareinheit durch einfache Handbewegung leicht getrennt werden, und das Ger\u00e4t arbeitet weiterhin als GPS-Informant. Dar\u00fcber hinaus bietet das Ger\u00e4t einen hochwirksamen Schutz gegen in Europa weit verbreitete Spectre 4 und Spectre Elite RDD-Ger\u00e4te.<\/figcaption><\/figure>\n<p><strong>Z-SIGNATURE-FILTER<\/strong> &#8211; Vermeidet Fehlalarme, insbesondere von den Sensoren f\u00fcr die tote Winkelerkennung anderer Autos. Im Gegensatz zu \u00e4hnlichen Technologien werden echte Polizeiradars nicht falsch blockiert.<\/p>\n<p>&nbsp;<\/p>\n<h3>POI BLITZERWARNUNG PER GPS<\/h3>\n<p><strong>WELTWEITE GPS-DATENBANK<\/strong> &#8211; Neoline-Ger\u00e4te verf\u00fcgen \u00fcber eine integrierte Radar- und Kameradatenbank, die Daten von mehr als einhunderttausend Radarger\u00e4ten weltweit (Europa, USA, Israel, Naher Osten, T\u00fcrkei, Australien usw.) enth\u00e4lt. Die Datenbank wird regelm\u00e4\u00dfig aktualisiert auf neoline.com. Der Neoline X-COP 9300s verf\u00fcgt \u00fcber integrierte GPS- und GLONASS-Module f\u00fcr die schnellste und genaueste Ortung.<\/p>\n<p><strong>VERKEHRSKONTROLLKAMERAS<\/strong> &#8211; Der Neoline X-COP 9300s informiert Sie \u00fcber alle Verkehrskontrollen und warnt Sie im Voraus vor folgenden Arten von Radarfallen und vermeidet unn\u00f6tiges Bu\u00dfgeld.<\/p>\n<p><strong>AUSGEZEICHNETE TAGES- UND NACHTFILMQUALIT\u00c4T<\/strong> &#8211; Leistungsstarke Ambarella-CPU, Multi-Lens-Glasoptik und ein Sony-Sensor sorgen f\u00fcr hochwertige Videoqualit\u00e4t. Ein breiter Betrachtungswinkel von 135 Grad erm\u00f6glicht vier Fahrspuren und ein Stra\u00dfenrand zu filmen. Der automatische Nachtmodus hilft, alle Details in den dunklen Bereichen der Stra\u00dfe zu sehen.<\/p>\n<p><strong>EXD PLUS-MODUL<\/strong> &#8211; Das Ger\u00e4t verf\u00fcgt \u00fcber ein integriertes, ultraschallempfindliches Modul EXD Plus, das eine maximale Entfernung der Polizeiradarerfassung in den K-, Ka- und M-B\u00e4ndern erm\u00f6glicht. Das Ger\u00e4t ist besonders wirksam im Turbo-Modus und warnt vor Radarger\u00e4ten mit geringer Leistung, die auf das Internet gerichtet sind R\u00fcckseite des Fahrzeugs, wie Gatso, Multanova 6F, Multa Radar usw.<\/p>\n<p><strong>GESTENSTEUERUNG<\/strong>\u00a0&#8211; Um die Audio- und Sprachmeldungen bei Ann\u00e4herung an das Radar auszuschalten, muss man einfach eine Hand vor den Hybridbildschirm halten. Die Motion Control-Technologie reagiert auf Gesten und schaltet den Ton innerhalb von 6 Sekunden nach Abschluss der Benachrichtigung wieder ein.<\/p>\n<h3>RADARMELDER<\/h3>\n<p><iframe loading=\"lazy\" src=\"https:\/\/www.youtube.com\/embed\/--1SZ9MMXtw\" width=\"1131\" height=\"636\" frameborder=\"0\" allowfullscreen=\"allowfullscreen\"><\/iframe><\/p>\n<p><strong>FREQUENZ SELECTION<\/strong> &#8211; Das Men\u00fc des Hybrids enth\u00e4lt eine Frequenzauswahlfunktion. Abh\u00e4ngig vom Einsatzland \u00e4ndert der Hybrid die Erkennungseinstellungen in verschiedenen Frequenzbereichen und unterdr\u00fcckt auch falsche Signale effektiver. F\u00fcr erfahrene Benutzer ist eine detaillierte Einstellung des Hybrids m\u00f6glich, einschlie\u00dflich der Abschaltung bestimmter Frequenzen innerhalb Die Bereiche K und Ka verwenden die Setup-Datei.<\/p>\n<p><strong>X-COP-MODUS<\/strong> &#8211; Der neue X-COP-Modus bietet mit der automatischen Umschaltung von Frequenzbereichen und falschen Alarmfiltern, je nach Geschwindigkeit.<\/p>\n<p><strong>K BAND-EINSTELLUNGEN<\/strong> &#8211; Erfahrene Benutzer k\u00f6nnen das K-Band auf der Grundlage der Kenntnis der Frequenzen anpassen, in denen Polizeiradars im Einsatzbereich arbeiten.<\/p>\n<ul>\n<li>Breitfrequenz von 23,900 bis 24,250 GHz &#8211; die Standardeinstellung f\u00fcr die Erkennung aller Blitzer im K-Band.<\/li>\n<li>Narrow &#8211; Frequenz von 24,050 bis 24,195 GHz &#8211; zur Verringerung der Anzahl falscher Alarme.<\/li>\n<li>Super-Narrow &#8211; Frequenz von 24,050 bis 24,125 GHz &#8211; zur Minimierung der Anzahl falscher Alarme.<\/li>\n<\/ul>\n<p><strong>AUSSCHALTEN K BAND IM STADTMODUS<\/strong> &#8211; Der Benutzer kann das K-Band im STADT-Modus ausschalten. Dies ist in gro\u00dfen St\u00e4dten n\u00fctzlich, in denen es keine mobilen Radarfallen gibt.<\/p>\n<p><strong>45 RADARTYPEN &#8211;<\/strong> Sie erhalten Info \u00fcber den Radartyp und erlaubte Geschwindigkeit f\u00fcr das Stra\u00dfensegment. Geben Sie Informationen \u00fcber die Entfernung zu einem Radar und die Durchschnittsgeschwindigkeit an. Die Datenbank umfasst 45 verschiedene Radartypen. Jedes neue Radar wird umgehend in die Datenbank aufgenommen und ist in neuen Updates verf\u00fcgbar.<\/p>\n<p>&nbsp;<\/p>\n","protected":false},"excerpt":{"rendered":"<p><strong><span class=\"dotted-product-details\"><a href=\"https:\/\/www.radar-shop.eu\/de\/radarwarner-vergleich-deutschland\/\">RADARWARNER VERGLEICH<\/a><\/span><\/strong><br \/>\n<strong>Neoline X-COP 9300s ist die erste Hybrid-Dashcam der Welt, die Multa Radar CD und CT erkennt.<\/strong><\/p>\n<ul>\n<li>HD Video mit maximaler Detailgenauigkeit bei Tag und Nacht<\/li>\n<li>Intelligenter HDR Modus<\/li>\n<li>Radarerkennung einschlie\u00dflich Multaradar MRCD \/ MRCT<\/li>\n<li>GPS mit Radar Datenbank inkl. Updates<\/li>\n<li>Hinzuf\u00fcgen \/ Entfernen von Gefahrenstellen<\/li>\n<li>Einstellung des Radius von Gefahrenstellen<\/li>\n<li>Stadt \/ Route \/ Turbo \/ \u0425-\u0421\u041e\u0420 Empfindlichkeitsmodi<\/li>\n<\/ul>\n","protected":false},"featured_media":11255,"comment_status":"open","ping_status":"closed","template":"","meta":[],"product_brand":[],"product_cat":[47,1113,194,6],"product_tag":[1114,1115,2730],"class_list":{"0":"post-11153","1":"product","2":"type-product","3":"status-publish","4":"has-post-thumbnail","6":"product_cat-gps-poi-warner","7":"product_cat-neoline-de","8":"product_cat-radarwarner-empfehlungen","9":"product_cat-radarwarner-mobil","10":"product_tag-dashcam-de","11":"product_tag-dvr-de","12":"product_tag-neoline-x-cop-9300-de","14":"first","15":"instock","16":"sale","17":"taxable","18":"shipping-taxable","19":"purchasable","20":"product-type-simple"},"jetpack_sharing_enabled":true,"_links":{"self":[{"href":"https:\/\/www.radar-shop.eu\/de\/wp-json\/wp\/v2\/product\/11153","targetHints":{"allow":["GET"]}}],"collection":[{"href":"https:\/\/www.radar-shop.eu\/de\/wp-json\/wp\/v2\/product"}],"about":[{"href":"https:\/\/www.radar-shop.eu\/de\/wp-json\/wp\/v2\/types\/product"}],"replies":[{"embeddable":true,"href":"https:\/\/www.radar-shop.eu\/de\/wp-json\/wp\/v2\/comments?post=11153"}],"wp:featuredmedia":[{"embeddable":true,"href":"https:\/\/www.radar-shop.eu\/de\/wp-json\/wp\/v2\/media\/11255"}],"wp:attachment":[{"href":"https:\/\/www.radar-shop.eu\/de\/wp-json\/wp\/v2\/media?parent=11153"}],"wp:term":[{"taxonomy":"product_brand","embeddable":true,"href":"https:\/\/www.radar-shop.eu\/de\/wp-json\/wp\/v2\/product_brand?post=11153"},{"taxonomy":"product_cat","embeddable":true,"href":"https:\/\/www.radar-shop.eu\/de\/wp-json\/wp\/v2\/product_cat?post=11153"},{"taxonomy":"product_tag","embeddable":true,"href":"https:\/\/www.radar-shop.eu\/de\/wp-json\/wp\/v2\/product_tag?post=11153"}],"curies":[{"name":"wp","href":"https:\/\/api.w.org\/{rel}","templated":true}]}}