{"id":10330,"date":"2019-07-01T17:28:52","date_gmt":"2019-07-01T15:28:52","guid":{"rendered":"https:\/\/www.radar-shop.eu\/product\/lasertrack-flare\/"},"modified":"2026-01-06T06:05:28","modified_gmt":"2026-01-06T04:05:28","slug":"lasertrack-flare","status":"publish","type":"product","link":"https:\/\/www.radar-shop.eu\/de\/produkt\/lasertrack-flare\/","title":{"rendered":"Lasertrack Flare"},"content":{"rendered":"<h3>LASERTRACK FLARE: DIE ULTIMATIVE WAFFE GEGEN LASERKONTROLLEN<\/h3>\n<div><img loading=\"lazy\" decoding=\"async\" class=\"alignright size-medium wp-image-4130\" src=\"https:\/\/www.radar-shop.eu\/wp-content\/uploads\/\/Lasertrack-flare-jammer-300x197.jpg\" alt=\"\" width=\"300\" height=\"197\" srcset=\"https:\/\/www.radar-shop.eu\/wp-content\/uploads\/Lasertrack-flare-jammer-300x197.jpg 300w, https:\/\/www.radar-shop.eu\/wp-content\/uploads\/Lasertrack-flare-jammer-360x235.jpg 360w, https:\/\/www.radar-shop.eu\/wp-content\/uploads\/Lasertrack-flare-jammer.jpg 479w\" sizes=\"auto, (max-width: 300px) 100vw, 300px\" \/><\/div>\n<div><strong>LaserTrack Flare: die ultimative Waffe g<\/strong><strong>egen Laserkanonen<\/strong>\u00a0LaserTrack Flare ist eine innovative multifunktionale Fernbedienung, kombiniert mit der fortschrittlichsten Laserschnellfangschutz-Technologie, die Ihnen als Anwender viele Vorteile bietet. Als Fernbedienung darf der LaserTrack Flare \u00fcberall auf der Welt eingesetzt werden, w\u00e4hrend Sie in L\u00e4ndern, in denen der Laser-Geschwindigkeitsfallenschutz nicht erlaubt ist, diesen einfach \u00fcber unsere Webanwendung abschalten k\u00f6nnen.<\/div>\n<div><\/div>\n<div>Auf diese Weise kann es keine Missverst\u00e4ndnisse \u00fcber die Art und Weise geben, wie Sie Ihren LaserTrack Flare verwenden.<\/div>\n<div><\/div>\n<div>\n<ul>\n<li>Nur als Fernbedienung: weltweit legal<\/li>\n<li>Als Fernbedienung in Kombination mit Lasererkennung: Konsultieren Sie Ihre nationale Gesetzgebung*<\/li>\n<li>Als Fernbedienung in Kombination mit Laserschutz: Konsultieren Sie Ihre nationale Gesetzgebung*<\/li>\n<\/ul>\n<\/div>\n<div><\/div>\n<h3>DIE EINZIGARTIGEN MERKMALE DES LASER TRACK FLARE AUF EINEN BLICK:<\/h3>\n<div><\/div>\n<div><strong>FERNSTEUERUNG, WO ERFORDERLICH<\/strong> Eine vollautomatische Fernsteuerung f\u00fcr alle Marken von elektrischen Toren, Garagentoren und Au\u00dfenbeleuchtungen. Bis zu 50 Fahrzeuge haben Zugang zu jedem Tor oder jeder T\u00fcr. Alle mit ihrem eigenen einzigartigen Sicherheitscode. Durchschnittliche Reichweite bei klarer Sicht: &gt; 100 Meter.<\/div>\n<div><\/div>\n<div><strong>LASERSCHUTZ, WO ERLAUBT<\/strong> Wenn es in Ihrem Land erlaubt ist, kann LaserTrack Flare online so programmiert werden, dass es einen vollst\u00e4ndigen und unsichtbaren (verdeckten) Schutz gegen alle in Europa verwendeten Polizeilaserwaffen bietet.<\/div>\n<div><\/div>\n<div><strong>APR: DER NEUE STANDARD IM STEALTH-BEREICH<\/strong> Mit LaserTrack Flare stellen wir eine Weltneuheit auf dem Gebiet des unsichtbaren Schutzes vor Laserwaffen vor: Genaue Pulsr\u00fcckkehr. Schleichendes Einklemmen, ohne eingeklemmten Code im Display der Laserkanone, wie es die meisten Hersteller bereits tun. Mit APR gehen wir einen ganzen Schritt weiter. Moderne Laserkanonen zeigen nun bei Messversuchen von Fahrzeugen, die mit LaserTrack Flare ausger\u00fcstet sind, kein abweichendes Schallmuster mehr an. Stealth wie Stealth sein sollte!<\/div>\n<div><\/div>\n<div><strong>LEGALE NUTZUNG UND BESITZ<\/strong> Keine rechtlichen Fragen. Als Fernsteuerung ist LaserTrack Flare weltweit v\u00f6llig legal. Durch Dr\u00fccken und Halten einer einzelnen Taste auf dem Display werden die Werkseinstellungen wiederhergestellt und nur die Fernbedienungsfunktion bleibt aktiv.<\/div>\n<div><\/div>\n<div><strong>PROGRAMMIERUNG UND AKTUALISIERUNG<\/strong> Vollst\u00e4ndig programmierbar und aktualisierbar auf unserer Webschnittstelle.<\/div>\n<div><\/div>\n<div><strong>UNSICHTBARE INSTALLATION, SCHNELL UND EXTREM FORTSCHRITTLICH<\/strong> V\u00f6llig unsichtbare Integration von Transpondern innerhalb des Nummernschildrahmens (verf\u00fcgbar ab M\u00e4rz 2018). Die extrem kleinen und robusten Transponder verf\u00fcgen jeweils \u00fcber einen eigenen 32bit-180MHz-Prozessor f\u00fcr herausragende Leistung und h\u00f6chste Zuverl\u00e4ssigkeit unter schwersten Bedingungen. Die fortschrittlichen Linsensysteme mit IR-Passfiltern f\u00fcr die Transponder werden in Zusammenarbeit mit f\u00fchrenden Optikspezialisten entwickelt. Die Linsen garantieren eine maximale Verst\u00e4rkung des einfallenden Lichts und einen grossen \u00d6ffnungswinkel. Dies f\u00fchrt in Kombination mit der h\u00f6chsten elektronischen Verst\u00e4rkung in der Industrie zu einem neuen Standard in der Empfindlichkeit. Die minimale Anzeige von LaserTrack Flare, wiederum die mit Abstand kleinste ihrer Art, sorgt f\u00fcr rechtzeitige akustische und visuelle Warnungen in Ihrem Auto und ist neutral, aber dennoch stilvoll gestaltet. Optional kann das Display auch v\u00f6llig unsichtbar in einem vorhandenen Platz im Armaturenbrett positioniert werden.<\/div>\n<div><\/div>\n<h3>EINFACHE UND ZUVERL\u00c4SSIGE INSTALLATION DURCH UNSERE H\u00c4NDLER:<\/h3>\n<div><\/div>\n<div><strong>DER IR-KAMERA-TESTER<\/strong> Die korrekte Ausrichtung von Lasertranspondern ist entscheidend f\u00fcr ihren zuverl\u00e4ssigen Betrieb. Standardm\u00e4\u00dfig wird die Ausrichtung in der Laserindustrie mit einer Wasserwaage vorgenommen. Die Erfahrung zeigt, dass daraus keine Garantie abgeleitet werden kann. Aus diesem Grund haben wir den Infrarotkamera-Tester entwickelt. Dieser macht das Infrarot-Lichtbild des Transponders auf einem Laptop-Bildschirm zur korrekten Ausrichtung sichtbar. Sowohl vertikal als auch horizontal. Fahren Sie von nun an immer mit perfekt ausgerichteten Transpondern: ein entspanntes Gef\u00fchl. Die LaserTrack Flare-Transponder nutzen ein Netzwerk-Protokoll und sind miteinander verbunden. Dadurch sind sie wirklich einfach zu installieren, da pro Transpondergruppe nur ein Kabel durch die Firewall des Fahrzeugs gef\u00fchrt werden muss. Dies spart eine erhebliche Menge an Zeit und Kosten.<\/div>\n<div><\/div>\n<div>LEBENSLANGE GARANTIE Die Geh\u00e4use der LaserTrack-Transponder werden in einem thermischen Automobilgussverfahren f\u00fcr h\u00f6chste Zuverl\u00e4ssigkeit unter extremen Bedingungen hergestellt. Als einziger Laserhersteller der Welt garantieren wir f\u00fcr unsere Transponder eine lebenslange Garantie auf Wassereintritt*. * Transponder, die modifiziert wurden, oder Transponder, die schwere physische Sch\u00e4den aufweisen, sind von dieser Garantie ausgeschlossen.<\/div>\n<h3>Laserblocker Vergleich<\/h3>\n<figure id=\"attachment_4145\" aria-describedby=\"caption-attachment-4145\" style=\"width: 980px\" class=\"wp-caption aligncenter\"><img loading=\"lazy\" decoding=\"async\" class=\"wp-image-4145 size-large\" src=\"https:\/\/www.radar-shop.eu\/wp-content\/uploads\/\/Laserjammer-Vergleich-1024x372.png\" alt=\"\" width=\"980\" height=\"356\" srcset=\"https:\/\/www.radar-shop.eu\/wp-content\/uploads\/Laserjammer-Vergleich-1024x372.png 1024w, https:\/\/www.radar-shop.eu\/wp-content\/uploads\/Laserjammer-Vergleich-300x109.png 300w, https:\/\/www.radar-shop.eu\/wp-content\/uploads\/Laserjammer-Vergleich-768x279.png 768w, https:\/\/www.radar-shop.eu\/wp-content\/uploads\/Laserjammer-Vergleich-1536x558.png 1536w, https:\/\/www.radar-shop.eu\/wp-content\/uploads\/Laserjammer-Vergleich-555x202.png 555w, https:\/\/www.radar-shop.eu\/wp-content\/uploads\/Laserjammer-Vergleich.png 1600w\" sizes=\"auto, (max-width: 980px) 100vw, 980px\" \/><figcaption id=\"caption-attachment-4145\" class=\"wp-caption-text\">Laserjammer Vergleich: Antilaser Priority &#8211; Stinger Laser &#8211; Lasertrack Flare<\/figcaption><\/figure>\n<p>LaserTrack Flare ist die innovativste Fernsteuerung und der leistungsst\u00e4rkste Laserschutz aller Zeiten. Dar\u00fcber hinaus ist LaserTrack Flare wesentlich kleiner als alle bisherigen Systeme und l\u00e4sst sich einfach, zuverl\u00e4ssig und nahezu unsichtbar in jedem Auto installieren.<\/p>\n","protected":false},"excerpt":{"rendered":"<p><strong>Basic Set, bestehend aus:<\/strong><\/p>\n<ul>\n<li>Main Unit (Steuereinheit)<\/li>\n<li>Display f\u00fcr f\u00fcr visuelle &amp; audible Alarme<\/li>\n<li>kompette Verkabelung zur Installation<\/li>\n<li>1x Sensor Transponder<\/li>\n<\/ul>\n","protected":false},"featured_media":4154,"comment_status":"open","ping_status":"closed","template":"","meta":[],"product_brand":[],"product_cat":[45,194,41],"product_tag":[2705,2706],"class_list":{"0":"post-10330","1":"product","2":"type-product","3":"status-publish","4":"has-post-thumbnail","6":"product_cat-laserblocker-lichtschranke","7":"product_cat-radarwarner-empfehlungen","8":"product_cat-track-technologies-target","9":"product_tag-laser-jammer-de","10":"product_tag-laser-track-flare-de","12":"first","13":"instock","14":"sale","15":"taxable","16":"shipping-taxable","17":"purchasable","18":"product-type-simple"},"jetpack_sharing_enabled":true,"_links":{"self":[{"href":"https:\/\/www.radar-shop.eu\/de\/wp-json\/wp\/v2\/product\/10330","targetHints":{"allow":["GET"]}}],"collection":[{"href":"https:\/\/www.radar-shop.eu\/de\/wp-json\/wp\/v2\/product"}],"about":[{"href":"https:\/\/www.radar-shop.eu\/de\/wp-json\/wp\/v2\/types\/product"}],"replies":[{"embeddable":true,"href":"https:\/\/www.radar-shop.eu\/de\/wp-json\/wp\/v2\/comments?post=10330"}],"wp:featuredmedia":[{"embeddable":true,"href":"https:\/\/www.radar-shop.eu\/de\/wp-json\/wp\/v2\/media\/4154"}],"wp:attachment":[{"href":"https:\/\/www.radar-shop.eu\/de\/wp-json\/wp\/v2\/media?parent=10330"}],"wp:term":[{"taxonomy":"product_brand","embeddable":true,"href":"https:\/\/www.radar-shop.eu\/de\/wp-json\/wp\/v2\/product_brand?post=10330"},{"taxonomy":"product_cat","embeddable":true,"href":"https:\/\/www.radar-shop.eu\/de\/wp-json\/wp\/v2\/product_cat?post=10330"},{"taxonomy":"product_tag","embeddable":true,"href":"https:\/\/www.radar-shop.eu\/de\/wp-json\/wp\/v2\/product_tag?post=10330"}],"curies":[{"name":"wp","href":"https:\/\/api.w.org\/{rel}","templated":true}]}}