{"id":1602,"date":"2018-06-05T09:41:17","date_gmt":"2018-06-05T09:41:17","guid":{"rendered":"https:\/\/www.radar-shop.eu\/?page_id=1602"},"modified":"2018-06-05T09:41:17","modified_gmt":"2018-06-05T09:41:17","slug":"datenschutz","status":"publish","type":"page","link":"https:\/\/www.radar-shop.eu\/de\/datenschutz\/","title":{"rendered":"Datenschutz"},"content":{"rendered":"<p><b><strong>Datenschutz, Erhebung, Verarbeitung und Nutzung von pers\u00f6nlichen Informationen unserer Kunden<\/strong><\/b><\/p>\n<p>Informationen \u00fcber Art, Umfang, Ort und Zweck der Erhebung, Verarbeitung und Nutzung der f\u00fcr die Ausf\u00fchrung von Bestellungen erforderlichen personenbezogenen Daten durch radar-shop.eu befindet sich in der Datenschutzerkl\u00e4rung.<\/p>\n<p style=\"text-align: center;\"><a title=\"\" href=\"https:\/\/www.radar-shop.eu\/wp-content\/uploads\/Datenschutzerklaerung-DGSVO-RSAutomotiveVertriebsGmbHCoKG.pdf\">Link zu unserer Datenschutzerkl\u00e4rung gem\u00e4\u00df DSGVO<\/a><\/p>\n<p>Der Besteller ist \u00fcber Art, Umfang, Ort und Zweck der Erhebung, Verarbeitung und Nutzung der f\u00fcr die Ausf\u00fchrung von Bestellungen erforderlichen personenbezogenen Daten durch radar-shop unterrichtet worden. Der Besteller stimmt dieser Erhebung, Verarbeitung und Nutzung personenbezogener Daten ausdr\u00fccklich zu.<\/p>\n<p>Wir weisen darauf hin, dass die Daten\u00fcbertragung im Internet (z.B. bei der Kommunikation per E-Mail) Sicherheitsl\u00fccken aufweisen kann. Ein l\u00fcckenloser Schutz der Daten vor dem Zugriff durch Dritte ist nicht m\u00f6glich. Eine Vertraulichkeit im Hinblick auf die Datenschutzbestimmungen wird unter der hier abgegebenen\u00a0<a title=\"\" href=\"http:\/\/www.radar-shop.com\/out\/pictures\/wysiwigpro\/Datenschutzerklaerung-DGSVO-RSAutomotiveVertriebsGmbHCoKG.pdf\">Datenschutzerkl\u00e4rung gem\u00e4\u00df DGSVO<\/a>\u00a0(EU Directive 2016\/679) abgeben.<\/p>\n<p>Eine Vertraulichkeit im Hinblick auf die Datenschutzbestimmungen wird nur unter der vorstehenden Einschr\u00e4nkung gew\u00e4hrleistet. Insbesondere sollen alle Mitteilungen von personenbezogenen Daten \u00fcber das Internet nur erfolgen, soweit nicht Rechte Dritter ber\u00fchrt werden. Es sei denn der Dritte hat in Kenntnis der vorstehenden Sicherheitsl\u00fccken ebenfalls seine Zustimmung erkl\u00e4rt. Eine Haftung des Seitenbetreibers wird f\u00fcr die durch solche Sicherheitsl\u00fccken entstehenden Sch\u00e4den oder Unterlassungsanspr\u00fcche ausgeschlossen.<\/p>\n","protected":false},"excerpt":{"rendered":"<p>Datenschutz, Erhebung, Verarbeitung und Nutzung von pers\u00f6nlichen Informationen unserer Kunden Informationen \u00fcber Art, Umfang, Ort und Zweck der Erhebung, Verarbeitung und Nutzung der f\u00fcr die Ausf\u00fchrung von Bestellungen erforderlichen personenbezogenen Daten durch radar-shop.eu befindet sich in der Datenschutzerkl\u00e4rung. Link zu unserer Datenschutzerkl\u00e4rung gem\u00e4\u00df DSGVO Der Besteller ist \u00fcber Art, Umfang, Ort und Zweck der Erhebung, [&hellip;]<\/p>\n","protected":false},"author":1,"featured_media":0,"parent":0,"menu_order":0,"comment_status":"closed","ping_status":"closed","template":"","meta":{"footnotes":""},"yst_prominent_words":[554,547,545,501,519,548,544,498,504,549,550,552,555,553,503,512,502,551,546,511],"class_list":["post-1602","page","type-page","status-publish","hentry"],"jetpack_sharing_enabled":true,"_links":{"self":[{"href":"https:\/\/www.radar-shop.eu\/de\/wp-json\/wp\/v2\/pages\/1602","targetHints":{"allow":["GET"]}}],"collection":[{"href":"https:\/\/www.radar-shop.eu\/de\/wp-json\/wp\/v2\/pages"}],"about":[{"href":"https:\/\/www.radar-shop.eu\/de\/wp-json\/wp\/v2\/types\/page"}],"author":[{"embeddable":true,"href":"https:\/\/www.radar-shop.eu\/de\/wp-json\/wp\/v2\/users\/1"}],"replies":[{"embeddable":true,"href":"https:\/\/www.radar-shop.eu\/de\/wp-json\/wp\/v2\/comments?post=1602"}],"version-history":[{"count":0,"href":"https:\/\/www.radar-shop.eu\/de\/wp-json\/wp\/v2\/pages\/1602\/revisions"}],"wp:attachment":[{"href":"https:\/\/www.radar-shop.eu\/de\/wp-json\/wp\/v2\/media?parent=1602"}],"wp:term":[{"taxonomy":"yst_prominent_words","embeddable":true,"href":"https:\/\/www.radar-shop.eu\/de\/wp-json\/wp\/v2\/yst_prominent_words?post=1602"}],"curies":[{"name":"wp","href":"https:\/\/api.w.org\/{rel}","templated":true}]}}